{"id":610,"date":"2022-03-18T10:48:34","date_gmt":"2022-03-18T10:48:34","guid":{"rendered":"https:\/\/koma.zgora.pl\/en\/?page_id=610"},"modified":"2026-04-21T09:02:19","modified_gmt":"2026-04-21T07:02:19","slug":"optima","status":"publish","type":"page","link":"https:\/\/koma.zgora.pl\/en\/palniki-gazowe\/serie\/optima\/","title":{"rendered":"Optima Roofing Torches"},"content":{"rendered":"\n<div class=\"et_pb_section_0 et_pb_section et_pb_fullwidth_section et_section_regular et_block_section\"><div class=\"et_pb_fullwidth_slider_0 et_pb_slider et_pb_module\"><div class=\"et_pb_slides\"><div class=\"et_pb_slide_0 et_pb_slide et_pb_media_alignment_center et_pb_bg_layout_dark et_pb_text_align_center et-pb-has-background-video et_pb_preload\" data-slide-id=\"divi\/slide-0\"><span class=\"et-pb-background-video\"><video autoplay loop playsinline muted><source type=\"video\/mp4\" src=\"https:\/\/koma.zgora.pl\/en\/wp-content\/uploads\/2022\/05\/palniki-gazowe-uniwersalne-KOMA-Optima.mp4\" \/><\/video><\/span><div class=\"et_pb_container\"><div class=\"et_pb_slider_container_inner\"><div class=\"et_pb_slide_description\"><\/div><\/div><\/div><\/div><\/div><\/div><\/div><div class=\"et_pb_section_1 et_pb_section et_section_regular et_block_section\"><div class=\"et_pb_row_0 et_pb_row et_block_row\"><div class=\"et_pb_column_0 et_pb_column et_pb_column_4_4 et-last-child et_block_column et_pb_css_mix_blend_mode_passthrough\"><div class=\"et_pb_text_0 et_pb_text et_pb_bg_layout_light et_pb_module et_block_module\"><div class=\"et_pb_text_inner\"><h1 class=\"elementor-heading-title elementor-size-default\" style=\"text-align: center;\">OPTIMA - THE BASIC LINE OF KOMA BURNERS<\/h1>\n<\/div><\/div><div class=\"et_pb_text_1 et_pb_text et_pb_bg_layout_light et_pb_module et_block_module\"><div class=\"et_pb_text_inner\"><p class=\"elementor-heading-title elementor-size-default\" style=\"text-align: center;\">The OPTIMA line is characterised by a simple design, while maintaining the full functionality and reliability of the equipment.<\/p>\n<\/div><\/div><div class=\"et_pb_divider_0 et_pb_divider et_pb_space et_pb_divider_position_top et_pb_module\"><div class=\"et_pb_divider_internal\"><\/div><\/div><\/div><\/div><div class=\"et_pb_row_1 et_pb_row et_block_row\"><div class=\"et_pb_column_1 et_pb_column et_pb_column_4_4 et-last-child et_block_column et_pb_css_mix_blend_mode_passthrough\"><div class=\"et_pb_text_2 et_pb_text et_pb_bg_layout_light et_pb_module et_block_module\"><div class=\"et_pb_text_inner\"><h2 class=\"elementor-widget-container\" style=\"text-align: center;\">Single nozzle burner - PJ-OPT<\/h2>\n<\/div><\/div><\/div><\/div><div class=\"et_pb_row_2 et_pb_row et_block_row\"><div class=\"et_pb_column_2 et_pb_column et_pb_column_1_3 et_block_column et_pb_css_mix_blend_mode_passthrough\"><div class=\"et_pb_image_0 et_pb_image et_pb_module et_block_module\"><a href=\"https:\/\/koma.zgora.pl\/en\/wp-content\/uploads\/2022\/03\/palnik-jednodyszowy-koma-optima.jpeg\" class=\"et_pb_lightbox_image\" alt=\"Single nozzle burner - PJ-OPT\"><span class=\"et_pb_image_wrap\"><img loading=\"lazy\" decoding=\"async\" src=\"https:\/\/koma.zgora.pl\/en\/wp-content\/uploads\/2022\/03\/palnik-jednodyszowy-koma-optima.jpeg\" width=\"2027\" height=\"858\" srcset=\"https:\/\/koma.zgora.pl\/en\/wp-content\/uploads\/2022\/03\/palnik-jednodyszowy-koma-optima.jpeg 2027w, https:\/\/koma.zgora.pl\/en\/wp-content\/uploads\/2022\/03\/palnik-jednodyszowy-koma-optima-1280x542.jpeg 1280w, https:\/\/koma.zgora.pl\/en\/wp-content\/uploads\/2022\/03\/palnik-jednodyszowy-koma-optima-980x415.jpeg 980w, https:\/\/koma.zgora.pl\/en\/wp-content\/uploads\/2022\/03\/palnik-jednodyszowy-koma-optima-480x203.jpeg 480w\" sizes=\"(min-width: 0px) and (max-width: 480px) 480px, (min-width: 481px) and (max-width: 980px) 980px, (min-width: 981px) and (max-width: 1280px) 1280px, (min-width: 1281px) 2027px, 100vw\" class=\"wp-image-653\" title=\"Single nozzle burner - PJ-OPT\" alt=\"Single nozzle burner - PJ-OPT\" \/><\/span><\/a><\/div><\/div><div class=\"et_pb_column_3 et_pb_column et_pb_column_1_3 et_block_column et_pb_css_mix_blend_mode_passthrough\"><div class=\"et_pb_text_3 et_pb_text et_pb_bg_layout_light et_pb_module et_block_module\"><div class=\"et_pb_text_inner\"><div class=\"elementor-element elementor-element-d7c4f82 elementor-widget elementor-widget-text-editor\" data-id=\"d7c4f82\" data-element_type=\"widget\" data-widget_type=\"text-editor.default\">\n<p class=\"elementor-widget-container\">The burners of the Optima line include a 5 m Optima hose (21.8 LH, G3\/8LH), which connects directly to the gas cylinder. The 50mm diameter diffuser and burner connector is made of stainless steel. Handle with one knob. The robust plastic of which it is made is characterised by high resistance to mechanical damage and high temperatures. The burners are suitable for jobs that do not require long hours of use, e.g. weeding, defrosting floors, lighting the oven and others.<\/p>\n<\/div>\n<\/div><\/div><\/div><div class=\"et_pb_column_4 et_pb_column et_pb_column_1_3 et-last-child et_block_column et_pb_css_mix_blend_mode_passthrough\"><div class=\"et_pb_text_4 et_pb_text et_pb_bg_layout_light et_pb_module et_block_module\"><div class=\"et_pb_text_inner\"><p>- connector length <strong>200 mm \u00f7 700 mm<\/strong><br \/>- diffuser - <strong>\u2205 50 mm<\/strong><\/p>\n<\/div><\/div><\/div><\/div><div class=\"et_pb_row_3 et_pb_row et_block_row\"><div class=\"et_pb_column_5 et_pb_column et_pb_column_4_4 et-last-child et_block_column et_pb_css_mix_blend_mode_passthrough\"><div class=\"et_pb_divider_1 et_pb_divider et_pb_space et_pb_divider_position_top et_pb_module\"><div class=\"et_pb_divider_internal\"><\/div><\/div><div class=\"et_pb_text_5 et_pb_text et_pb_bg_layout_light et_pb_module et_block_module\"><div class=\"et_pb_text_inner\"><h2 class=\"elementor-widget-container\" style=\"text-align: center;\">Cyclone burner - PC-OPT<\/h2>\n<\/div><\/div><\/div><\/div><div class=\"et_pb_row_4 et_pb_row et_block_row\"><div class=\"et_pb_column_6 et_pb_column et_pb_column_1_3 et_block_column et_pb_css_mix_blend_mode_passthrough\"><div class=\"et_pb_image_1 et_pb_image et_pb_module et_block_module\"><a href=\"https:\/\/koma.zgora.pl\/en\/wp-content\/uploads\/2022\/03\/palnik-cyklonowy-koma-optima.jpeg\" class=\"et_pb_lightbox_image\" alt=\"Cyclone burner - PC-OPT\"><span class=\"et_pb_image_wrap\"><img loading=\"lazy\" decoding=\"async\" src=\"https:\/\/koma.zgora.pl\/en\/wp-content\/uploads\/2022\/03\/palnik-cyklonowy-koma-optima.jpeg\" width=\"2027\" height=\"704\" srcset=\"https:\/\/koma.zgora.pl\/en\/wp-content\/uploads\/2022\/03\/palnik-cyklonowy-koma-optima.jpeg 2027w, https:\/\/koma.zgora.pl\/en\/wp-content\/uploads\/2022\/03\/palnik-cyklonowy-koma-optima-1280x445.jpeg 1280w, https:\/\/koma.zgora.pl\/en\/wp-content\/uploads\/2022\/03\/palnik-cyklonowy-koma-optima-980x340.jpeg 980w, https:\/\/koma.zgora.pl\/en\/wp-content\/uploads\/2022\/03\/palnik-cyklonowy-koma-optima-480x167.jpeg 480w\" sizes=\"(min-width: 0px) and (max-width: 480px) 480px, (min-width: 481px) and (max-width: 980px) 980px, (min-width: 981px) and (max-width: 1280px) 1280px, (min-width: 1281px) 2027px, 100vw\" class=\"wp-image-654\" title=\"Cyclone burner - PC-OPT\" alt=\"Cyclone burner - PC-OPT\" \/><\/span><\/a><\/div><\/div><div class=\"et_pb_column_7 et_pb_column et_pb_column_1_3 et_block_column et_pb_css_mix_blend_mode_passthrough\"><div class=\"et_pb_text_6 et_pb_text et_pb_bg_layout_light et_pb_module et_block_module\"><div class=\"et_pb_text_inner\"><div class=\"elementor-element elementor-element-f3e9aa4 elementor-widget elementor-widget-text-editor\" data-id=\"f3e9aa4\" data-element_type=\"widget\" data-widget_type=\"text-editor.default\">\n<p>The hand-held cyclone torch is used for soft and hard soldering of copper installation components as well as other soldering work. The torch connector and diffuser are made of stainless steel and brass. The set includes a 3 m hose (W 21.8 LH G3\/8 LH). Handle with one knob. The robust plastic of which it is made is characterised by its high resistance to mechanical damage and high temperatures.<\/p>\n<\/div>\n<\/div><\/div><\/div><div class=\"et_pb_column_8 et_pb_column et_pb_column_1_3 et-last-child et_block_column et_pb_css_mix_blend_mode_passthrough\"><div class=\"et_pb_text_7 et_pb_text et_pb_bg_layout_light et_pb_module et_block_module\"><div class=\"et_pb_text_inner\"><p>- Choice of cyclonic diffuser:<br \/><strong>- \u2205 12, \u2205 14, \u2205 17, \u2205 20<\/strong><br \/>- Heat output at diffuser:<br \/><strong>- \u220512 - 2.5 kW,<\/strong><br \/><strong>- \u220514 - 3 kW,<\/strong><br \/><strong>- \u220517 - 4.5 kW,<\/strong><br \/><strong>- \u220520 - 6.5 kW<\/strong><\/p>\n<\/div><\/div><\/div><\/div><div class=\"et_pb_row_5 et_pb_row et_block_row\"><div class=\"et_pb_column_9 et_pb_column et_pb_column_4_4 et-last-child et_block_column et_pb_css_mix_blend_mode_passthrough\"><div class=\"et_pb_divider_2 et_pb_divider et_pb_space et_pb_divider_position_top et_pb_module\"><div class=\"et_pb_divider_internal\"><\/div><\/div><div class=\"et_pb_toggle_0 et_pb_toggle et_pb_toggle_item et_pb_toggle_open et_pb_module et_block_module\"><h5 class=\"et_pb_toggle_title\">Nasze Palniki<\/h5><div class=\"et_pb_toggle_content clearfix\"><h5>\u00a0<\/h5>\n<h5>Seria Podstawowa:<\/h5>\n<p>&nbsp;<\/p>\n<p><strong><a href=\"https:\/\/koma.zgora.pl\/en\/palniki-gazowe\/serie\/optima\/\">OPTIMA<\/a><\/strong><\/p>\n<p>&nbsp;<\/p>\n<h5>Serie Profesjonalne:<\/h5>\n<p>&nbsp;<\/p>\n<p><strong><a href=\"https:\/\/koma.zgora.pl\/en\/palniki-gazowe\/serie\/koma\/\">KOMA<\/a><\/strong><\/p>\n<p><strong><a href=\"https:\/\/koma.zgora.pl\/en\/palniki-gazowe\/serie\/koma-plus\/\">KOMA PLUS<\/a><\/strong><\/p>\n<p><strong><a href=\"https:\/\/koma.zgora.pl\/en\/palniki-gazowe\/serie\/koma-plus-tytan\/\">KOMA PLUS TYTAN<\/a><\/strong><\/p>\n<p>&nbsp;<\/p>\n<p>&nbsp;<\/p>\n<p><strong>Wed\u0142ug u\u017cycia<\/strong><\/p>\n<p><a href=\"https:\/\/koma.zgora.pl\/en\/palniki-gazowe\/do-papy-termozgrzewalnej\/\">Palnik do papy<\/a><\/p>\n<p><a href=\"https:\/\/koma.zgora.pl\/en\/palniki-gazowe\/propan-butan-do-butli\/\">Palnik dekarski propan butan na butl\u0119<\/a><\/p>\n<p><a href=\"https:\/\/koma.zgora.pl\/en\/palniki-gazowe\/do-obrobek-dekarskich\/\">Palnik do obr\u00f3bek dekarskich<\/a><\/p>\n<p><a href=\"https:\/\/koma.zgora.pl\/en\/palniki-gazowe\/tytanowy\/\">Palnik tytanowy<\/a><\/p>\n<p><a href=\"https:\/\/koma.zgora.pl\/en\/palniki-gazowe\/do-lutowania\/\">Palnik gazowy do lutowania<\/a><\/p>\n<p><a href=\"https:\/\/koma.zgora.pl\/en\/palniki-gazowe\/turbo\/\">Palnik turbo<\/a><\/p>\n<p><a href=\"https:\/\/koma.zgora.pl\/en\/palniki-gazowe\/do-zakladek\/\">Palnik do zak\u0142adek<\/a><\/p>\n<p><a href=\"https:\/\/koma.zgora.pl\/en\/palniki-gazowe\/o-szerokim-zasiegu-plomienia\/\">Palnik o szerokim zasi\u0119gu p\u0142omienia<\/a><\/p>\n<p><a href=\"https:\/\/koma.zgora.pl\/en\/palniki-gazowe\/na-kolkach\/\">Palnik gazowy na k\u00f3\u0142kach<\/a><\/p>\n<p><a href=\"https:\/\/koma.zgora.pl\/en\/przemysl-miesny\/inne\/palnik-do-odkazania\/\">Palnik do odka\u017cania<\/a><\/p>\n<p><a href=\"https:\/\/koma.zgora.pl\/en\/palniki-gazowe\/do-wypalania-chwastow\/\">Palnik do wypalania chwast\u00f3w<\/a><\/p>\n<p><a href=\"https:\/\/koma.zgora.pl\/en\/palniki-gazowe\/jednodyszowe\/\">Palnik jednodyszowy<\/a><\/p>\n<p><a href=\"https:\/\/koma.zgora.pl\/en\/palniki-gazowe\/dwudyszowe\/\">Palnik dwudyszowy<\/a><\/p>\n<p><a href=\"https:\/\/koma.zgora.pl\/en\/palniki-gazowe\/trzydyszowe\/\">Palnik trzydyszowy<\/a><\/p>\n<p><a href=\"https:\/\/koma.zgora.pl\/en\/palniki-gazowe\/czterodyszowe\/\">Palnik czterodyszowy<\/a><\/p>\n<p><a href=\"https:\/\/koma.zgora.pl\/en\/palniki-gazowe\/uniwersalny\/\">Palnik uniwersalny<\/a><\/p>\n<p><a href=\"https:\/\/koma.zgora.pl\/en\/palniki-gazowe\/do-rozmrazania-posadzki\/\">Palnik do rozmra\u017cania posadzki<\/a><\/p>\n<p><a href=\"https:\/\/koma.zgora.pl\/en\/palniki-gazowe\/do-rozpalania-pieca\/\">Palnik do rozpalania w piecu<\/a><\/p>\n<p><a href=\"https:\/\/koma.zgora.pl\/en\/akcesoria-dekarskie\/\">Akcesoria dekarskie<\/a><\/p>\n<\/div><\/div><\/div><\/div><\/div><div class=\"et_pb_section_2 et_pb_section et_section_regular et_block_section\"><div class=\"et_pb_row_6 et_pb_row et_block_row\"><div class=\"et_pb_column_10 et_pb_column et_pb_column_1_2 et_block_column et_pb_css_mix_blend_mode_passthrough\"><div class=\"et_pb_testimonial_0 et_pb_testimonial et_pb_icon_off et_pb_bg_layout_light et_animated et_pb_module et_block_module\"><div class=\"et_pb_testimonial_inner\"><div class=\"et_pb_testimonial_portrait\" style=\"background-image:url(https:\/\/koma.zgora.pl\/en\/wp-content\/uploads\/2022\/03\/ola_kontakt_www_01.jpeg)\"><\/div><div class=\"et_pb_testimonial_description\"><div class=\"et_pb_testimonial_description_inner\"><div class=\"et_pb_testimonial_content\"><p>Mail: <a class=\"\" href=\"mailto:export@koma.zgora.pl\">export@koma.zgora.pl<\/a><br \/>Tel: +48 683273307 ex. 6<\/p>\n<p><img loading=\"lazy\" decoding=\"async\" class=\"wp-image-411 alignleft\" src=\"https:\/\/koma.zgora.pl\/en\/wp-content\/uploads\/2022\/03\/pl.png\" alt=\"\" width=\"18\" height=\"12\" \/><img loading=\"lazy\" decoding=\"async\" class=\"wp-image-417 size-full alignleft\" src=\"https:\/\/koma.zgora.pl\/en\/wp-content\/uploads\/2022\/03\/eng.png\" alt=\"\" width=\"18\" height=\"12\" \/><\/p>\n<\/div><\/div><div class=\"et_pb_testimonial_author\">Aleksandra Knott<\/div><div class=\"et_pb_testimonial_meta\"><span class=\"et_pb_testimonial_position\">Sales Department<\/span><\/div><\/div><\/div><\/div><div class=\"et_pb_testimonial_1 et_pb_testimonial et_pb_icon_off et_pb_bg_layout_light et_animated et_pb_module et_block_module\"><div class=\"et_pb_testimonial_inner\"><div class=\"et_pb_testimonial_portrait\" style=\"background-image:url(https:\/\/koma.zgora.pl\/en\/wp-content\/uploads\/2022\/03\/mkonwinksa.jpeg)\"><\/div><div class=\"et_pb_testimonial_description\"><div class=\"et_pb_testimonial_description_inner\"><div class=\"et_pb_testimonial_content\"><p><a class=\"\" href=\"mailto:koma@koma.zgora.pl\">Mail: koma<\/a><a class=\"\" href=\"mailto:koma@koma.zgora.pl\">@koma.zgora.pl<\/a><br \/>Tel: 789 346 889 \/ +48 683273307 ex. 2<\/p>\n<p><img loading=\"lazy\" decoding=\"async\" class=\"wp-image-411 size-full alignleft\" src=\"https:\/\/koma.zgora.pl\/en\/wp-content\/uploads\/2022\/03\/pl.png\" alt=\"\" width=\"18\" height=\"12\" \/><img loading=\"lazy\" decoding=\"async\" class=\"wp-image-410 size-full alignleft\" src=\"https:\/\/koma.zgora.pl\/en\/wp-content\/uploads\/2022\/03\/rus.png\" alt=\"\" width=\"18\" height=\"12\" \/><\/p>\n<\/div><\/div><div class=\"et_pb_testimonial_author\">Malwina Konwi\u0144ska<\/div><div class=\"et_pb_testimonial_meta\"><span class=\"et_pb_testimonial_company\">Sales Department<\/span><\/div><\/div><\/div><\/div><\/div><div class=\"et_pb_column_11 et_pb_column et_pb_column_1_2 et-last-child et_block_column et_pb_css_mix_blend_mode_passthrough\"><div class=\"et_pb_testimonial_2 et_pb_testimonial et_pb_icon_off et_pb_bg_layout_light et_animated et_pb_module et_block_module\"><div class=\"et_pb_testimonial_inner\"><div class=\"et_pb_testimonial_portrait\" style=\"background-image:url(https:\/\/koma.zgora.pl\/en\/wp-content\/uploads\/2022\/03\/marcin_c_kontakt_www_01-224x300-1.jpeg)\"><\/div><div class=\"et_pb_testimonial_description\"><div class=\"et_pb_testimonial_description_inner\"><div class=\"et_pb_testimonial_content\"><p><a href=\"mailto:sklep@koma.zgora.pl\">Mail:<\/a> <a class=\"\" href=\"mailto:sklep@koma.zgora.pl\">sklep@koma.zgora.pl<\/a><br \/>Tel: 510 817 177\u00a0 \/\u00a0 +48 683273307 ex. 1<\/p>\n<p><img loading=\"lazy\" decoding=\"async\" class=\"wp-image-417 size-full alignleft\" src=\"https:\/\/koma.zgora.pl\/en\/wp-content\/uploads\/2022\/03\/eng.png\" alt=\"\" width=\"18\" height=\"12\" \/><img loading=\"lazy\" decoding=\"async\" class=\"wp-image-411 size-full alignleft\" src=\"https:\/\/koma.zgora.pl\/en\/wp-content\/uploads\/2022\/03\/pl.png\" alt=\"\" width=\"18\" height=\"12\" \/><\/p>\n<\/div><\/div><div class=\"et_pb_testimonial_author\">Marcin Czajczy\u0144ski<\/div><div class=\"et_pb_testimonial_meta\"><span class=\"et_pb_testimonial_position\">Sales Department<\/span><\/div><\/div><\/div><\/div><div class=\"et_pb_testimonial_3 et_pb_testimonial et_pb_icon_off et_pb_bg_layout_light et_animated et_pb_module et_block_module\"><div class=\"et_pb_testimonial_inner\"><div class=\"et_pb_testimonial_portrait\" style=\"background-image:url(https:\/\/koma.zgora.pl\/en\/wp-content\/uploads\/2022\/03\/kontakt_sebrynkiewicz_011.jpeg)\"><\/div><div class=\"et_pb_testimonial_description\"><div class=\"et_pb_testimonial_description_inner\"><div class=\"et_pb_testimonial_content\"><p><a href=\"mailto:serwis@koma.zgora.pl\">\u00a0Mail: serwis@koma.zgora.pl<\/a><\/p>\n<p>Tel: +48 697722404 \u00a0\/ \u00a0+48 683273307 ex. 3<\/p>\n<\/div><\/div><div class=\"et_pb_testimonial_author\">Sebastian Rynkiewicz<\/div><div class=\"et_pb_testimonial_meta\"><span class=\"et_pb_testimonial_position\">Technical Department<\/span><\/div><\/div><\/div><\/div><\/div><\/div><\/div><div class=\"et_pb_section_3 et_pb_section et_section_regular et_block_section\"><div class=\"et_pb_row_7 et_pb_row et-vb-row--no-module et_block_row\"><div class=\"et_pb_column_12 et_pb_column et_pb_column_4_4 et-last-child et_block_column et_pb_column_empty et_pb_css_mix_blend_mode_passthrough\"><\/div><\/div><\/div><div class=\"et_pb_section_4 et_pb_section et_section_regular et_block_section et_animated\"><div class=\"et_pb_row_8 et_pb_row et_block_row et_animated\"><div class=\"et_pb_column_13 et_pb_column et_pb_column_4_4 et-last-child et_block_column et_pb_css_mix_blend_mode_passthrough\"><div class=\"et_pb_image_2 et_pb_image et_pb_module et_block_module\"><span class=\"et_pb_image_wrap\"><img loading=\"lazy\" decoding=\"async\" src=\"https:\/\/koma.zgora.pl\/en\/wp-content\/uploads\/2022\/03\/koma_logo_white.png\" width=\"220\" height=\"91\" srcset=\"https:\/\/koma.zgora.pl\/en\/wp-content\/uploads\/2022\/03\/koma_logo_white.png 220w\" sizes=\"(max-width: 220px) 100vw, 220px\" class=\"wp-image-932\" title=\"koma_logo_white\" alt=\"logo koma bia\u0142e\" \/><\/span><\/div><div class=\"et_pb_text_8 et_pb_text et_pb_bg_layout_light et_animated et_pb_module et_block_module et_pb_text_align_center\"><div class=\"et_pb_text_inner\"><h2>PPUH KOMA SP. Z O.O.<\/h2>\n<h3><span style=\"color: #fff;\">PRODUCENT PALNIK\u00d3W GAZOWYCH <\/span><\/h3>\n<h3><span style=\"color: #fff;\">I URZ\u0104DZE\u0143 DLA PRZEMYS\u0141U MI\u0118SNEGO<\/span><\/h3>\n<\/div><\/div><div class=\"et_pb_text_9 et_pb_text et_pb_bg_layout_light et_animated et_pb_module et_block_module et_pb_text_align_center\"><div class=\"et_pb_text_inner\"><div class=\"katalog\" style=\"text-align: center;\">ul. Ksi\u0119\u017cycowa 38, 66-008 S\u0141ONE<\/div>\n<div class=\"katalog\" style=\"text-align: center;\"><i class=\"fas fa-phone-square-alt\"><\/i>\u00a0+48 683 273 307<\/div>\n<div class=\"katalog\" style=\"text-align: center;\"><i class=\"fas fa-envelope-open-text\"><\/i>\u00a0koma@koma.zgora.pl<\/div>\n<\/div><\/div><\/div><\/div><\/div><div class=\"et_pb_section_5 et_pb_section et_section_regular et_block_section\"><div class=\"et_pb_row_9 et_pb_row et_block_row\"><div class=\"et_pb_column_14 et_pb_column et_pb_column_4_4 et-last-child et_block_column et_pb_css_mix_blend_mode_passthrough\"><div class=\"et_pb_image_3 et_pb_image et_pb_module et_block_module\"><span class=\"et_pb_image_wrap\"><img loading=\"lazy\" decoding=\"async\" src=\"https:\/\/koma.zgora.pl\/en\/wp-content\/uploads\/2022\/03\/ue-baner.jpeg\" width=\"600\" height=\"73\" srcset=\"https:\/\/koma.zgora.pl\/en\/wp-content\/uploads\/2022\/03\/ue-baner.jpeg 600w, https:\/\/koma.zgora.pl\/en\/wp-content\/uploads\/2022\/03\/ue-baner-480x58.jpeg 480w\" sizes=\"(min-width: 0px) and (max-width: 480px) 480px, (min-width: 481px) 600px, 100vw\" class=\"wp-image-476\" title=\"ue-baner\" alt=\"ue baner\" \/><\/span><\/div><\/div><\/div><\/div>\n","protected":false},"excerpt":{"rendered":"","protected":false},"author":1,"featured_media":0,"parent":650,"menu_order":0,"comment_status":"closed","ping_status":"closed","template":"","meta":{"footnotes":""},"class_list":["post-610","page","type-page","status-publish","hentry"],"yoast_head":"<!-- This site is optimized with the Yoast SEO plugin v27.4 - https:\/\/yoast.com\/product\/yoast-seo-wordpress\/ -->\n<title>Optima Roofing Torches | KOMA<\/title>\n<meta name=\"robots\" content=\"index, follow, max-snippet:-1, max-image-preview:large, max-video-preview:-1\" \/>\n<link rel=\"canonical\" href=\"https:\/\/koma.zgora.pl\/en\/palniki-gazowe\/serie\/optima\/\" \/>\n<meta property=\"og:locale\" content=\"en_US\" \/>\n<meta property=\"og:type\" content=\"article\" \/>\n<meta property=\"og:title\" content=\"Optima Roofing Torches | KOMA\" \/>\n<meta property=\"og:url\" content=\"https:\/\/koma.zgora.pl\/en\/palniki-gazowe\/serie\/optima\/\" \/>\n<meta property=\"og:site_name\" content=\"Roofing Torches Producer\" \/>\n<meta property=\"article:modified_time\" content=\"2026-04-21T07:02:19+00:00\" \/>\n<meta name=\"twitter:card\" content=\"summary_large_image\" \/>\n<script type=\"application\/ld+json\" class=\"yoast-schema-graph\">{\"@context\":\"https:\\\/\\\/schema.org\",\"@graph\":[{\"@type\":\"WebPage\",\"@id\":\"https:\\\/\\\/koma.zgora.pl\\\/en\\\/palniki-gazowe\\\/serie\\\/optima\\\/\",\"url\":\"https:\\\/\\\/koma.zgora.pl\\\/en\\\/palniki-gazowe\\\/serie\\\/optima\\\/\",\"name\":\"Optima Roofing Torches | KOMA\",\"isPartOf\":{\"@id\":\"https:\\\/\\\/koma.zgora.pl\\\/en\\\/#website\"},\"datePublished\":\"2022-03-18T10:48:34+00:00\",\"dateModified\":\"2026-04-21T07:02:19+00:00\",\"breadcrumb\":{\"@id\":\"https:\\\/\\\/koma.zgora.pl\\\/en\\\/palniki-gazowe\\\/serie\\\/optima\\\/#breadcrumb\"},\"inLanguage\":\"en-US\",\"potentialAction\":[{\"@type\":\"ReadAction\",\"target\":[\"https:\\\/\\\/koma.zgora.pl\\\/en\\\/palniki-gazowe\\\/serie\\\/optima\\\/\"]}]},{\"@type\":\"BreadcrumbList\",\"@id\":\"https:\\\/\\\/koma.zgora.pl\\\/en\\\/palniki-gazowe\\\/serie\\\/optima\\\/#breadcrumb\",\"itemListElement\":[{\"@type\":\"ListItem\",\"position\":1,\"name\":\"Home\",\"item\":\"https:\\\/\\\/koma.zgora.pl\\\/en\\\/\"},{\"@type\":\"ListItem\",\"position\":2,\"name\":\"Roofing Torches\",\"item\":\"https:\\\/\\\/koma.zgora.pl\\\/en\\\/palniki-gazowe\\\/\"},{\"@type\":\"ListItem\",\"position\":3,\"name\":\"Serie\",\"item\":\"https:\\\/\\\/koma.zgora.pl\\\/en\\\/palniki-gazowe\\\/serie\\\/\"},{\"@type\":\"ListItem\",\"position\":4,\"name\":\"Optima Roofing Torches\"}]},{\"@type\":\"WebSite\",\"@id\":\"https:\\\/\\\/koma.zgora.pl\\\/en\\\/#website\",\"url\":\"https:\\\/\\\/koma.zgora.pl\\\/en\\\/\",\"name\":\"Roofing Torches Producer\",\"description\":\"KOMA\",\"potentialAction\":[{\"@type\":\"SearchAction\",\"target\":{\"@type\":\"EntryPoint\",\"urlTemplate\":\"https:\\\/\\\/koma.zgora.pl\\\/en\\\/?s={search_term_string}\"},\"query-input\":{\"@type\":\"PropertyValueSpecification\",\"valueRequired\":true,\"valueName\":\"search_term_string\"}}],\"inLanguage\":\"en-US\"}]}<\/script>\n<!-- \/ Yoast SEO plugin. -->","yoast_head_json":{"title":"Optima Roofing Torches | KOMA","robots":{"index":"index","follow":"follow","max-snippet":"max-snippet:-1","max-image-preview":"max-image-preview:large","max-video-preview":"max-video-preview:-1"},"canonical":"https:\/\/koma.zgora.pl\/en\/palniki-gazowe\/serie\/optima\/","og_locale":"en_US","og_type":"article","og_title":"Optima Roofing Torches | KOMA","og_url":"https:\/\/koma.zgora.pl\/en\/palniki-gazowe\/serie\/optima\/","og_site_name":"Roofing Torches Producer","article_modified_time":"2026-04-21T07:02:19+00:00","twitter_card":"summary_large_image","schema":{"@context":"https:\/\/schema.org","@graph":[{"@type":"WebPage","@id":"https:\/\/koma.zgora.pl\/en\/palniki-gazowe\/serie\/optima\/","url":"https:\/\/koma.zgora.pl\/en\/palniki-gazowe\/serie\/optima\/","name":"Optima Roofing Torches | KOMA","isPartOf":{"@id":"https:\/\/koma.zgora.pl\/en\/#website"},"datePublished":"2022-03-18T10:48:34+00:00","dateModified":"2026-04-21T07:02:19+00:00","breadcrumb":{"@id":"https:\/\/koma.zgora.pl\/en\/palniki-gazowe\/serie\/optima\/#breadcrumb"},"inLanguage":"en-US","potentialAction":[{"@type":"ReadAction","target":["https:\/\/koma.zgora.pl\/en\/palniki-gazowe\/serie\/optima\/"]}]},{"@type":"BreadcrumbList","@id":"https:\/\/koma.zgora.pl\/en\/palniki-gazowe\/serie\/optima\/#breadcrumb","itemListElement":[{"@type":"ListItem","position":1,"name":"Home","item":"https:\/\/koma.zgora.pl\/en\/"},{"@type":"ListItem","position":2,"name":"Roofing Torches","item":"https:\/\/koma.zgora.pl\/en\/palniki-gazowe\/"},{"@type":"ListItem","position":3,"name":"Serie","item":"https:\/\/koma.zgora.pl\/en\/palniki-gazowe\/serie\/"},{"@type":"ListItem","position":4,"name":"Optima Roofing Torches"}]},{"@type":"WebSite","@id":"https:\/\/koma.zgora.pl\/en\/#website","url":"https:\/\/koma.zgora.pl\/en\/","name":"Roofing Torches Producer","description":"KOMA","potentialAction":[{"@type":"SearchAction","target":{"@type":"EntryPoint","urlTemplate":"https:\/\/koma.zgora.pl\/en\/?s={search_term_string}"},"query-input":{"@type":"PropertyValueSpecification","valueRequired":true,"valueName":"search_term_string"}}],"inLanguage":"en-US"}]}},"_links":{"self":[{"href":"https:\/\/koma.zgora.pl\/en\/wp-json\/wp\/v2\/pages\/610","targetHints":{"allow":["GET"]}}],"collection":[{"href":"https:\/\/koma.zgora.pl\/en\/wp-json\/wp\/v2\/pages"}],"about":[{"href":"https:\/\/koma.zgora.pl\/en\/wp-json\/wp\/v2\/types\/page"}],"author":[{"embeddable":true,"href":"https:\/\/koma.zgora.pl\/en\/wp-json\/wp\/v2\/users\/1"}],"replies":[{"embeddable":true,"href":"https:\/\/koma.zgora.pl\/en\/wp-json\/wp\/v2\/comments?post=610"}],"version-history":[{"count":45,"href":"https:\/\/koma.zgora.pl\/en\/wp-json\/wp\/v2\/pages\/610\/revisions"}],"predecessor-version":[{"id":2817,"href":"https:\/\/koma.zgora.pl\/en\/wp-json\/wp\/v2\/pages\/610\/revisions\/2817"}],"up":[{"embeddable":true,"href":"https:\/\/koma.zgora.pl\/en\/wp-json\/wp\/v2\/pages\/650"}],"wp:attachment":[{"href":"https:\/\/koma.zgora.pl\/en\/wp-json\/wp\/v2\/media?parent=610"}],"curies":[{"name":"wp","href":"https:\/\/api.w.org\/{rel}","templated":true}]}}