{"id":463,"date":"2022-03-14T16:53:44","date_gmt":"2022-03-14T16:53:44","guid":{"rendered":"https:\/\/koma.zgora.pl\/en\/?page_id=463"},"modified":"2026-04-21T09:02:16","modified_gmt":"2026-04-21T07:02:16","slug":"katalog-przemysl-miesny","status":"publish","type":"page","link":"https:\/\/koma.zgora.pl\/en\/katalog-przemysl-miesny\/","title":{"rendered":"Online catalogue of our electrical animal stunning equipment"},"content":{"rendered":"\n<div class=\"et_pb_section_0 et_pb_section et_section_regular et_block_section\"><div class=\"et_pb_row_0 et_pb_row et_block_row\"><div class=\"et_pb_column_0 et_pb_column et_pb_column_4_4 et-last-child et_block_column et_pb_css_mix_blend_mode_passthrough\"><div class=\"et_pb_text_0 et_pb_text et_pb_bg_layout_light et_pb_module et_block_module\"><div class=\"et_pb_text_inner\"><h1>Online catalogue of our electrical animal stunning equipment<\/h1>\n<\/div><\/div><div class=\"et_pb_code_0 et_pb_code et_pb_module\"><div class=\"et_pb_code_inner\"><iframe loading=\"lazy\" src=\"https:\/\/indd.adobe.com\/view\/8aa5b336-bfb1-4a2b-901a-6a7ed010f385\" width=\"100%\" height=\"1001\"><\/iframe><\/div><\/div><\/div><\/div><\/div><div class=\"et_pb_section_1 et_pb_section et_section_regular et_block_section\"><div class=\"et_pb_row_1 et_pb_row et_block_row\"><div class=\"et_pb_column_1 et_pb_column et_pb_column_1_2 et_block_column et_pb_css_mix_blend_mode_passthrough\"><div class=\"et_pb_testimonial_0 et_pb_testimonial et_pb_icon_off et_pb_bg_layout_light et_animated et_pb_module et_block_module\"><div class=\"et_pb_testimonial_inner\"><div class=\"et_pb_testimonial_portrait\" style=\"background-image:url(https:\/\/koma.zgora.pl\/en\/wp-content\/uploads\/2022\/03\/ola_kontakt_www_01.jpeg)\"><\/div><div class=\"et_pb_testimonial_description\"><div class=\"et_pb_testimonial_description_inner\"><div class=\"et_pb_testimonial_content\"><p>Mail: <a class=\"\" href=\"mailto:export@koma.zgora.pl\">export@koma.zgora.pl<\/a><br \/>Tel: +48 683273307 ex. 6<\/p>\n<p><img loading=\"lazy\" decoding=\"async\" class=\"wp-image-411 alignleft\" src=\"https:\/\/koma.zgora.pl\/en\/wp-content\/uploads\/2022\/03\/pl.png\" alt=\"\" width=\"18\" height=\"12\" \/><img loading=\"lazy\" decoding=\"async\" class=\"wp-image-417 size-full alignleft\" src=\"https:\/\/koma.zgora.pl\/en\/wp-content\/uploads\/2022\/03\/eng.png\" alt=\"\" width=\"18\" height=\"12\" \/><\/p>\n<\/div><\/div><div class=\"et_pb_testimonial_author\">Aleksandra Knott<\/div><div class=\"et_pb_testimonial_meta\"><span class=\"et_pb_testimonial_position\">Sales Department<\/span><\/div><\/div><\/div><\/div><div class=\"et_pb_testimonial_1 et_pb_testimonial et_pb_icon_off et_pb_bg_layout_light et_animated et_pb_module et_block_module\"><div class=\"et_pb_testimonial_inner\"><div class=\"et_pb_testimonial_portrait\" style=\"background-image:url(https:\/\/koma.zgora.pl\/en\/wp-content\/uploads\/2022\/03\/mkonwinksa.jpeg)\"><\/div><div class=\"et_pb_testimonial_description\"><div class=\"et_pb_testimonial_description_inner\"><div class=\"et_pb_testimonial_content\"><p><a class=\"\" href=\"mailto:koma@koma.zgora.pl\">Mail: koma<\/a><a class=\"\" href=\"mailto:koma@koma.zgora.pl\">@koma.zgora.pl<\/a><br \/>Tel: 789 346 889 \/ +48 683273307 ex. 2<\/p>\n<p><img loading=\"lazy\" decoding=\"async\" class=\"wp-image-411 size-full alignleft\" src=\"https:\/\/koma.zgora.pl\/en\/wp-content\/uploads\/2022\/03\/pl.png\" alt=\"\" width=\"18\" height=\"12\" \/><img loading=\"lazy\" decoding=\"async\" class=\"wp-image-410 size-full alignleft\" src=\"https:\/\/koma.zgora.pl\/en\/wp-content\/uploads\/2022\/03\/rus.png\" alt=\"\" width=\"18\" height=\"12\" \/><\/p>\n<\/div><\/div><div class=\"et_pb_testimonial_author\">Malwina Konwi\u0144ska<\/div><div class=\"et_pb_testimonial_meta\"><span class=\"et_pb_testimonial_company\">Sales Department<\/span><\/div><\/div><\/div><\/div><\/div><div class=\"et_pb_column_2 et_pb_column et_pb_column_1_2 et-last-child et_block_column et_pb_css_mix_blend_mode_passthrough\"><div class=\"et_pb_testimonial_2 et_pb_testimonial et_pb_icon_off et_pb_bg_layout_light et_animated et_pb_module et_block_module\"><div class=\"et_pb_testimonial_inner\"><div class=\"et_pb_testimonial_portrait\" style=\"background-image:url(https:\/\/koma.zgora.pl\/en\/wp-content\/uploads\/2022\/03\/marcin_c_kontakt_www_01-224x300-1.jpeg)\"><\/div><div class=\"et_pb_testimonial_description\"><div class=\"et_pb_testimonial_description_inner\"><div class=\"et_pb_testimonial_content\"><p><a href=\"mailto:sklep@koma.zgora.pl\">Mail:<\/a> <a class=\"\" href=\"mailto:sklep@koma.zgora.pl\">sklep@koma.zgora.pl<\/a><br \/>Tel: 510 817 177\u00a0 \/\u00a0 +48 683273307 ex. 1<\/p>\n<p><img loading=\"lazy\" decoding=\"async\" class=\"wp-image-417 size-full alignleft\" src=\"https:\/\/koma.zgora.pl\/en\/wp-content\/uploads\/2022\/03\/eng.png\" alt=\"\" width=\"18\" height=\"12\" \/><img loading=\"lazy\" decoding=\"async\" class=\"wp-image-411 size-full alignleft\" src=\"https:\/\/koma.zgora.pl\/en\/wp-content\/uploads\/2022\/03\/pl.png\" alt=\"\" width=\"18\" height=\"12\" \/><\/p>\n<\/div><\/div><div class=\"et_pb_testimonial_author\">Marcin Czajczy\u0144ski<\/div><div class=\"et_pb_testimonial_meta\"><span class=\"et_pb_testimonial_position\">Sales Department<\/span><\/div><\/div><\/div><\/div><div class=\"et_pb_testimonial_3 et_pb_testimonial et_pb_icon_off et_pb_bg_layout_light et_animated et_pb_module et_block_module\"><div class=\"et_pb_testimonial_inner\"><div class=\"et_pb_testimonial_portrait\" style=\"background-image:url(https:\/\/koma.zgora.pl\/en\/wp-content\/uploads\/2022\/03\/kontakt_sebrynkiewicz_011.jpeg)\"><\/div><div class=\"et_pb_testimonial_description\"><div class=\"et_pb_testimonial_description_inner\"><div class=\"et_pb_testimonial_content\"><p><a href=\"mailto:serwis@koma.zgora.pl\">\u00a0Mail: serwis@koma.zgora.pl<\/a><\/p>\n<p>Tel: +48 697722404 \u00a0\/ \u00a0+48 683273307 ex. 3<\/p>\n<\/div><\/div><div class=\"et_pb_testimonial_author\">Sebastian Rynkiewicz<\/div><div class=\"et_pb_testimonial_meta\"><span class=\"et_pb_testimonial_position\">Technical Department<\/span><\/div><\/div><\/div><\/div><\/div><\/div><\/div><div class=\"et_pb_section_2 et_pb_section et_section_regular et_block_section\"><div class=\"et_pb_row_2 et_pb_row et-vb-row--no-module et_block_row\"><div class=\"et_pb_column_3 et_pb_column et_pb_column_4_4 et-last-child et_block_column et_pb_column_empty et_pb_css_mix_blend_mode_passthrough\"><\/div><\/div><\/div><div class=\"et_pb_section_3 et_pb_section et_section_regular et_block_section et_animated\"><div class=\"et_pb_row_3 et_pb_row et_block_row et_animated\"><div class=\"et_pb_column_4 et_pb_column et_pb_column_4_4 et-last-child et_block_column et_pb_css_mix_blend_mode_passthrough\"><div class=\"et_pb_text_1 et_pb_text et_pb_bg_layout_light et_animated et_pb_module et_block_module et_pb_text_align_center\"><div class=\"et_pb_text_inner\"><h2>PPUH KOMA SP. Z O.O.<\/h2>\n<h3><span style=\"color: #fff;\">PRODUCENT PALNIK\u00d3W GAZOWYCH <\/span><\/h3>\n<h3><span style=\"color: #fff;\">I URZ\u0104DZE\u0143 DLA PRZEMYS\u0141U MI\u0118SNEGO<\/span><\/h3>\n<\/div><\/div><div class=\"et_pb_text_2 et_pb_text et_pb_bg_layout_light et_animated et_pb_module et_block_module et_pb_text_align_center\"><div class=\"et_pb_text_inner\"><div class=\"katalog\" style=\"text-align: center;\">ul. Ksi\u0119\u017cycowa 38, 66-008 S\u0141ONE, POLAND<\/div>\n<div class=\"katalog\" style=\"text-align: center;\"><i class=\"fas fa-phone-square-alt\"><\/i>\u00a0+48 683273307<\/div>\n<div class=\"katalog\" style=\"text-align: center;\"><i class=\"fas fa-envelope-open-text\"><\/i>\u00a0sprzedaz@koma.zgora.pl<\/div>\n<\/div><\/div><\/div><\/div><\/div><div class=\"et_pb_section_4 et_pb_section et_section_regular et_block_section\"><div class=\"et_pb_row_4 et_pb_row et_block_row\"><div class=\"et_pb_column_5 et_pb_column et_pb_column_4_4 et-last-child et_block_column et_pb_css_mix_blend_mode_passthrough\"><div class=\"et_pb_image_0 et_pb_image et_pb_module et_block_module\"><span class=\"et_pb_image_wrap\"><img loading=\"lazy\" decoding=\"async\" src=\"https:\/\/koma.zgora.pl\/en\/wp-content\/uploads\/2022\/03\/ue-baner.jpeg\" width=\"600\" height=\"73\" srcset=\"https:\/\/koma.zgora.pl\/en\/wp-content\/uploads\/2022\/03\/ue-baner.jpeg 600w, https:\/\/koma.zgora.pl\/en\/wp-content\/uploads\/2022\/03\/ue-baner-480x58.jpeg 480w\" sizes=\"(min-width: 0px) and (max-width: 480px) 480px, (min-width: 481px) 600px, 100vw\" class=\"wp-image-476\" title=\"ue-baner\" alt=\"ue baner\" \/><\/span><\/div><\/div><\/div><\/div>\n","protected":false},"excerpt":{"rendered":"","protected":false},"author":1,"featured_media":0,"parent":0,"menu_order":0,"comment_status":"closed","ping_status":"closed","template":"","meta":{"footnotes":""},"class_list":["post-463","page","type-page","status-publish","hentry"],"yoast_head":"<!-- This site is optimized with the Yoast SEO plugin v27.4 - https:\/\/yoast.com\/product\/yoast-seo-wordpress\/ -->\n<title>Online catalogue of our electrical animal stunning equipment<\/title>\n<meta name=\"robots\" content=\"index, follow, max-snippet:-1, max-image-preview:large, max-video-preview:-1\" \/>\n<link rel=\"canonical\" href=\"https:\/\/koma.zgora.pl\/en\/katalog-przemysl-miesny\/\" \/>\n<meta property=\"og:locale\" content=\"en_US\" \/>\n<meta property=\"og:type\" content=\"article\" \/>\n<meta property=\"og:title\" content=\"Online catalogue of our electrical animal stunning equipment\" \/>\n<meta property=\"og:url\" content=\"https:\/\/koma.zgora.pl\/en\/katalog-przemysl-miesny\/\" \/>\n<meta property=\"og:site_name\" content=\"Roofing Torches Producer\" \/>\n<meta property=\"article:modified_time\" content=\"2026-04-21T07:02:16+00:00\" \/>\n<meta name=\"twitter:card\" content=\"summary_large_image\" \/>\n<script type=\"application\/ld+json\" class=\"yoast-schema-graph\">{\"@context\":\"https:\\\/\\\/schema.org\",\"@graph\":[{\"@type\":\"WebPage\",\"@id\":\"https:\\\/\\\/koma.zgora.pl\\\/en\\\/katalog-przemysl-miesny\\\/\",\"url\":\"https:\\\/\\\/koma.zgora.pl\\\/en\\\/katalog-przemysl-miesny\\\/\",\"name\":\"Online catalogue of our electrical animal stunning equipment\",\"isPartOf\":{\"@id\":\"https:\\\/\\\/koma.zgora.pl\\\/en\\\/#website\"},\"datePublished\":\"2022-03-14T16:53:44+00:00\",\"dateModified\":\"2026-04-21T07:02:16+00:00\",\"breadcrumb\":{\"@id\":\"https:\\\/\\\/koma.zgora.pl\\\/en\\\/katalog-przemysl-miesny\\\/#breadcrumb\"},\"inLanguage\":\"en-US\",\"potentialAction\":[{\"@type\":\"ReadAction\",\"target\":[\"https:\\\/\\\/koma.zgora.pl\\\/en\\\/katalog-przemysl-miesny\\\/\"]}]},{\"@type\":\"BreadcrumbList\",\"@id\":\"https:\\\/\\\/koma.zgora.pl\\\/en\\\/katalog-przemysl-miesny\\\/#breadcrumb\",\"itemListElement\":[{\"@type\":\"ListItem\",\"position\":1,\"name\":\"Home\",\"item\":\"https:\\\/\\\/koma.zgora.pl\\\/en\\\/\"},{\"@type\":\"ListItem\",\"position\":2,\"name\":\"Online catalogue of our electrical animal stunning equipment\"}]},{\"@type\":\"WebSite\",\"@id\":\"https:\\\/\\\/koma.zgora.pl\\\/en\\\/#website\",\"url\":\"https:\\\/\\\/koma.zgora.pl\\\/en\\\/\",\"name\":\"Roofing Torches Producer\",\"description\":\"KOMA\",\"potentialAction\":[{\"@type\":\"SearchAction\",\"target\":{\"@type\":\"EntryPoint\",\"urlTemplate\":\"https:\\\/\\\/koma.zgora.pl\\\/en\\\/?s={search_term_string}\"},\"query-input\":{\"@type\":\"PropertyValueSpecification\",\"valueRequired\":true,\"valueName\":\"search_term_string\"}}],\"inLanguage\":\"en-US\"}]}<\/script>\n<!-- \/ Yoast SEO plugin. -->","yoast_head_json":{"title":"Online catalogue of our electrical animal stunning equipment","robots":{"index":"index","follow":"follow","max-snippet":"max-snippet:-1","max-image-preview":"max-image-preview:large","max-video-preview":"max-video-preview:-1"},"canonical":"https:\/\/koma.zgora.pl\/en\/katalog-przemysl-miesny\/","og_locale":"en_US","og_type":"article","og_title":"Online catalogue of our electrical animal stunning equipment","og_url":"https:\/\/koma.zgora.pl\/en\/katalog-przemysl-miesny\/","og_site_name":"Roofing Torches Producer","article_modified_time":"2026-04-21T07:02:16+00:00","twitter_card":"summary_large_image","schema":{"@context":"https:\/\/schema.org","@graph":[{"@type":"WebPage","@id":"https:\/\/koma.zgora.pl\/en\/katalog-przemysl-miesny\/","url":"https:\/\/koma.zgora.pl\/en\/katalog-przemysl-miesny\/","name":"Online catalogue of our electrical animal stunning equipment","isPartOf":{"@id":"https:\/\/koma.zgora.pl\/en\/#website"},"datePublished":"2022-03-14T16:53:44+00:00","dateModified":"2026-04-21T07:02:16+00:00","breadcrumb":{"@id":"https:\/\/koma.zgora.pl\/en\/katalog-przemysl-miesny\/#breadcrumb"},"inLanguage":"en-US","potentialAction":[{"@type":"ReadAction","target":["https:\/\/koma.zgora.pl\/en\/katalog-przemysl-miesny\/"]}]},{"@type":"BreadcrumbList","@id":"https:\/\/koma.zgora.pl\/en\/katalog-przemysl-miesny\/#breadcrumb","itemListElement":[{"@type":"ListItem","position":1,"name":"Home","item":"https:\/\/koma.zgora.pl\/en\/"},{"@type":"ListItem","position":2,"name":"Online catalogue of our electrical animal stunning equipment"}]},{"@type":"WebSite","@id":"https:\/\/koma.zgora.pl\/en\/#website","url":"https:\/\/koma.zgora.pl\/en\/","name":"Roofing Torches Producer","description":"KOMA","potentialAction":[{"@type":"SearchAction","target":{"@type":"EntryPoint","urlTemplate":"https:\/\/koma.zgora.pl\/en\/?s={search_term_string}"},"query-input":{"@type":"PropertyValueSpecification","valueRequired":true,"valueName":"search_term_string"}}],"inLanguage":"en-US"}]}},"_links":{"self":[{"href":"https:\/\/koma.zgora.pl\/en\/wp-json\/wp\/v2\/pages\/463","targetHints":{"allow":["GET"]}}],"collection":[{"href":"https:\/\/koma.zgora.pl\/en\/wp-json\/wp\/v2\/pages"}],"about":[{"href":"https:\/\/koma.zgora.pl\/en\/wp-json\/wp\/v2\/types\/page"}],"author":[{"embeddable":true,"href":"https:\/\/koma.zgora.pl\/en\/wp-json\/wp\/v2\/users\/1"}],"replies":[{"embeddable":true,"href":"https:\/\/koma.zgora.pl\/en\/wp-json\/wp\/v2\/comments?post=463"}],"version-history":[{"count":9,"href":"https:\/\/koma.zgora.pl\/en\/wp-json\/wp\/v2\/pages\/463\/revisions"}],"predecessor-version":[{"id":2812,"href":"https:\/\/koma.zgora.pl\/en\/wp-json\/wp\/v2\/pages\/463\/revisions\/2812"}],"wp:attachment":[{"href":"https:\/\/koma.zgora.pl\/en\/wp-json\/wp\/v2\/media?parent=463"}],"curies":[{"name":"wp","href":"https:\/\/api.w.org\/{rel}","templated":true}]}}