{"id":44,"date":"2022-03-10T11:07:43","date_gmt":"2022-03-10T11:07:43","guid":{"rendered":"https:\/\/koma.zgora.pl\/en\/?page_id=44"},"modified":"2026-04-21T09:01:50","modified_gmt":"2026-04-21T07:01:50","slug":"kontakt","status":"publish","type":"page","link":"https:\/\/koma.zgora.pl\/en\/kontakt\/","title":{"rendered":"Kontakt"},"content":{"rendered":"\n<div class=\"et_pb_section_0 et_pb_section et_pb_fullwidth_section et_section_regular et_block_section\"><div class=\"et_pb_fullwidth_slider_0 et_pb_slider et_pb_module\"><div class=\"et_pb_slides\"><div class=\"et_pb_slide_0 et_pb_slide et_pb_media_alignment_center et_pb_bg_layout_dark et_pb_text_align_center et-pb-has-background-video et_pb_preload\" data-slide-id=\"divi\/slide-0\"><span class=\"et-pb-background-video et_pb_allow_player_pause\"><video autoplay loop playsinline muted><source type=\"video\/mp4\" src=\"https:\/\/koma.zgora.pl\/en\/wp-content\/uploads\/2022\/05\/firma-KOMA-producent-palniko\u0301w-prezentacja-firmy.mp4\" \/><\/video><\/span><div class=\"et_pb_container\"><div class=\"et_pb_slider_container_inner\"><div class=\"et_pb_slide_description\"><div class=\"et_pb_slide_content\"><p>&nbsp;<\/p>\n<p>&nbsp;<\/p>\n<\/div><\/div><\/div><\/div><\/div><\/div><\/div><\/div><div class=\"et_pb_section_1 et_pb_section et_section_regular et_block_section\"><div class=\"et_pb_row_0 et_pb_row et_block_row\"><div class=\"et_pb_column_0 et_pb_column et_pb_column_4_4 et-last-child et_block_column et_pb_css_mix_blend_mode_passthrough\"><div class=\"et_pb_text_0 et_pb_text et_pb_bg_layout_light et_pb_module et_block_module\"><div class=\"et_pb_text_inner\"><h1 style=\"text-align: center;\">PPHU KOMA Sp. z o.o.<\/h1>\n<\/div><\/div><\/div><\/div><div class=\"et_pb_row_1 et_pb_row et_block_row\"><div class=\"et_pb_column_1 et_pb_column et_pb_column_1_3 et_block_column et_pb_css_mix_blend_mode_passthrough\"><div class=\"et_pb_text_1 et_pb_text et_pb_bg_layout_light et_pb_module et_block_module\"><div class=\"et_pb_text_inner\"><p style=\"text-align: center;\">ul. Ksi\u0119\u017cycowa 38<br \/>S\u0142one k\/Zielonej G\u00f3ry<br \/>66-008 \u015awidnica<\/p>\n<\/div><\/div><\/div><div class=\"et_pb_column_2 et_pb_column et_pb_column_1_3 et_block_column et_pb_css_mix_blend_mode_passthrough\"><div class=\"et_pb_text_2 et_pb_text et_pb_bg_layout_light et_pb_module et_block_module\"><div class=\"et_pb_text_inner\"><p style=\"text-align: center;\">NIP 929-010-08-60<br \/>REGON 008046042<\/p>\n<\/div><\/div><\/div><div class=\"et_pb_column_3 et_pb_column et_pb_column_1_3 et-last-child et_block_column et_pb_css_mix_blend_mode_passthrough\"><div class=\"et_pb_text_3 et_pb_text et_pb_bg_layout_light et_pb_module et_block_module\"><div class=\"et_pb_text_inner\"><p style=\"text-align: center;\">PKO Bank Polski Oddzia\u0142 2 w Zielonej G\u00f3rze:<br \/>47 1020 5402 0000 0802 0436 9351 \u2013 PLN<br \/>PL 92 1020 5402 0000 0102 0436 9369 -EUR<\/p>\n<\/div><\/div><\/div><\/div><div class=\"et_pb_row_2 et_pb_row et_block_row\"><div class=\"et_pb_column_4 et_pb_column et_pb_column_4_4 et-last-child et_block_column et_pb_css_mix_blend_mode_passthrough\"><div class=\"et_pb_text_4 et_pb_text et_pb_bg_layout_light et_pb_module et_block_module\"><div class=\"et_pb_text_inner\"><p style=\"text-align: center;\">S\u0105d Rejonowy w Zielonej G\u00f3rze KRS 0000137191 Kapita\u0142 Zak\u0142adowy 50 000,00 z\u0142<br \/>Prezes:\u00a0Anna Zaborowska-\u0141ebek<\/p>\n<\/div><\/div><\/div><\/div><div class=\"et_pb_row_3 et_pb_row et_pb_row_4col et_block_row et_block_row_4col\"><div class=\"et_pb_column_5 et_pb_column et_pb_column_1_4 et_block_column et_pb_css_mix_blend_mode_passthrough\"><div class=\"et_pb_image_0 et_pb_image et_pb_module et_block_module\"><span class=\"et_pb_image_wrap\"><img loading=\"lazy\" decoding=\"async\" src=\"https:\/\/koma.zgora.pl\/en\/wp-content\/uploads\/2022\/03\/ola_kontakt_www_01.jpeg\" width=\"434\" height=\"580\" srcset=\"https:\/\/koma.zgora.pl\/en\/wp-content\/uploads\/2022\/03\/ola_kontakt_www_01.jpeg 434w, https:\/\/koma.zgora.pl\/en\/wp-content\/uploads\/2022\/03\/ola_kontakt_www_01-224x300.jpeg 224w\" sizes=\"(max-width: 434px) 100vw, 434px\" class=\"wp-image-420\" title=\"ola_kontakt_www_01\" \/><\/span><\/div><div class=\"et_pb_text_5 et_pb_text et_pb_bg_layout_light et_pb_module et_block_module\"><div class=\"et_pb_text_inner\"><h3 class=\"ha-member-name\" style=\"text-align: center;\">Aleksandra Knott<\/h3>\n<div class=\"ha-member-position\" style=\"text-align: center;\">Sales Department<\/div>\n<div>\u00a0<\/div>\n<div class=\"ha-member-position\" style=\"text-align: center;\"><img loading=\"lazy\" decoding=\"async\" src=\"https:\/\/palnikidekarskie.com\/wp-content\/uploads\/2021\/10\/eng.png\" alt=\"\" width=\"18\" height=\"12\" \/> <img loading=\"lazy\" decoding=\"async\" class=\"alignnone size-full wp-image-2634\" src=\"https:\/\/palnikidekarskie.com\/wp-content\/uploads\/2021\/10\/pl.png\" alt=\"\" width=\"18\" height=\"12\" \/><\/div>\n<div class=\"ha-member-bio\">\n<p style=\"text-align: center;\"><i class=\"far fa-envelope\"><\/i>Mail: <a class=\"\" href=\"mailto:export@koma.zgora.pl\">export@koma.zgora.pl<\/a><br \/><i class=\"fas fa-phone-alt\"><\/i>Tel: +48 68 327 33 07 wew. 6<\/p>\n<p>&nbsp;<\/p>\n<\/div>\n<\/div><\/div><\/div><div class=\"et_pb_column_6 et_pb_column et_pb_column_1_4 et_block_column et_pb_css_mix_blend_mode_passthrough\"><div class=\"et_pb_image_1 et_pb_image et_pb_module et_block_module\"><span class=\"et_pb_image_wrap\"><img loading=\"lazy\" decoding=\"async\" src=\"https:\/\/koma.zgora.pl\/en\/wp-content\/uploads\/2022\/03\/mkonwinksa.jpeg\" width=\"434\" height=\"580\" srcset=\"https:\/\/koma.zgora.pl\/en\/wp-content\/uploads\/2022\/03\/mkonwinksa.jpeg 434w, https:\/\/koma.zgora.pl\/en\/wp-content\/uploads\/2022\/03\/mkonwinksa-224x300.jpeg 224w\" sizes=\"(max-width: 434px) 100vw, 434px\" class=\"wp-image-412\" title=\"mkonwinksa\" \/><\/span><\/div><div class=\"et_pb_text_6 et_pb_text et_pb_bg_layout_light et_pb_module et_block_module\"><div class=\"et_pb_text_inner\"><h3 class=\"ha-member-name\" style=\"text-align: center;\">Malwina Konwi\u0144ska<\/h3>\n<div class=\"ha-member-position\" style=\"text-align: center;\">Sales Department<\/div>\n<div>\u00a0<\/div>\n<div class=\"ha-member-position\" style=\"text-align: center;\"><img loading=\"lazy\" decoding=\"async\" src=\"https:\/\/palnikidekarskie.com\/wp-content\/uploads\/2021\/10\/rus.png\" alt=\"\" width=\"18\" height=\"12\" \/> <img loading=\"lazy\" decoding=\"async\" class=\"alignnone size-full wp-image-2634\" src=\"https:\/\/palnikidekarskie.com\/wp-content\/uploads\/2021\/10\/pl.png\" alt=\"\" width=\"18\" height=\"12\" \/><\/div>\n<div class=\"ha-member-bio\">\n<p style=\"text-align: center;\">Mail: <a class=\"\" href=\"mailto:koma@koma.zgora.pl\">koma@koma.zgora.pl<\/a><br \/>Tel: 789 346 889<\/p>\n<p style=\"text-align: center;\">+48 68 327 33 07 wew. 2<\/p>\n<\/div>\n<p>&nbsp;<\/p>\n<div class=\"ha-member-bio\">\u00a0<\/div>\n<\/div><\/div><\/div><div class=\"et_pb_column_7 et_pb_column et_pb_column_1_4 et_block_column et_pb_css_mix_blend_mode_passthrough\"><div class=\"et_pb_image_2 et_pb_image et_pb_module et_block_module\"><span class=\"et_pb_image_wrap\"><img loading=\"lazy\" decoding=\"async\" src=\"https:\/\/koma.zgora.pl\/en\/wp-content\/uploads\/2022\/03\/marcin_c_kontakt_www_01-224x300-1.jpeg\" width=\"224\" height=\"300\" srcset=\"https:\/\/koma.zgora.pl\/en\/wp-content\/uploads\/2022\/03\/marcin_c_kontakt_www_01-224x300-1.jpeg 224w\" sizes=\"(max-width: 224px) 100vw, 224px\" class=\"wp-image-423\" title=\"marcin_c_kontakt_www_01-224x300-1\" \/><\/span><\/div><div class=\"et_pb_text_7 et_pb_text et_pb_bg_layout_light et_pb_module et_block_module\"><div class=\"et_pb_text_inner\"><h3 class=\"ha-member-name\" style=\"text-align: center;\">Marcin Czajczy\u0144ski<\/h3>\n<div class=\"ha-member-position\" style=\"text-align: center;\">Sales department<br \/>Online Store<\/div>\n<div class=\"ha-member-bio\">\n<p style=\"text-align: center;\"><img loading=\"lazy\" decoding=\"async\" src=\"https:\/\/palnikidekarskie.com\/wp-content\/uploads\/2021\/10\/eng.png\" alt=\"\" width=\"18\" height=\"12\" \/> <img loading=\"lazy\" decoding=\"async\" class=\"alignnone size-full wp-image-2634\" src=\"https:\/\/palnikidekarskie.com\/wp-content\/uploads\/2021\/10\/pl.png\" alt=\"\" width=\"18\" height=\"12\" \/><br \/>Mail: <a class=\"\" href=\"mailto:sklep@koma.zgora.pl\">sklep@koma.zgora.pl<\/a><br \/><i class=\"fas fa-mobile-alt\"><\/i>Tel: 510 817 177<\/p>\n<p style=\"text-align: center;\">\u00a0+48 68 327 33 07 wew.1<\/p>\n<p>&nbsp;<\/p>\n<\/div>\n<\/div><\/div><\/div><div class=\"et_pb_column_8 et_pb_column et_pb_column_1_4 et-last-child et_block_column et_pb_css_mix_blend_mode_passthrough\"><div class=\"et_pb_image_3 et_pb_image et_pb_module et_block_module\"><span class=\"et_pb_image_wrap\"><img loading=\"lazy\" decoding=\"async\" src=\"https:\/\/koma.zgora.pl\/en\/wp-content\/uploads\/2022\/11\/agata-iskra.webp\" width=\"500\" height=\"624\" srcset=\"https:\/\/koma.zgora.pl\/en\/wp-content\/uploads\/2022\/11\/agata-iskra.webp 500w, https:\/\/koma.zgora.pl\/en\/wp-content\/uploads\/2022\/11\/agata-iskra-480x599.webp 480w\" sizes=\"(min-width: 0px) and (max-width: 480px) 480px, (min-width: 481px) 500px, 100vw\" class=\"wp-image-2620\" title=\"agata-iskra\" \/><\/span><\/div><div class=\"et_pb_text_8 et_pb_text et_pb_bg_layout_light et_pb_module et_block_module\"><div class=\"et_pb_text_inner\"><h3 class=\"ha-member-name\" style=\"text-align: center;\">Agata Iskra<\/h3>\n<div class=\"ha-member-position\" style=\"text-align: center;\">\n<p>Sales department<\/p>\n<\/div>\n<div class=\"ha-member-bio\">\n<p style=\"text-align: center;\">Mail:\u00a0<a href=\"mailto:koma1@koma.zgora.pl\" target=\"_blank\" rel=\"noopener\">koma1@koma.zgora.pl<\/a><br \/><i class=\"fas fa-phone-alt\"><\/i>Tel: +48 68 327 33 07 wew. 2<\/p>\n<p>&nbsp;<\/p>\n<\/div>\n<\/div><\/div><\/div><\/div><div class=\"et_pb_row_4 et_pb_row et_pb_row_5col et_block_row et_block_row_5col\"><div class=\"et_pb_column_9 et_pb_column et_pb_column_1_5 et_block_column et_pb_css_mix_blend_mode_passthrough\"><div class=\"et_pb_image_4 et_pb_image et_pb_module et_block_module\"><span class=\"et_pb_image_wrap\"><img loading=\"lazy\" decoding=\"async\" src=\"https:\/\/koma.zgora.pl\/en\/wp-content\/uploads\/2022\/03\/kontakt_sebrynkiewicz_011.jpeg\" width=\"434\" height=\"580\" srcset=\"https:\/\/koma.zgora.pl\/en\/wp-content\/uploads\/2022\/03\/kontakt_sebrynkiewicz_011.jpeg 434w, https:\/\/koma.zgora.pl\/en\/wp-content\/uploads\/2022\/03\/kontakt_sebrynkiewicz_011-224x300.jpeg 224w\" sizes=\"(max-width: 434px) 100vw, 434px\" class=\"wp-image-426\" title=\"kontakt_sebrynkiewicz_011\" alt=\"Sebastian Rynkiewicz Koma\" \/><\/span><\/div><div class=\"et_pb_text_9 et_pb_text et_pb_bg_layout_light et_pb_module et_block_module\"><div class=\"et_pb_text_inner\"><h3 class=\"ha-member-name\" style=\"text-align: center;\">Sebastian Rynkiewicz<\/h3>\n<div class=\"ha-member-position\" style=\"text-align: center;\">Technical department<\/div>\n<div class=\"ha-member-bio\">\n<p>&nbsp;<\/p>\n<p style=\"text-align: center;\"><i class=\"far fa-envelope\"><\/i>Mail: <a class=\"\" href=\"mailto:serwis@koma.zgora.pl\">serwis@koma.zgora.pl<\/a><br \/><i class=\"fas fa-mobile-alt\"><\/i>Tel: +48 697 722 404<br \/><i class=\" fas fa-phone-alt\"><\/i>\u00a0+48 68 327 33 07 wew. 3<\/p>\n<p>&nbsp;<\/p>\n<\/div>\n<\/div><\/div><\/div><div class=\"et_pb_column_10 et_pb_column et_pb_column_1_5 et_block_column et_pb_css_mix_blend_mode_passthrough\"><div class=\"et_pb_image_5 et_pb_image et_pb_module et_block_module\"><span class=\"et_pb_image_wrap\"><img loading=\"lazy\" decoding=\"async\" src=\"https:\/\/koma.zgora.pl\/en\/wp-content\/uploads\/2022\/03\/paulina_kontakt_www_011.jpeg\" width=\"434\" height=\"580\" srcset=\"https:\/\/koma.zgora.pl\/en\/wp-content\/uploads\/2022\/03\/paulina_kontakt_www_011.jpeg 434w, https:\/\/koma.zgora.pl\/en\/wp-content\/uploads\/2022\/03\/paulina_kontakt_www_011-224x300.jpeg 224w\" sizes=\"(max-width: 434px) 100vw, 434px\" class=\"wp-image-569\" title=\"paulina_kontakt_www_011\" alt=\"Paulina Graczyk\" \/><\/span><\/div><div class=\"et_pb_text_10 et_pb_text et_pb_bg_layout_light et_pb_module et_block_module\"><div class=\"et_pb_text_inner\"><h3 class=\"ha-member-name\" style=\"text-align: center;\">Paulina Graczyk<\/h3>\n<div class=\"ha-member-position\" style=\"text-align: center;\">Integrated Management System Officer<\/div>\n<div class=\"ha-member-bio\">\n<p style=\"text-align: center;\"><i class=\"far fa-envelope\"><\/i>Mail: <a class=\"\" href=\"mailto:iso@koma.zgora.pl\">iso@koma.zgora.pl<\/a><br \/><i class=\" fas fa-phone-alt\"><\/i>Tel: +48 68 327 33 07 wew. 30<\/p>\n<p>&nbsp;<\/p>\n<\/div>\n<\/div><\/div><\/div><div class=\"et_pb_column_11 et_pb_column et_pb_column_1_5 et_block_column et_pb_css_mix_blend_mode_passthrough\"><div class=\"et_pb_image_6 et_pb_image et_pb_module et_block_module\"><span class=\"et_pb_image_wrap\"><img loading=\"lazy\" decoding=\"async\" src=\"https:\/\/koma.zgora.pl\/en\/wp-content\/uploads\/2022\/03\/anna_czapska_kontakt_www_01.jpeg\" width=\"434\" height=\"580\" srcset=\"https:\/\/koma.zgora.pl\/en\/wp-content\/uploads\/2022\/03\/anna_czapska_kontakt_www_01.jpeg 434w, https:\/\/koma.zgora.pl\/en\/wp-content\/uploads\/2022\/03\/anna_czapska_kontakt_www_01-224x300.jpeg 224w\" sizes=\"(max-width: 434px) 100vw, 434px\" class=\"wp-image-570\" title=\"anna_czapska_kontakt_www_01\" alt=\"Anna Czapska\" \/><\/span><\/div><div class=\"et_pb_text_11 et_pb_text et_pb_bg_layout_light et_pb_module et_block_module\"><div class=\"et_pb_text_inner\"><h3 class=\"ha-member-name\" style=\"text-align: center;\">Anna Czapska<\/h3>\n<div class=\"ha-member-position\" style=\"text-align: center;\">Purchasing and Logistics Coordinator<\/div>\n<div class=\"ha-member-bio\">\n<p style=\"text-align: center;\"><i class=\"far fa-envelope\"><\/i>Mail: <a class=\"\" href=\"mailto:logistyka@koma.zgora.pl\">logistyka@koma.zgora.pl<\/a><br \/><i class=\" fas fa-phone-alt\"><\/i>\u00a0Tel:+48 68 327 33 07 wew. 17<\/p>\n<p>&nbsp;<\/p>\n<\/div>\n<\/div><\/div><\/div><div class=\"et_pb_column_12 et_pb_column et_pb_column_1_5 et_block_column et_pb_css_mix_blend_mode_passthrough\"><div class=\"et_pb_image_7 et_pb_image et_pb_module et_block_module\"><span class=\"et_pb_image_wrap\"><img loading=\"lazy\" decoding=\"async\" src=\"https:\/\/koma.zgora.pl\/en\/wp-content\/uploads\/2022\/03\/lwisniewski_kontakt_www1.jpeg\" width=\"434\" height=\"580\" srcset=\"https:\/\/koma.zgora.pl\/en\/wp-content\/uploads\/2022\/03\/lwisniewski_kontakt_www1.jpeg 434w, https:\/\/koma.zgora.pl\/en\/wp-content\/uploads\/2022\/03\/lwisniewski_kontakt_www1-224x300.jpeg 224w\" sizes=\"(max-width: 434px) 100vw, 434px\" class=\"wp-image-571\" title=\"lwisniewski_kontakt_www1\" alt=\"\u0141ukasz Wi\u015bniewski\" \/><\/span><\/div><div class=\"et_pb_text_12 et_pb_text et_pb_bg_layout_light et_pb_module et_block_module\"><div class=\"et_pb_text_inner\"><h3 class=\"ha-member-name\" style=\"text-align: center;\">\u0141ukasz Wi\u015bniewski<\/h3>\n<div class=\"ha-member-position\" style=\"text-align: center;\">Production engineer<\/div>\n<div class=\"ha-member-bio\">\n<p style=\"text-align: center;\"><i class=\"far fa-envelope\"><\/i>Mail: <a class=\"\" href=\"mailto:produkcja@koma.zgora.pl\">produkcja@koma.zgora.pl<\/a><br \/><i class=\"fas fa-mobile-alt\"><\/i>Tel: +48 789 368 995 \/\u00a0+48 68 327 33 07 wew. 32<\/p>\n<p>&nbsp;<\/p>\n<\/div>\n<\/div><\/div><\/div><div class=\"et_pb_column_13 et_pb_column et_pb_column_1_5 et-last-child et_block_column et_pb_css_mix_blend_mode_passthrough\"><div class=\"et_pb_image_8 et_pb_image et_pb_module et_block_module\"><span class=\"et_pb_image_wrap\"><img loading=\"lazy\" decoding=\"async\" src=\"https:\/\/koma.zgora.pl\/en\/wp-content\/uploads\/2022\/11\/wojczynska-ewelina-1.webp\" width=\"370\" height=\"530\" srcset=\"https:\/\/koma.zgora.pl\/en\/wp-content\/uploads\/2022\/11\/wojczynska-ewelina-1.webp 370w, https:\/\/koma.zgora.pl\/en\/wp-content\/uploads\/2022\/11\/wojczynska-ewelina-1-209x300.webp 209w, https:\/\/koma.zgora.pl\/en\/wp-content\/uploads\/2022\/11\/wojczynska-ewelina-1-17x24.webp 17w, https:\/\/koma.zgora.pl\/en\/wp-content\/uploads\/2022\/11\/wojczynska-ewelina-1-25x36.webp 25w, https:\/\/koma.zgora.pl\/en\/wp-content\/uploads\/2022\/11\/wojczynska-ewelina-1-34x48.webp 34w\" sizes=\"(max-width: 370px) 100vw, 370px\" class=\"wp-image-2621\" title=\"wojczynska-ewelina-1\" \/><\/span><\/div><div class=\"et_pb_text_13 et_pb_text et_pb_bg_layout_light et_pb_module et_block_module\"><div class=\"et_pb_text_inner\"><h3 class=\"ha-member-name\" style=\"text-align: center;\">Wojczy\u0144ska Ewelina<\/h3>\n<div class=\"ha-member-position\" style=\"text-align: center;\">Work Safety Officer<\/div>\n<div class=\"ha-member-bio\">\n<p style=\"text-align: center;\"><i class=\"far fa-envelope\"><\/i><a class=\"\" href=\"mailto:produkcja@koma.zgora.pl\">bhp@koma.zgora.pl<\/a><\/p>\n<p>&nbsp;<\/p>\n<\/div>\n<\/div><\/div><\/div><\/div><\/div><div class=\"et_pb_section_2 et_pb_section et_section_regular et_block_section\"><div class=\"et_pb_row_5 et_pb_row et_block_row\"><div class=\"et_pb_column_14 et_pb_column et_pb_column_4_4 et-last-child et_block_column et_pb_css_mix_blend_mode_passthrough\"><div class=\"et_pb_divider_0 et_pb_divider et_pb_space et_pb_divider_position_top et_pb_module\"><div class=\"et_pb_divider_internal\"><\/div><\/div><\/div><\/div><\/div><div class=\"et_pb_section_3 et_pb_section et_section_regular et_block_section\"><div class=\"et_pb_row_6 et_pb_row et-vb-row--no-module et_block_row\"><div class=\"et_pb_column_15 et_pb_column et_pb_column_4_4 et-last-child et_block_column et_pb_column_empty et_pb_css_mix_blend_mode_passthrough\"><\/div><\/div><\/div><div class=\"et_pb_section_4 et_pb_section et_section_regular et_block_section et_animated\"><div class=\"et_pb_row_7 et_pb_row et_block_row et_animated\"><div class=\"et_pb_column_16 et_pb_column et_pb_column_4_4 et-last-child et_block_column et_pb_css_mix_blend_mode_passthrough\"><div class=\"et_pb_image_9 et_pb_image et_pb_module et_block_module\"><span class=\"et_pb_image_wrap\"><img loading=\"lazy\" decoding=\"async\" src=\"https:\/\/koma.zgora.pl\/en\/wp-content\/uploads\/2022\/03\/koma_logo_white.png\" width=\"220\" height=\"91\" srcset=\"https:\/\/koma.zgora.pl\/en\/wp-content\/uploads\/2022\/03\/koma_logo_white.png 220w\" sizes=\"(max-width: 220px) 100vw, 220px\" class=\"wp-image-932\" title=\"koma_logo_white\" alt=\"logo koma bia\u0142e\" \/><\/span><\/div><div class=\"et_pb_text_14 et_pb_text et_pb_bg_layout_light et_animated et_pb_module et_block_module et_pb_text_align_center\"><div class=\"et_pb_text_inner\"><h2>PPUH KOMA SP. Z O.O.<\/h2>\n<h3><span style=\"color: #fff;\">ROOFING TORCHES &amp; ACCESSORIES<\/span><\/h3>\n<h3>ANIMAL STUNNING DEVICES<\/h3>\n<h3>PRODUCER<\/h3>\n<\/div><\/div><div class=\"et_pb_text_15 et_pb_text et_pb_bg_layout_light et_animated et_pb_module et_block_module et_pb_text_align_center\"><div class=\"et_pb_text_inner\"><div class=\"katalog\" style=\"text-align: center;\">Address: ul. Ksiezycowa 38, 66-008 SLONE, POLAND<\/div>\n<div>\u00a0<\/div>\n<div class=\"katalog\" style=\"text-align: center;\"><i class=\"fas fa-phone-square-alt\"><\/i>tel:\u00a0 +48 683 273 307<\/div>\n<div class=\"katalog\" style=\"text-align: center;\"><i class=\"fas fa-envelope-open-text\"><\/i>\u00a0koma@koma.zgora.pl<\/div>\n<\/div><\/div><\/div><\/div><\/div><div class=\"et_pb_section_5 et_pb_section et_section_regular et_block_section\"><div class=\"et_pb_row_8 et_pb_row et_block_row\"><div class=\"et_pb_column_17 et_pb_column et_pb_column_4_4 et-last-child et_block_column et_pb_css_mix_blend_mode_passthrough\"><div class=\"et_pb_image_10 et_pb_image et_pb_module et_block_module\"><span class=\"et_pb_image_wrap\"><img loading=\"lazy\" decoding=\"async\" src=\"https:\/\/koma.zgora.pl\/en\/wp-content\/uploads\/2022\/03\/ue-baner.jpeg\" width=\"600\" height=\"73\" srcset=\"https:\/\/koma.zgora.pl\/en\/wp-content\/uploads\/2022\/03\/ue-baner.jpeg 600w, https:\/\/koma.zgora.pl\/en\/wp-content\/uploads\/2022\/03\/ue-baner-480x58.jpeg 480w\" sizes=\"(min-width: 0px) and (max-width: 480px) 480px, (min-width: 481px) 600px, 100vw\" class=\"wp-image-476\" title=\"ue-baner\" alt=\"ue baner\" \/><\/span><\/div><\/div><\/div><\/div>\n","protected":false},"excerpt":{"rendered":"","protected":false},"author":1,"featured_media":0,"parent":0,"menu_order":0,"comment_status":"closed","ping_status":"closed","template":"","meta":{"footnotes":""},"class_list":["post-44","page","type-page","status-publish","hentry"],"yoast_head":"<!-- This site is optimized with the Yoast SEO plugin v27.4 - https:\/\/yoast.com\/product\/yoast-seo-wordpress\/ -->\n<title>Contact - KOMA<\/title>\n<meta name=\"robots\" content=\"index, follow, max-snippet:-1, max-image-preview:large, max-video-preview:-1\" \/>\n<link rel=\"canonical\" href=\"https:\/\/koma.zgora.pl\/en\/kontakt\/\" \/>\n<meta property=\"og:locale\" content=\"en_US\" \/>\n<meta property=\"og:type\" content=\"article\" \/>\n<meta property=\"og:title\" content=\"Contact - KOMA\" \/>\n<meta property=\"og:url\" content=\"https:\/\/koma.zgora.pl\/en\/kontakt\/\" \/>\n<meta property=\"og:site_name\" content=\"Roofing Torches Producer\" \/>\n<meta property=\"article:modified_time\" content=\"2026-04-21T07:01:50+00:00\" \/>\n<meta name=\"twitter:card\" content=\"summary_large_image\" \/>\n<script type=\"application\/ld+json\" class=\"yoast-schema-graph\">{\"@context\":\"https:\\\/\\\/schema.org\",\"@graph\":[{\"@type\":\"WebPage\",\"@id\":\"https:\\\/\\\/koma.zgora.pl\\\/en\\\/kontakt\\\/\",\"url\":\"https:\\\/\\\/koma.zgora.pl\\\/en\\\/kontakt\\\/\",\"name\":\"Contact - KOMA\",\"isPartOf\":{\"@id\":\"https:\\\/\\\/koma.zgora.pl\\\/en\\\/#website\"},\"datePublished\":\"2022-03-10T11:07:43+00:00\",\"dateModified\":\"2026-04-21T07:01:50+00:00\",\"breadcrumb\":{\"@id\":\"https:\\\/\\\/koma.zgora.pl\\\/en\\\/kontakt\\\/#breadcrumb\"},\"inLanguage\":\"en-US\",\"potentialAction\":[{\"@type\":\"ReadAction\",\"target\":[\"https:\\\/\\\/koma.zgora.pl\\\/en\\\/kontakt\\\/\"]}]},{\"@type\":\"BreadcrumbList\",\"@id\":\"https:\\\/\\\/koma.zgora.pl\\\/en\\\/kontakt\\\/#breadcrumb\",\"itemListElement\":[{\"@type\":\"ListItem\",\"position\":1,\"name\":\"Home\",\"item\":\"https:\\\/\\\/koma.zgora.pl\\\/en\\\/\"},{\"@type\":\"ListItem\",\"position\":2,\"name\":\"Kontakt\"}]},{\"@type\":\"WebSite\",\"@id\":\"https:\\\/\\\/koma.zgora.pl\\\/en\\\/#website\",\"url\":\"https:\\\/\\\/koma.zgora.pl\\\/en\\\/\",\"name\":\"Roofing Torches Producer\",\"description\":\"KOMA\",\"potentialAction\":[{\"@type\":\"SearchAction\",\"target\":{\"@type\":\"EntryPoint\",\"urlTemplate\":\"https:\\\/\\\/koma.zgora.pl\\\/en\\\/?s={search_term_string}\"},\"query-input\":{\"@type\":\"PropertyValueSpecification\",\"valueRequired\":true,\"valueName\":\"search_term_string\"}}],\"inLanguage\":\"en-US\"}]}<\/script>\n<!-- \/ Yoast SEO plugin. -->","yoast_head_json":{"title":"Contact - KOMA","robots":{"index":"index","follow":"follow","max-snippet":"max-snippet:-1","max-image-preview":"max-image-preview:large","max-video-preview":"max-video-preview:-1"},"canonical":"https:\/\/koma.zgora.pl\/en\/kontakt\/","og_locale":"en_US","og_type":"article","og_title":"Contact - KOMA","og_url":"https:\/\/koma.zgora.pl\/en\/kontakt\/","og_site_name":"Roofing Torches Producer","article_modified_time":"2026-04-21T07:01:50+00:00","twitter_card":"summary_large_image","schema":{"@context":"https:\/\/schema.org","@graph":[{"@type":"WebPage","@id":"https:\/\/koma.zgora.pl\/en\/kontakt\/","url":"https:\/\/koma.zgora.pl\/en\/kontakt\/","name":"Contact - KOMA","isPartOf":{"@id":"https:\/\/koma.zgora.pl\/en\/#website"},"datePublished":"2022-03-10T11:07:43+00:00","dateModified":"2026-04-21T07:01:50+00:00","breadcrumb":{"@id":"https:\/\/koma.zgora.pl\/en\/kontakt\/#breadcrumb"},"inLanguage":"en-US","potentialAction":[{"@type":"ReadAction","target":["https:\/\/koma.zgora.pl\/en\/kontakt\/"]}]},{"@type":"BreadcrumbList","@id":"https:\/\/koma.zgora.pl\/en\/kontakt\/#breadcrumb","itemListElement":[{"@type":"ListItem","position":1,"name":"Home","item":"https:\/\/koma.zgora.pl\/en\/"},{"@type":"ListItem","position":2,"name":"Kontakt"}]},{"@type":"WebSite","@id":"https:\/\/koma.zgora.pl\/en\/#website","url":"https:\/\/koma.zgora.pl\/en\/","name":"Roofing Torches Producer","description":"KOMA","potentialAction":[{"@type":"SearchAction","target":{"@type":"EntryPoint","urlTemplate":"https:\/\/koma.zgora.pl\/en\/?s={search_term_string}"},"query-input":{"@type":"PropertyValueSpecification","valueRequired":true,"valueName":"search_term_string"}}],"inLanguage":"en-US"}]}},"_links":{"self":[{"href":"https:\/\/koma.zgora.pl\/en\/wp-json\/wp\/v2\/pages\/44","targetHints":{"allow":["GET"]}}],"collection":[{"href":"https:\/\/koma.zgora.pl\/en\/wp-json\/wp\/v2\/pages"}],"about":[{"href":"https:\/\/koma.zgora.pl\/en\/wp-json\/wp\/v2\/types\/page"}],"author":[{"embeddable":true,"href":"https:\/\/koma.zgora.pl\/en\/wp-json\/wp\/v2\/users\/1"}],"replies":[{"embeddable":true,"href":"https:\/\/koma.zgora.pl\/en\/wp-json\/wp\/v2\/comments?post=44"}],"version-history":[{"count":45,"href":"https:\/\/koma.zgora.pl\/en\/wp-json\/wp\/v2\/pages\/44\/revisions"}],"predecessor-version":[{"id":2773,"href":"https:\/\/koma.zgora.pl\/en\/wp-json\/wp\/v2\/pages\/44\/revisions\/2773"}],"wp:attachment":[{"href":"https:\/\/koma.zgora.pl\/en\/wp-json\/wp\/v2\/media?parent=44"}],"curies":[{"name":"wp","href":"https:\/\/api.w.org\/{rel}","templated":true}]}}