{"id":254,"date":"2022-03-10T17:32:28","date_gmt":"2022-03-10T17:32:28","guid":{"rendered":"https:\/\/koma.zgora.pl\/en\/?page_id=254"},"modified":"2026-04-21T09:02:05","modified_gmt":"2026-04-21T07:02:05","slug":"do-lutowania","status":"publish","type":"page","link":"https:\/\/koma.zgora.pl\/en\/palniki-gazowe\/do-lutowania\/","title":{"rendered":"GAS TORCH FOR SOLDERING"},"content":{"rendered":"\n<div class=\"et_pb_section_0 et_pb_section et_section_regular et_block_section et_animated\"><div class=\"et_pb_row_0 et_pb_row et_pb_equal_columns et_pb_gutters1 et_block_row et_animated et_pb_row_fullwidth\"><div class=\"et_pb_column_0 et_pb_column et_pb_column_1_2 et_block_column et_pb_css_mix_blend_mode_passthrough\"><div class=\"et_pb_text_0 et_pb_text et_pb_bg_layout_light et_animated et_pb_module et_block_module\"><div class=\"et_pb_text_inner\"><p>PPUH KOMA sp. z o.o.<\/p>\n<\/div><\/div><div class=\"et_pb_text_1 et_pb_text et_pb_bg_layout_light et_animated et_pb_module et_block_module\"><div class=\"et_pb_text_inner\"><h1>GAS TORCH FOR SOLDERING<\/h1>\n<\/div><\/div><div class=\"et_pb_text_2 et_pb_text et_pb_bg_layout_light et_animated et_pb_module et_block_module\"><div class=\"et_pb_text_inner\"><p>Gas soldering torches are designed for copper plumbing work and other soldering work. They are used for both soft and hard soldering. The torch connector and diffuser are made of stainless steel and brass.<\/p>\n<\/div><\/div><\/div><div class=\"et_pb_column_1 et_pb_column et_pb_column_1_2 et-last-child et_block_column et_pb_column_empty et_pb_css_mix_blend_mode_passthrough et_pb_section_parallax\"><span class=\"et-pb-parallax-wrapper\"><span class=\"et-pb-parallax-background et-pb-parallax-background-module--divi-column-1\" style=\"background-image:url(https:\/\/koma.zgora.pl\/en\/wp-content\/uploads\/2022\/04\/palnik-cyclonowy-do-lutowania-KOMA.jpg)\"><\/span><\/span><\/div><\/div><div class=\"et_pb_row_1 et_pb_row et_block_row\"><div class=\"et_pb_column_2 et_pb_column et_pb_column_1_3 et_block_column et_pb_css_mix_blend_mode_passthrough\"><div class=\"et_pb_toggle_0 et_pb_toggle et_pb_toggle_item et_pb_toggle_open et_pb_module et_block_module\"><h5 class=\"et_pb_toggle_title\">Our Torches<\/h5><div class=\"et_pb_toggle_content clearfix\"><h5>\u00a0<\/h5>\n<h5>Basic Series:<\/h5>\n<p>&nbsp;<\/p>\n<p><strong><a href=\"https:\/\/koma.zgora.pl\/en\/palniki-gazowe\/serie\/optima\/\">OPTIMA<\/a><\/strong><\/p>\n<p>&nbsp;<\/p>\n<h5>Professional Series:<\/h5>\n<p>&nbsp;<\/p>\n<p><strong><a href=\"https:\/\/koma.zgora.pl\/en\/palniki-gazowe\/serie\/koma\/\">KOMA<\/a><\/strong><\/p>\n<p><strong><a href=\"https:\/\/koma.zgora.pl\/en\/palniki-gazowe\/serie\/koma-plus\/\">KOMA PLUS<\/a><\/strong><\/p>\n<p><strong><a href=\"https:\/\/koma.zgora.pl\/en\/palniki-gazowe\/serie\/koma-plus-tytan\/\">KOMA PLUS TYTAN<\/a><\/strong><\/p>\n<p>&nbsp;<\/p>\n<p>&nbsp;<\/p>\n<p><strong>By Use<\/strong><\/p>\n<p><a href=\"https:\/\/koma.zgora.pl\/en\/palniki-gazowe\/do-papy-termozgrzewalnej\/\">Roofing Felt Burner<\/a><\/p>\n<p><a href=\"https:\/\/koma.zgora.pl\/en\/palniki-gazowe\/propan-butan-do-butli\/\">Roofers Burner for Propane Cylinder<\/a><\/p>\n<p><a href=\"https:\/\/koma.zgora.pl\/en\/palniki-gazowe\/do-obrobek-dekarskich\/\">Roof Flashing Torch<\/a><\/p>\n<p><a href=\"https:\/\/koma.zgora.pl\/en\/palniki-gazowe\/tytanowy\/\">Titanium Roofing Torch<\/a><\/p>\n<p><a href=\"https:\/\/koma.zgora.pl\/en\/palniki-gazowe\/do-lutowania\/\">Gas Torch for Soldering<\/a><\/p>\n<p><a href=\"https:\/\/koma.zgora.pl\/en\/palniki-gazowe\/turbo\/\">Turbo Torch<\/a><\/p>\n<p><a href=\"https:\/\/koma.zgora.pl\/en\/palniki-gazowe\/do-zakladek\/\">Tab Burner<\/a><\/p>\n<p><a href=\"https:\/\/koma.zgora.pl\/en\/palniki-gazowe\/o-szerokim-zasiegu-plomienia\/\">Wide Flame Spread Torch<\/a><\/p>\n<p><a href=\"https:\/\/koma.zgora.pl\/en\/palniki-gazowe\/na-kolkach\/\">Roofing Torch on Wheels<\/a><\/p>\n<p><a href=\"https:\/\/koma.zgora.pl\/en\/przemysl-miesny\/inne\/palnik-do-odkazania\/\">Decontamination Torch<\/a><\/p>\n<p><a href=\"https:\/\/koma.zgora.pl\/en\/palniki-gazowe\/do-wypalania-chwastow\/\">Weed Burner<\/a><\/p>\n<p><a href=\"https:\/\/koma.zgora.pl\/en\/palniki-gazowe\/jednodyszowe\/\">One Nozzle Torch<\/a><\/p>\n<p><a href=\"https:\/\/koma.zgora.pl\/en\/palniki-gazowe\/dwudyszowe\/\">Two Nozzle Torch<\/a><\/p>\n<p><a href=\"https:\/\/koma.zgora.pl\/en\/palniki-gazowe\/trzydyszowe\/\">Three Nozzle Torch<\/a><\/p>\n<p><a href=\"https:\/\/koma.zgora.pl\/en\/palniki-gazowe\/czterodyszowe\/\">Four Nozzle Torch<\/a><\/p>\n<p><a href=\"https:\/\/koma.zgora.pl\/en\/palniki-gazowe\/uniwersalny\/\">Multi Purpose Torch<\/a><\/p>\n<p><a href=\"https:\/\/koma.zgora.pl\/en\/akcesoria-dekarskie\/\">Roofer's Accessories<\/a><\/p>\n<\/div><\/div><\/div><div class=\"et_pb_column_3 et_pb_column et_pb_column_2_3 et-last-child et_block_column et_pb_css_mix_blend_mode_passthrough\"><div class=\"et_pb_image_0 et_pb_image et_pb_module et_block_module\"><a href=\"https:\/\/koma.zgora.pl\/en\/wp-content\/uploads\/2022\/04\/palniki-do-lutowania.png\" class=\"et_pb_lightbox_image\" alt=\"GAS TORCH FOR SOLDERING\"><span class=\"et_pb_image_wrap\"><img loading=\"lazy\" decoding=\"async\" src=\"https:\/\/koma.zgora.pl\/en\/wp-content\/uploads\/2022\/04\/palniki-do-lutowania.png\" width=\"805\" height=\"1164\" srcset=\"https:\/\/koma.zgora.pl\/en\/wp-content\/uploads\/2022\/04\/palniki-do-lutowania.png 805w, https:\/\/koma.zgora.pl\/en\/wp-content\/uploads\/2022\/04\/palniki-do-lutowania-480x694.png 480w\" sizes=\"(min-width: 0px) and (max-width: 480px) 480px, (min-width: 481px) 805px, 100vw\" class=\"wp-image-1434\" title=\"GAS TORCH FOR SOLDERING\" alt=\"GAS TORCH FOR SOLDERING\" \/><\/span><\/a><\/div><div class=\"et_pb_text_3 et_pb_text et_pb_bg_layout_light et_pb_module et_block_module\"><div class=\"et_pb_text_inner\"><h2>\u00a0<\/h2>\n<h2 class=\"product_title entry-title\">Cyclone burner - PC-OPTIMA<\/h2>\n<p>&nbsp;<\/p>\n<p>The hand-held cyclone torch is used for soft and hard soldering of<br \/>copper installation components as well as other soldering work.<\/p>\n<p>The torch connector and diffuser are made of stainless steel and brass.<\/p>\n<p>The set includes a 3 m hose (W 21.8 LH G3\/8 LH). The robust plastic of the handle is characterised by its high resistance to mechanical damage and high temperatures.<\/p>\n<\/div><\/div><div class=\"et_pb_image_1 et_pb_image et_pb_module et_block_module\"><a href=\"https:\/\/koma.zgora.pl\/en\/wp-content\/uploads\/2022\/04\/palnik-cyclonowy-do-lutowania.jpeg\" class=\"et_pb_lightbox_image\" alt=\"cyclone torch for soldering\"><span class=\"et_pb_image_wrap\"><img loading=\"lazy\" decoding=\"async\" src=\"https:\/\/koma.zgora.pl\/en\/wp-content\/uploads\/2022\/04\/palnik-cyclonowy-do-lutowania.jpeg\" width=\"600\" height=\"450\" srcset=\"https:\/\/koma.zgora.pl\/en\/wp-content\/uploads\/2022\/04\/palnik-cyclonowy-do-lutowania.jpeg 600w, https:\/\/koma.zgora.pl\/en\/wp-content\/uploads\/2022\/04\/palnik-cyclonowy-do-lutowania-480x360.jpeg 480w\" sizes=\"(min-width: 0px) and (max-width: 480px) 480px, (min-width: 481px) 600px, 100vw\" class=\"wp-image-1253\" title=\"cyclone torch for soldering\" alt=\"cyclone torch for soldering\" \/><\/span><\/a><\/div><div class=\"et_pb_divider_0 et_pb_divider et_pb_space et_pb_divider_position_top et_pb_module\"><div class=\"et_pb_divider_internal\"><\/div><\/div><div class=\"et_pb_text_4 et_pb_text et_pb_bg_layout_light et_pb_module et_block_module\"><div class=\"et_pb_text_inner\"><h2 class=\"product_title entry-title\">Cyclone brazing kit - ZLC-1<\/h2>\n<p>The kit in the ZLC1 box includes: burner, 3 m KOMA hose (G3\/8LH) and gas regulator (912L or M50V\/ST), four cyclone tips, spanner.<\/p>\n<\/div><\/div><div class=\"et_pb_image_2 et_pb_image et_pb_module et_block_module\"><a href=\"https:\/\/koma.zgora.pl\/en\/wp-content\/uploads\/2022\/04\/palnik-do-lutowania.jpeg\" class=\"et_pb_lightbox_image\" alt=\"cyclone soldering kit\"><span class=\"et_pb_image_wrap\"><img loading=\"lazy\" decoding=\"async\" src=\"https:\/\/koma.zgora.pl\/en\/wp-content\/uploads\/2022\/04\/palnik-do-lutowania.jpeg\" width=\"600\" height=\"450\" srcset=\"https:\/\/koma.zgora.pl\/en\/wp-content\/uploads\/2022\/04\/palnik-do-lutowania.jpeg 600w, https:\/\/koma.zgora.pl\/en\/wp-content\/uploads\/2022\/04\/palnik-do-lutowania-480x360.jpeg 480w\" sizes=\"(min-width: 0px) and (max-width: 480px) 480px, (min-width: 481px) 600px, 100vw\" class=\"wp-image-1255\" title=\"cyclone soldering kit\" alt=\"cyclone soldering kit\" \/><\/span><\/a><\/div><div class=\"et_pb_divider_1 et_pb_divider et_pb_space et_pb_divider_position_top et_pb_module\"><div class=\"et_pb_divider_internal\"><\/div><\/div><div class=\"et_pb_text_5 et_pb_text et_pb_bg_layout_light et_pb_module et_block_module\"><div class=\"et_pb_text_inner\"><h2 class=\"product_title entry-title\">Gas soldering torch GK2<\/h2>\n<p>&nbsp;<\/p>\n<\/div><\/div><div class=\"et_pb_image_3 et_pb_image et_pb_module et_block_module\"><a href=\"https:\/\/koma.zgora.pl\/en\/wp-content\/uploads\/2022\/06\/gazowa-kolba-lutownicza-gk2.jpeg\" class=\"et_pb_lightbox_image\" alt=\"Gas soldering torch GK2\"><span class=\"et_pb_image_wrap\"><img loading=\"lazy\" decoding=\"async\" src=\"https:\/\/koma.zgora.pl\/en\/wp-content\/uploads\/2022\/06\/gazowa-kolba-lutownicza-gk2.jpeg\" width=\"900\" height=\"675\" srcset=\"https:\/\/koma.zgora.pl\/en\/wp-content\/uploads\/2022\/06\/gazowa-kolba-lutownicza-gk2.jpeg 900w, https:\/\/koma.zgora.pl\/en\/wp-content\/uploads\/2022\/06\/gazowa-kolba-lutownicza-gk2-480x360.jpeg 480w\" sizes=\"(min-width: 0px) and (max-width: 480px) 480px, (min-width: 481px) 900px, 100vw\" class=\"wp-image-2155\" title=\"Gas soldering torch GK2\" alt=\"Gas soldering torch GK2\" \/><\/span><\/a><\/div><div class=\"et_pb_divider_2 et_pb_divider et_pb_space et_pb_divider_position_top et_pb_module\"><div class=\"et_pb_divider_internal\"><\/div><\/div><\/div><\/div><\/div><div class=\"et_pb_section_1 et_pb_section et_section_regular et_block_section\"><div class=\"et_pb_row_2 et_pb_row et_block_row\"><div class=\"et_pb_column_4 et_pb_column et_pb_column_4_4 et-last-child et_block_column et_pb_css_mix_blend_mode_passthrough\"><div class=\"et_pb_toggle_1 et_pb_toggle et_pb_toggle_item et_pb_toggle_open et_pb_module et_block_module\"><h2 class=\"et_pb_toggle_title\">Which torch for soldering copper pipes?<\/h2><div class=\"et_pb_toggle_content clearfix\"><p>It is best to use KOMA burners from the PC-OPTIMA line.<\/p>\n<\/div><\/div><div class=\"et_pb_toggle_2 et_pb_toggle et_pb_toggle_item et_pb_toggle_open et_pb_module et_block_module\"><h2 class=\"et_pb_toggle_title\">Which reducer for a brazing torch?<\/h2><div class=\"et_pb_toggle_content clearfix\"><p>Both of our reducers are used with brazing torches - 912L and M50-V\/ST<\/p>\n<\/div><\/div><\/div><\/div><\/div><div class=\"et_pb_section_2 et_pb_section et_section_regular et_block_section\"><div class=\"et_pb_row_3 et_pb_row et_block_row\"><div class=\"et_pb_column_5 et_pb_column et_pb_column_4_4 et-last-child et_block_column et_pb_css_mix_blend_mode_passthrough\"><div class=\"et_pb_text_6 et_pb_text et_pb_bg_layout_light et_pb_module et_block_module\"><div class=\"et_pb_text_inner\"><p style=\"text-align: center;\"><strong>Feel free to contact us<\/strong><\/p>\n<p style=\"text-align: center;\"><strong>We are happy to answer any questions you may have about our roofing burners and accessories.<\/strong><\/p>\n<\/div><\/div><\/div><\/div><\/div><div class=\"et_pb_section_3 et_pb_section et_section_regular et_block_section\"><div class=\"et_pb_row_4 et_pb_row et_block_row\"><div class=\"et_pb_column_6 et_pb_column et_pb_column_1_2 et_block_column et_pb_css_mix_blend_mode_passthrough\"><div class=\"et_pb_testimonial_0 et_pb_testimonial et_pb_icon_off et_pb_bg_layout_light et_animated et_pb_module et_block_module\"><div class=\"et_pb_testimonial_inner\"><div class=\"et_pb_testimonial_portrait\" style=\"background-image:url(https:\/\/koma.zgora.pl\/en\/wp-content\/uploads\/2022\/03\/ola_kontakt_www_01.jpeg)\"><\/div><div class=\"et_pb_testimonial_description\"><div class=\"et_pb_testimonial_description_inner\"><div class=\"et_pb_testimonial_content\"><p>Mail: <a class=\"\" href=\"mailto:export@koma.zgora.pl\">export@koma.zgora.pl<\/a><br \/>Tel: +48 683273307 ex. 6<\/p>\n<p><img loading=\"lazy\" decoding=\"async\" class=\"wp-image-411 alignleft\" src=\"https:\/\/koma.zgora.pl\/en\/wp-content\/uploads\/2022\/03\/pl.png\" alt=\"\" width=\"18\" height=\"12\" \/><img loading=\"lazy\" decoding=\"async\" class=\"wp-image-417 size-full alignleft\" src=\"https:\/\/koma.zgora.pl\/en\/wp-content\/uploads\/2022\/03\/eng.png\" alt=\"\" width=\"18\" height=\"12\" \/><\/p>\n<\/div><\/div><div class=\"et_pb_testimonial_author\">Aleksandra Knott<\/div><div class=\"et_pb_testimonial_meta\"><span class=\"et_pb_testimonial_position\">Sales Department<\/span><\/div><\/div><\/div><\/div><div class=\"et_pb_testimonial_1 et_pb_testimonial et_pb_icon_off et_pb_bg_layout_light et_animated et_pb_module et_block_module\"><div class=\"et_pb_testimonial_inner\"><div class=\"et_pb_testimonial_portrait\" style=\"background-image:url(https:\/\/koma.zgora.pl\/en\/wp-content\/uploads\/2022\/03\/mkonwinksa.jpeg)\"><\/div><div class=\"et_pb_testimonial_description\"><div class=\"et_pb_testimonial_description_inner\"><div class=\"et_pb_testimonial_content\"><p><a class=\"\" href=\"mailto:koma@koma.zgora.pl\">Mail: koma<\/a><a class=\"\" href=\"mailto:koma@koma.zgora.pl\">@koma.zgora.pl<\/a><br \/>Tel: 789 346 889 \/ +48 683273307 ex. 2<\/p>\n<p><img loading=\"lazy\" decoding=\"async\" class=\"wp-image-411 size-full alignleft\" src=\"https:\/\/koma.zgora.pl\/en\/wp-content\/uploads\/2022\/03\/pl.png\" alt=\"\" width=\"18\" height=\"12\" \/><img loading=\"lazy\" decoding=\"async\" class=\"wp-image-410 size-full alignleft\" src=\"https:\/\/koma.zgora.pl\/en\/wp-content\/uploads\/2022\/03\/rus.png\" alt=\"\" width=\"18\" height=\"12\" \/><\/p>\n<\/div><\/div><div class=\"et_pb_testimonial_author\">Malwina Konwi\u0144ska<\/div><div class=\"et_pb_testimonial_meta\"><span class=\"et_pb_testimonial_company\">Sales Department<\/span><\/div><\/div><\/div><\/div><\/div><div class=\"et_pb_column_7 et_pb_column et_pb_column_1_2 et-last-child et_block_column et_pb_css_mix_blend_mode_passthrough\"><div class=\"et_pb_testimonial_2 et_pb_testimonial et_pb_icon_off et_pb_bg_layout_light et_animated et_pb_module et_block_module\"><div class=\"et_pb_testimonial_inner\"><div class=\"et_pb_testimonial_portrait\" style=\"background-image:url(https:\/\/koma.zgora.pl\/en\/wp-content\/uploads\/2022\/03\/marcin_c_kontakt_www_01-224x300-1.jpeg)\"><\/div><div class=\"et_pb_testimonial_description\"><div class=\"et_pb_testimonial_description_inner\"><div class=\"et_pb_testimonial_content\"><p><a href=\"mailto:sklep@koma.zgora.pl\">Mail:<\/a> <a class=\"\" href=\"mailto:sklep@koma.zgora.pl\">sklep@koma.zgora.pl<\/a><br \/>Tel: 510 817 177\u00a0 \/\u00a0 +48 683273307 ex. 1<\/p>\n<p><img loading=\"lazy\" decoding=\"async\" class=\"wp-image-417 size-full alignleft\" src=\"https:\/\/koma.zgora.pl\/en\/wp-content\/uploads\/2022\/03\/eng.png\" alt=\"\" width=\"18\" height=\"12\" \/><img loading=\"lazy\" decoding=\"async\" class=\"wp-image-411 size-full alignleft\" src=\"https:\/\/koma.zgora.pl\/en\/wp-content\/uploads\/2022\/03\/pl.png\" alt=\"\" width=\"18\" height=\"12\" \/><\/p>\n<\/div><\/div><div class=\"et_pb_testimonial_author\">Marcin Czajczy\u0144ski<\/div><div class=\"et_pb_testimonial_meta\"><span class=\"et_pb_testimonial_position\">Sales Department<\/span><\/div><\/div><\/div><\/div><div class=\"et_pb_testimonial_3 et_pb_testimonial et_pb_icon_off et_pb_bg_layout_light et_animated et_pb_module et_block_module\"><div class=\"et_pb_testimonial_inner\"><div class=\"et_pb_testimonial_portrait\" style=\"background-image:url(https:\/\/koma.zgora.pl\/en\/wp-content\/uploads\/2022\/03\/kontakt_sebrynkiewicz_011.jpeg)\"><\/div><div class=\"et_pb_testimonial_description\"><div class=\"et_pb_testimonial_description_inner\"><div class=\"et_pb_testimonial_content\"><p><a href=\"mailto:serwis@koma.zgora.pl\">\u00a0Mail: serwis@koma.zgora.pl<\/a><\/p>\n<p>Tel: +48 697722404 \u00a0\/ \u00a0+48 683273307 ex. 3<\/p>\n<\/div><\/div><div class=\"et_pb_testimonial_author\">Sebastian Rynkiewicz<\/div><div class=\"et_pb_testimonial_meta\"><span class=\"et_pb_testimonial_position\">Technical Department<\/span><\/div><\/div><\/div><\/div><\/div><\/div><\/div><div class=\"et_pb_section_4 et_pb_section et_section_regular et_block_section\"><div class=\"et_pb_row_5 et_pb_row et_block_row\"><div class=\"et_pb_column_8 et_pb_column et_pb_column_4_4 et-last-child et_block_column et_pb_css_mix_blend_mode_passthrough\"><div class=\"et_pb_text_7 et_pb_text et_pb_bg_layout_light et_pb_module et_block_module\"><div class=\"et_pb_text_inner\"><p style=\"text-align: center;\">Jeste\u015bmy odpowiedzialni i zdyscyplinowani, dotrzymujemy z\u0142o\u017conych obietnic i przestrzegamy termin\u00f3w.<\/p>\n<\/div><\/div><\/div><\/div><\/div><div class=\"et_pb_section_5 et_pb_section et_section_regular et_block_section\"><div class=\"et_pb_row_6 et_pb_row et-vb-row--no-module et_block_row\"><div class=\"et_pb_column_9 et_pb_column et_pb_column_4_4 et-last-child et_block_column et_pb_column_empty et_pb_css_mix_blend_mode_passthrough\"><\/div><\/div><\/div><div class=\"et_pb_section_6 et_pb_section et_section_regular et_block_section et_animated\"><div class=\"et_pb_row_7 et_pb_row et_block_row et_animated\"><div class=\"et_pb_column_10 et_pb_column et_pb_column_4_4 et-last-child et_block_column et_pb_css_mix_blend_mode_passthrough\"><div class=\"et_pb_image_4 et_pb_image et_pb_module et_block_module\"><span class=\"et_pb_image_wrap\"><img loading=\"lazy\" decoding=\"async\" src=\"https:\/\/koma.zgora.pl\/en\/wp-content\/uploads\/2022\/03\/koma_logo_white.png\" width=\"220\" height=\"91\" srcset=\"https:\/\/koma.zgora.pl\/en\/wp-content\/uploads\/2022\/03\/koma_logo_white.png 220w\" sizes=\"(max-width: 220px) 100vw, 220px\" class=\"wp-image-932\" title=\"koma_logo_white\" alt=\"logo koma bia\u0142e\" \/><\/span><\/div><div class=\"et_pb_text_8 et_pb_text et_pb_bg_layout_light et_animated et_pb_module et_block_module et_pb_text_align_center\"><div class=\"et_pb_text_inner\"><h2>PPUH KOMA SP. Z O.O.<\/h2>\n<h3><span style=\"color: #fff;\">PRODUCENT PALNIK\u00d3W GAZOWYCH <\/span><\/h3>\n<h3><span style=\"color: #fff;\">I URZ\u0104DZE\u0143 DLA PRZEMYS\u0141U MI\u0118SNEGO<\/span><\/h3>\n<\/div><\/div><div class=\"et_pb_text_9 et_pb_text et_pb_bg_layout_light et_animated et_pb_module et_block_module et_pb_text_align_center\"><div class=\"et_pb_text_inner\"><div class=\"katalog\" style=\"text-align: center;\">ul. Ksi\u0119\u017cycowa 38, 66-008 S\u0141ONE<\/div>\n<div class=\"katalog\" style=\"text-align: center;\"><i class=\"fas fa-phone-square-alt\"><\/i>\u00a0+48 683273307<\/div>\n<div class=\"katalog\" style=\"text-align: center;\"><i class=\"fas fa-envelope-open-text\"><\/i>\u00a0sprzedaz@koma.zgora.pl<\/div>\n<\/div><\/div><\/div><\/div><\/div><div class=\"et_pb_section_7 et_pb_section et_section_regular et_block_section\"><div class=\"et_pb_row_8 et_pb_row et_block_row\"><div class=\"et_pb_column_11 et_pb_column et_pb_column_4_4 et-last-child et_block_column et_pb_css_mix_blend_mode_passthrough\"><div class=\"et_pb_image_5 et_pb_image et_pb_module et_block_module\"><span class=\"et_pb_image_wrap\"><img loading=\"lazy\" decoding=\"async\" src=\"https:\/\/koma.zgora.pl\/en\/wp-content\/uploads\/2022\/03\/ue-baner.jpeg\" width=\"600\" height=\"73\" srcset=\"https:\/\/koma.zgora.pl\/en\/wp-content\/uploads\/2022\/03\/ue-baner.jpeg 600w, https:\/\/koma.zgora.pl\/en\/wp-content\/uploads\/2022\/03\/ue-baner-480x58.jpeg 480w\" sizes=\"(min-width: 0px) and (max-width: 480px) 480px, (min-width: 481px) 600px, 100vw\" class=\"wp-image-476\" title=\"ue-baner\" alt=\"ue baner\" \/><\/span><\/div><\/div><\/div><\/div>\n","protected":false},"excerpt":{"rendered":"","protected":false},"author":1,"featured_media":0,"parent":12,"menu_order":0,"comment_status":"closed","ping_status":"closed","template":"","meta":{"footnotes":""},"class_list":["post-254","page","type-page","status-publish","hentry"],"yoast_head":"<!-- This site is optimized with the Yoast SEO plugin v27.4 - https:\/\/yoast.com\/product\/yoast-seo-wordpress\/ -->\n<title>Cyclone Torch for Copper Soldering | KOMA<\/title>\n<meta name=\"robots\" content=\"index, follow, max-snippet:-1, max-image-preview:large, max-video-preview:-1\" \/>\n<link rel=\"canonical\" href=\"https:\/\/koma.zgora.pl\/en\/palniki-gazowe\/do-lutowania\/\" \/>\n<meta property=\"og:locale\" content=\"en_US\" \/>\n<meta property=\"og:type\" content=\"article\" \/>\n<meta property=\"og:title\" content=\"Cyclone Torch for Copper Soldering | KOMA\" \/>\n<meta property=\"og:url\" content=\"https:\/\/koma.zgora.pl\/en\/palniki-gazowe\/do-lutowania\/\" \/>\n<meta property=\"og:site_name\" content=\"Roofing Torches Producer\" \/>\n<meta property=\"article:modified_time\" content=\"2026-04-21T07:02:05+00:00\" \/>\n<meta name=\"twitter:card\" content=\"summary_large_image\" \/>\n<script type=\"application\/ld+json\" class=\"yoast-schema-graph\">{\"@context\":\"https:\\\/\\\/schema.org\",\"@graph\":[{\"@type\":\"WebPage\",\"@id\":\"https:\\\/\\\/koma.zgora.pl\\\/en\\\/palniki-gazowe\\\/do-lutowania\\\/\",\"url\":\"https:\\\/\\\/koma.zgora.pl\\\/en\\\/palniki-gazowe\\\/do-lutowania\\\/\",\"name\":\"Cyclone Torch for Copper Soldering | KOMA\",\"isPartOf\":{\"@id\":\"https:\\\/\\\/koma.zgora.pl\\\/en\\\/#website\"},\"datePublished\":\"2022-03-10T17:32:28+00:00\",\"dateModified\":\"2026-04-21T07:02:05+00:00\",\"breadcrumb\":{\"@id\":\"https:\\\/\\\/koma.zgora.pl\\\/en\\\/palniki-gazowe\\\/do-lutowania\\\/#breadcrumb\"},\"inLanguage\":\"en-US\",\"potentialAction\":[{\"@type\":\"ReadAction\",\"target\":[\"https:\\\/\\\/koma.zgora.pl\\\/en\\\/palniki-gazowe\\\/do-lutowania\\\/\"]}]},{\"@type\":\"BreadcrumbList\",\"@id\":\"https:\\\/\\\/koma.zgora.pl\\\/en\\\/palniki-gazowe\\\/do-lutowania\\\/#breadcrumb\",\"itemListElement\":[{\"@type\":\"ListItem\",\"position\":1,\"name\":\"Home\",\"item\":\"https:\\\/\\\/koma.zgora.pl\\\/en\\\/\"},{\"@type\":\"ListItem\",\"position\":2,\"name\":\"Roofing Torches\",\"item\":\"https:\\\/\\\/koma.zgora.pl\\\/en\\\/palniki-gazowe\\\/\"},{\"@type\":\"ListItem\",\"position\":3,\"name\":\"GAS TORCH FOR SOLDERING\"}]},{\"@type\":\"WebSite\",\"@id\":\"https:\\\/\\\/koma.zgora.pl\\\/en\\\/#website\",\"url\":\"https:\\\/\\\/koma.zgora.pl\\\/en\\\/\",\"name\":\"Roofing Torches Producer\",\"description\":\"KOMA\",\"potentialAction\":[{\"@type\":\"SearchAction\",\"target\":{\"@type\":\"EntryPoint\",\"urlTemplate\":\"https:\\\/\\\/koma.zgora.pl\\\/en\\\/?s={search_term_string}\"},\"query-input\":{\"@type\":\"PropertyValueSpecification\",\"valueRequired\":true,\"valueName\":\"search_term_string\"}}],\"inLanguage\":\"en-US\"}]}<\/script>\n<!-- \/ Yoast SEO plugin. -->","yoast_head_json":{"title":"Cyclone Torch for Copper Soldering | KOMA","robots":{"index":"index","follow":"follow","max-snippet":"max-snippet:-1","max-image-preview":"max-image-preview:large","max-video-preview":"max-video-preview:-1"},"canonical":"https:\/\/koma.zgora.pl\/en\/palniki-gazowe\/do-lutowania\/","og_locale":"en_US","og_type":"article","og_title":"Cyclone Torch for Copper Soldering | KOMA","og_url":"https:\/\/koma.zgora.pl\/en\/palniki-gazowe\/do-lutowania\/","og_site_name":"Roofing Torches Producer","article_modified_time":"2026-04-21T07:02:05+00:00","twitter_card":"summary_large_image","schema":{"@context":"https:\/\/schema.org","@graph":[{"@type":"WebPage","@id":"https:\/\/koma.zgora.pl\/en\/palniki-gazowe\/do-lutowania\/","url":"https:\/\/koma.zgora.pl\/en\/palniki-gazowe\/do-lutowania\/","name":"Cyclone Torch for Copper Soldering | KOMA","isPartOf":{"@id":"https:\/\/koma.zgora.pl\/en\/#website"},"datePublished":"2022-03-10T17:32:28+00:00","dateModified":"2026-04-21T07:02:05+00:00","breadcrumb":{"@id":"https:\/\/koma.zgora.pl\/en\/palniki-gazowe\/do-lutowania\/#breadcrumb"},"inLanguage":"en-US","potentialAction":[{"@type":"ReadAction","target":["https:\/\/koma.zgora.pl\/en\/palniki-gazowe\/do-lutowania\/"]}]},{"@type":"BreadcrumbList","@id":"https:\/\/koma.zgora.pl\/en\/palniki-gazowe\/do-lutowania\/#breadcrumb","itemListElement":[{"@type":"ListItem","position":1,"name":"Home","item":"https:\/\/koma.zgora.pl\/en\/"},{"@type":"ListItem","position":2,"name":"Roofing Torches","item":"https:\/\/koma.zgora.pl\/en\/palniki-gazowe\/"},{"@type":"ListItem","position":3,"name":"GAS TORCH FOR SOLDERING"}]},{"@type":"WebSite","@id":"https:\/\/koma.zgora.pl\/en\/#website","url":"https:\/\/koma.zgora.pl\/en\/","name":"Roofing Torches Producer","description":"KOMA","potentialAction":[{"@type":"SearchAction","target":{"@type":"EntryPoint","urlTemplate":"https:\/\/koma.zgora.pl\/en\/?s={search_term_string}"},"query-input":{"@type":"PropertyValueSpecification","valueRequired":true,"valueName":"search_term_string"}}],"inLanguage":"en-US"}]}},"_links":{"self":[{"href":"https:\/\/koma.zgora.pl\/en\/wp-json\/wp\/v2\/pages\/254","targetHints":{"allow":["GET"]}}],"collection":[{"href":"https:\/\/koma.zgora.pl\/en\/wp-json\/wp\/v2\/pages"}],"about":[{"href":"https:\/\/koma.zgora.pl\/en\/wp-json\/wp\/v2\/types\/page"}],"author":[{"embeddable":true,"href":"https:\/\/koma.zgora.pl\/en\/wp-json\/wp\/v2\/users\/1"}],"replies":[{"embeddable":true,"href":"https:\/\/koma.zgora.pl\/en\/wp-json\/wp\/v2\/comments?post=254"}],"version-history":[{"count":18,"href":"https:\/\/koma.zgora.pl\/en\/wp-json\/wp\/v2\/pages\/254\/revisions"}],"predecessor-version":[{"id":2795,"href":"https:\/\/koma.zgora.pl\/en\/wp-json\/wp\/v2\/pages\/254\/revisions\/2795"}],"up":[{"embeddable":true,"href":"https:\/\/koma.zgora.pl\/en\/wp-json\/wp\/v2\/pages\/12"}],"wp:attachment":[{"href":"https:\/\/koma.zgora.pl\/en\/wp-json\/wp\/v2\/media?parent=254"}],"curies":[{"name":"wp","href":"https:\/\/api.w.org\/{rel}","templated":true}]}}