{"id":244,"date":"2022-03-10T17:20:24","date_gmt":"2022-03-10T17:20:24","guid":{"rendered":"https:\/\/koma.zgora.pl\/en\/?page_id=244"},"modified":"2026-04-21T09:02:01","modified_gmt":"2026-04-21T07:02:01","slug":"palnik-do-odkazania","status":"publish","type":"page","link":"https:\/\/koma.zgora.pl\/en\/przemysl-miesny\/inne\/palnik-do-odkazania\/","title":{"rendered":"Decontamination Torch Burner"},"content":{"rendered":"\n<div class=\"et_pb_section_0 et_pb_section et_section_regular et_block_section et_animated\"><div class=\"et_pb_row_0 et_pb_row et_pb_equal_columns et_pb_gutters1 et_block_row et_animated et_pb_row_fullwidth\"><div class=\"et_pb_column_0 et_pb_column et_pb_column_1_2 et_block_column et_pb_css_mix_blend_mode_passthrough\"><div class=\"et_pb_text_0 et_pb_text et_pb_bg_layout_light et_animated et_pb_module et_block_module\"><div class=\"et_pb_text_inner\"><p>PPUH KOMA sp. z o.o.<\/p>\n<\/div><\/div><div class=\"et_pb_text_1 et_pb_text et_pb_bg_layout_light et_animated et_pb_module et_block_module\"><div class=\"et_pb_text_inner\"><h1>Decontamination Torch Burner<\/h1>\n<\/div><\/div><div class=\"et_pb_text_2 et_pb_text et_pb_bg_layout_light et_animated et_pb_module et_block_module\"><div class=\"et_pb_text_inner\"><p>Gas burners for decontamination are used for burning (decontamination) of flat surfaces, e.g. poultry houses. A special module allows the connection of compressed air for higher temperatures and a more stable flame, while the side module also allows the flame to be directed at walls.<\/p>\n<\/div><\/div><\/div><div class=\"et_pb_column_1 et_pb_column et_pb_column_1_2 et-last-child et_block_column et_pb_column_empty et_pb_css_mix_blend_mode_passthrough et-pb-has-background-video et_pb_preload\"><span class=\"et-pb-background-video\"><video autoplay loop playsinline muted><source type=\"video\/mp4\" src=\"https:\/\/koma.zgora.pl\/en\/wp-content\/uploads\/2022\/04\/palnik-do-odkazania.mp4\" \/><\/video><\/span><\/div><\/div><div class=\"et_pb_row_1 et_pb_row et_block_row\"><div class=\"et_pb_column_2 et_pb_column et_pb_column_1_3 et_block_column et_pb_css_mix_blend_mode_passthrough\"><div class=\"et_pb_toggle_0 et_pb_toggle et_pb_toggle_item et_pb_toggle_open et_pb_module et_block_module\"><h5 class=\"et_pb_toggle_title\">Our Torches<\/h5><div class=\"et_pb_toggle_content clearfix\"><h5>\u00a0<\/h5>\n<h5>Basic Series:<\/h5>\n<p>&nbsp;<\/p>\n<p><strong><a href=\"https:\/\/koma.zgora.pl\/en\/palniki-gazowe\/serie\/optima\/\">OPTIMA<\/a><\/strong><\/p>\n<p>&nbsp;<\/p>\n<h5>Professional Series:<\/h5>\n<p>&nbsp;<\/p>\n<p><strong><a href=\"https:\/\/koma.zgora.pl\/en\/palniki-gazowe\/serie\/koma\/\">KOMA<\/a><\/strong><\/p>\n<p><strong><a href=\"https:\/\/koma.zgora.pl\/en\/palniki-gazowe\/serie\/koma-plus\/\">KOMA PLUS<\/a><\/strong><\/p>\n<p><strong><a href=\"https:\/\/koma.zgora.pl\/en\/palniki-gazowe\/serie\/koma-plus-tytan\/\">KOMA PLUS TYTAN<\/a><\/strong><\/p>\n<p>&nbsp;<\/p>\n<p>&nbsp;<\/p>\n<p><strong>By Use<\/strong><\/p>\n<p><a href=\"https:\/\/koma.zgora.pl\/en\/palniki-gazowe\/do-papy-termozgrzewalnej\/\">Roofing Felt Burner<\/a><\/p>\n<p><a href=\"https:\/\/koma.zgora.pl\/en\/palniki-gazowe\/propan-butan-do-butli\/\">Roofers Burner for Propane Cylinder<\/a><\/p>\n<p><a href=\"https:\/\/koma.zgora.pl\/en\/palniki-gazowe\/do-obrobek-dekarskich\/\">Roof Flashing Torch<\/a><\/p>\n<p><a href=\"https:\/\/koma.zgora.pl\/en\/palniki-gazowe\/tytanowy\/\">Titanium Roofing Torch<\/a><\/p>\n<p><a href=\"https:\/\/koma.zgora.pl\/en\/palniki-gazowe\/do-lutowania\/\">Gas Torch for Soldering<\/a><\/p>\n<p><a href=\"https:\/\/koma.zgora.pl\/en\/palniki-gazowe\/turbo\/\">Turbo Torch<\/a><\/p>\n<p><a href=\"https:\/\/koma.zgora.pl\/en\/palniki-gazowe\/do-zakladek\/\">Tab Burner<\/a><\/p>\n<p><a href=\"https:\/\/koma.zgora.pl\/en\/palniki-gazowe\/o-szerokim-zasiegu-plomienia\/\">Wide Flame Spread Torch<\/a><\/p>\n<p><a href=\"https:\/\/koma.zgora.pl\/en\/palniki-gazowe\/na-kolkach\/\">Roofing Torch on Wheels<\/a><\/p>\n<p><a href=\"https:\/\/koma.zgora.pl\/en\/przemysl-miesny\/inne\/palnik-do-odkazania\/\">Decontamination Torch<\/a><\/p>\n<p><a href=\"https:\/\/koma.zgora.pl\/en\/palniki-gazowe\/do-wypalania-chwastow\/\">Weed Burner<\/a><\/p>\n<p><a href=\"https:\/\/koma.zgora.pl\/en\/palniki-gazowe\/jednodyszowe\/\">One Nozzle Torch<\/a><\/p>\n<p><a href=\"https:\/\/koma.zgora.pl\/en\/palniki-gazowe\/dwudyszowe\/\">Two Nozzle Torch<\/a><\/p>\n<p><a href=\"https:\/\/koma.zgora.pl\/en\/palniki-gazowe\/trzydyszowe\/\">Three Nozzle Torch<\/a><\/p>\n<p><a href=\"https:\/\/koma.zgora.pl\/en\/palniki-gazowe\/czterodyszowe\/\">Four Nozzle Torch<\/a><\/p>\n<p><a href=\"https:\/\/koma.zgora.pl\/en\/palniki-gazowe\/uniwersalny\/\">Multi Purpose Torch<\/a><\/p>\n<p><a href=\"https:\/\/koma.zgora.pl\/en\/akcesoria-dekarskie\/\">Roofer's Accessories<\/a><\/p>\n<\/div><\/div><\/div><div class=\"et_pb_column_3 et_pb_column et_pb_column_2_3 et-last-child et_block_column et_pb_css_mix_blend_mode_passthrough\"><div class=\"et_pb_text_3 et_pb_text et_pb_bg_layout_light et_pb_module et_block_module\"><div class=\"et_pb_text_inner\"><p>&nbsp;<\/p>\n<h2>Decontamination burner WK10<\/h2>\n<p>The WK10 torch is a multi-nozzle burner (10 diffusers) designed to burn (decontaminate) flat surfaces (e.g. poultry houses). It is powered by propane or propane-butane gas. To obtain a higher temperature and a more stable flame, it is recommended to additionally connect compressed air.<\/p>\n<p>The WK10 burner consists of a 10-nozzle trolley, a 10-metre hose and a regulator, equipped with a fuse, allowing gas pressure adjustment from 1-4 bar.<\/p>\n<\/div><\/div><div class=\"et_pb_image_0 et_pb_image et_pb_module et_block_module\"><a href=\"https:\/\/koma.zgora.pl\/en\/wp-content\/uploads\/2022\/04\/palnik-do-odkaz\u0307ania-WK10.png\" class=\"et_pb_lightbox_image\" alt=\"WK10 decontamination torch burner\"><span class=\"et_pb_image_wrap\"><img loading=\"lazy\" decoding=\"async\" src=\"https:\/\/koma.zgora.pl\/en\/wp-content\/uploads\/2022\/04\/palnik-do-odkaz\u0307ania-WK10.png\" width=\"1000\" height=\"1000\" srcset=\"https:\/\/koma.zgora.pl\/en\/wp-content\/uploads\/2022\/04\/palnik-do-odkaz\u0307ania-WK10.png 1000w, https:\/\/koma.zgora.pl\/en\/wp-content\/uploads\/2022\/04\/palnik-do-odkaz\u0307ania-WK10-300x300.png 300w, https:\/\/koma.zgora.pl\/en\/wp-content\/uploads\/2022\/04\/palnik-do-odkaz\u0307ania-WK10-150x150.png 150w, https:\/\/koma.zgora.pl\/en\/wp-content\/uploads\/2022\/04\/palnik-do-odkaz\u0307ania-WK10-768x768.png 768w, https:\/\/koma.zgora.pl\/en\/wp-content\/uploads\/2022\/04\/palnik-do-odkaz\u0307ania-WK10-980x980.png 980w, https:\/\/koma.zgora.pl\/en\/wp-content\/uploads\/2022\/04\/palnik-do-odkaz\u0307ania-WK10-480x480.png 480w\" sizes=\"(max-width: 1000px) 100vw, 1000px\" class=\"wp-image-1295\" title=\"WK10 decontamination torch burner\" alt=\"WK10 decontamination torch burner\" \/><\/span><\/a><\/div><div class=\"et_pb_divider_0 et_pb_divider et_pb_space et_pb_divider_position_top et_pb_module\"><div class=\"et_pb_divider_internal\"><\/div><\/div><div class=\"et_pb_text_4 et_pb_text et_pb_bg_layout_light et_pb_module et_block_module\"><div class=\"et_pb_text_inner\"><h2>Decontamination Burner WK10\/D3<\/h2>\n<p>&nbsp;<\/p>\n<p>The WK10\/D3 burner is a multi-nozzle burner (10+3 diffusers) designed to burn (decontaminate) flat surfaces (e.g. poultry houses). It is powered by propane or propane-butane gas. To obtain a higher temperature and a more stable flame, it is recommended to additionally connect compressed air.<\/p>\n<p>The WK10\/D3 burner consists of a 10-nozzle trolley, a 3-nozzle module for decontamination of the side walls, a 10 m hose and a regulator, equipped with a fuse, allowing gas pressure adjustment from 1-4 bar .<\/p>\n<p>The D3 module can be used as an extension of the manifold with diffusers.<\/p>\n<\/div><\/div><div class=\"et_pb_image_1 et_pb_image et_pb_module et_block_module\"><a href=\"https:\/\/koma.zgora.pl\/en\/wp-content\/uploads\/2022\/06\/palnik-do-odkaz\u0307ania-WK10D3.jpeg\" class=\"et_pb_lightbox_image\" alt=\"WK10 decontamination torch burner WK10:D3\"><span class=\"et_pb_image_wrap\"><img loading=\"lazy\" decoding=\"async\" src=\"https:\/\/koma.zgora.pl\/en\/wp-content\/uploads\/2022\/06\/palnik-do-odkaz\u0307ania-WK10D3.jpeg\" width=\"240\" height=\"240\" srcset=\"https:\/\/koma.zgora.pl\/en\/wp-content\/uploads\/2022\/06\/palnik-do-odkaz\u0307ania-WK10D3.jpeg 240w, https:\/\/koma.zgora.pl\/en\/wp-content\/uploads\/2022\/06\/palnik-do-odkaz\u0307ania-WK10D3-150x150.jpeg 150w, https:\/\/koma.zgora.pl\/en\/wp-content\/uploads\/2022\/06\/palnik-do-odkaz\u0307ania-WK10D3-24x24.jpeg 24w, https:\/\/koma.zgora.pl\/en\/wp-content\/uploads\/2022\/06\/palnik-do-odkaz\u0307ania-WK10D3-36x36.jpeg 36w, https:\/\/koma.zgora.pl\/en\/wp-content\/uploads\/2022\/06\/palnik-do-odkaz\u0307ania-WK10D3-48x48.jpeg 48w\" sizes=\"(max-width: 240px) 100vw, 240px\" class=\"wp-image-2161\" title=\"WK10 decontamination torch burner WK10:D3\" alt=\"WK10 decontamination torch burner WK10:D3\" \/><\/span><\/a><\/div><div class=\"et_pb_divider_1 et_pb_divider et_pb_space et_pb_divider_position_top et_pb_module\"><div class=\"et_pb_divider_internal\"><\/div><\/div><\/div><\/div><\/div><div class=\"et_pb_section_1 et_pb_section et_section_regular et_block_section\"><div class=\"et_pb_row_2 et_pb_row et_block_row\"><div class=\"et_pb_column_4 et_pb_column et_pb_column_4_4 et-last-child et_block_column et_pb_css_mix_blend_mode_passthrough\"><div class=\"et_pb_text_5 et_pb_text et_pb_bg_layout_light et_pb_module et_block_module\"><div class=\"et_pb_text_inner\"><h4 style=\"text-align: center;\"><b>You are welcome to contact us anytime<\/b><\/h4>\n<\/div><\/div><\/div><\/div><\/div><div class=\"et_pb_section_2 et_pb_section et_section_regular et_block_section\"><div class=\"et_pb_row_3 et_pb_row et_block_row\"><div class=\"et_pb_column_5 et_pb_column et_pb_column_1_2 et_block_column et_pb_css_mix_blend_mode_passthrough\"><div class=\"et_pb_testimonial_0 et_pb_testimonial et_pb_icon_off et_pb_bg_layout_light et_animated et_pb_module et_block_module\"><div class=\"et_pb_testimonial_inner\"><div class=\"et_pb_testimonial_portrait\" style=\"background-image:url(https:\/\/koma.zgora.pl\/en\/wp-content\/uploads\/2022\/03\/ola_kontakt_www_01.jpeg)\"><\/div><div class=\"et_pb_testimonial_description\"><div class=\"et_pb_testimonial_description_inner\"><div class=\"et_pb_testimonial_content\"><p>Mail: <a class=\"\" href=\"mailto:export@koma.zgora.pl\">export@koma.zgora.pl<\/a><br \/>Tel: +48 683273307 ex. 6<\/p>\n<p><img loading=\"lazy\" decoding=\"async\" class=\"wp-image-411 alignleft\" src=\"https:\/\/koma.zgora.pl\/en\/wp-content\/uploads\/2022\/03\/pl.png\" alt=\"\" width=\"18\" height=\"12\" \/><img loading=\"lazy\" decoding=\"async\" class=\"wp-image-417 size-full alignleft\" src=\"https:\/\/koma.zgora.pl\/en\/wp-content\/uploads\/2022\/03\/eng.png\" alt=\"\" width=\"18\" height=\"12\" \/><\/p>\n<\/div><\/div><div class=\"et_pb_testimonial_author\">Aleksandra Knott<\/div><div class=\"et_pb_testimonial_meta\"><span class=\"et_pb_testimonial_position\">Sales Department<\/span><\/div><\/div><\/div><\/div><div class=\"et_pb_testimonial_1 et_pb_testimonial et_pb_icon_off et_pb_bg_layout_light et_animated et_pb_module et_block_module\"><div class=\"et_pb_testimonial_inner\"><div class=\"et_pb_testimonial_portrait\" style=\"background-image:url(https:\/\/koma.zgora.pl\/en\/wp-content\/uploads\/2022\/03\/mkonwinksa.jpeg)\"><\/div><div class=\"et_pb_testimonial_description\"><div class=\"et_pb_testimonial_description_inner\"><div class=\"et_pb_testimonial_content\"><p><a class=\"\" href=\"mailto:koma@koma.zgora.pl\">Mail: koma<\/a><a class=\"\" href=\"mailto:koma@koma.zgora.pl\">@koma.zgora.pl<\/a><br \/>Tel: 789 346 889 \/ +48 683273307 ex. 2<\/p>\n<p><img loading=\"lazy\" decoding=\"async\" class=\"wp-image-411 size-full alignleft\" src=\"https:\/\/koma.zgora.pl\/en\/wp-content\/uploads\/2022\/03\/pl.png\" alt=\"\" width=\"18\" height=\"12\" \/><img loading=\"lazy\" decoding=\"async\" class=\"wp-image-410 size-full alignleft\" src=\"https:\/\/koma.zgora.pl\/en\/wp-content\/uploads\/2022\/03\/rus.png\" alt=\"\" width=\"18\" height=\"12\" \/><\/p>\n<\/div><\/div><div class=\"et_pb_testimonial_author\">Malwina Konwi\u0144ska<\/div><div class=\"et_pb_testimonial_meta\"><span class=\"et_pb_testimonial_company\">Sales Department<\/span><\/div><\/div><\/div><\/div><\/div><div class=\"et_pb_column_6 et_pb_column et_pb_column_1_2 et-last-child et_block_column et_pb_css_mix_blend_mode_passthrough\"><div class=\"et_pb_testimonial_2 et_pb_testimonial et_pb_icon_off et_pb_bg_layout_light et_animated et_pb_module et_block_module\"><div class=\"et_pb_testimonial_inner\"><div class=\"et_pb_testimonial_portrait\" style=\"background-image:url(https:\/\/koma.zgora.pl\/en\/wp-content\/uploads\/2022\/03\/marcin_c_kontakt_www_01-224x300-1.jpeg)\"><\/div><div class=\"et_pb_testimonial_description\"><div class=\"et_pb_testimonial_description_inner\"><div class=\"et_pb_testimonial_content\"><p><a href=\"mailto:sklep@koma.zgora.pl\">Mail:<\/a> <a class=\"\" href=\"mailto:sklep@koma.zgora.pl\">sklep@koma.zgora.pl<\/a><br \/>Tel: 510 817 177\u00a0 \/\u00a0 +48 683273307 ex. 1<\/p>\n<p><img loading=\"lazy\" decoding=\"async\" class=\"wp-image-417 size-full alignleft\" src=\"https:\/\/koma.zgora.pl\/en\/wp-content\/uploads\/2022\/03\/eng.png\" alt=\"\" width=\"18\" height=\"12\" \/><img loading=\"lazy\" decoding=\"async\" class=\"wp-image-411 size-full alignleft\" src=\"https:\/\/koma.zgora.pl\/en\/wp-content\/uploads\/2022\/03\/pl.png\" alt=\"\" width=\"18\" height=\"12\" \/><\/p>\n<\/div><\/div><div class=\"et_pb_testimonial_author\">Marcin Czajczy\u0144ski<\/div><div class=\"et_pb_testimonial_meta\"><span class=\"et_pb_testimonial_position\">Sales Department<\/span><\/div><\/div><\/div><\/div><div class=\"et_pb_testimonial_3 et_pb_testimonial et_pb_icon_off et_pb_bg_layout_light et_animated et_pb_module et_block_module\"><div class=\"et_pb_testimonial_inner\"><div class=\"et_pb_testimonial_portrait\" style=\"background-image:url(https:\/\/koma.zgora.pl\/en\/wp-content\/uploads\/2022\/03\/kontakt_sebrynkiewicz_011.jpeg)\"><\/div><div class=\"et_pb_testimonial_description\"><div class=\"et_pb_testimonial_description_inner\"><div class=\"et_pb_testimonial_content\"><p><a href=\"mailto:serwis@koma.zgora.pl\">\u00a0Mail: serwis@koma.zgora.pl<\/a><\/p>\n<p>Tel: +48 697722404 \u00a0\/ \u00a0+48 683273307 ex. 3<\/p>\n<\/div><\/div><div class=\"et_pb_testimonial_author\">Sebastian Rynkiewicz<\/div><div class=\"et_pb_testimonial_meta\"><span class=\"et_pb_testimonial_position\">Technical Department<\/span><\/div><\/div><\/div><\/div><\/div><\/div><\/div><div class=\"et_pb_section_3 et_pb_section et_section_regular et_block_section\"><div class=\"et_pb_row_4 et_pb_row et-vb-row--no-module et_block_row\"><div class=\"et_pb_column_7 et_pb_column et_pb_column_4_4 et-last-child et_block_column et_pb_column_empty et_pb_css_mix_blend_mode_passthrough\"><\/div><\/div><\/div><div class=\"et_pb_section_4 et_pb_section et_section_regular et_block_section et_animated\"><div class=\"et_pb_row_5 et_pb_row et_block_row et_animated\"><div class=\"et_pb_column_8 et_pb_column et_pb_column_4_4 et-last-child et_block_column et_pb_css_mix_blend_mode_passthrough\"><div class=\"et_pb_image_2 et_pb_image et_pb_module et_block_module\"><span class=\"et_pb_image_wrap\"><img loading=\"lazy\" decoding=\"async\" src=\"https:\/\/koma.zgora.pl\/en\/wp-content\/uploads\/2022\/03\/koma_logo_white.png\" width=\"220\" height=\"91\" srcset=\"https:\/\/koma.zgora.pl\/en\/wp-content\/uploads\/2022\/03\/koma_logo_white.png 220w\" sizes=\"(max-width: 220px) 100vw, 220px\" class=\"wp-image-932\" title=\"koma_logo_white\" alt=\"logo koma bia\u0142e\" \/><\/span><\/div><div class=\"et_pb_text_6 et_pb_text et_pb_bg_layout_light et_animated et_pb_module et_block_module et_pb_text_align_center\"><div class=\"et_pb_text_inner\"><h2>PPUH KOMA SP. Z O.O.<\/h2>\n<h3><span style=\"color: #fff;\">PRODUCENT PALNIK\u00d3W GAZOWYCH <\/span><\/h3>\n<h3><span style=\"color: #fff;\">I URZ\u0104DZE\u0143 DLA PRZEMYS\u0141U MI\u0118SNEGO<\/span><\/h3>\n<\/div><\/div><div class=\"et_pb_text_7 et_pb_text et_pb_bg_layout_light et_animated et_pb_module et_block_module et_pb_text_align_center\"><div class=\"et_pb_text_inner\"><div class=\"katalog\" style=\"text-align: center;\">ul. Ksi\u0119\u017cycowa 38, 66-008 S\u0141ONE<\/div>\n<div class=\"katalog\" style=\"text-align: center;\"><i class=\"fas fa-phone-square-alt\"><\/i>\u00a0+48 683273307<\/div>\n<div class=\"katalog\" style=\"text-align: center;\"><i class=\"fas fa-envelope-open-text\"><\/i>\u00a0sprzedaz@koma.zgora.pl<\/div>\n<\/div><\/div><\/div><\/div><\/div><div class=\"et_pb_section_5 et_pb_section et_section_regular et_block_section\"><div class=\"et_pb_row_6 et_pb_row et_block_row\"><div class=\"et_pb_column_9 et_pb_column et_pb_column_4_4 et-last-child et_block_column et_pb_css_mix_blend_mode_passthrough\"><div class=\"et_pb_image_3 et_pb_image et_pb_module et_block_module\"><span class=\"et_pb_image_wrap\"><img loading=\"lazy\" decoding=\"async\" src=\"https:\/\/koma.zgora.pl\/en\/wp-content\/uploads\/2022\/03\/ue-baner.jpeg\" width=\"600\" height=\"73\" srcset=\"https:\/\/koma.zgora.pl\/en\/wp-content\/uploads\/2022\/03\/ue-baner.jpeg 600w, https:\/\/koma.zgora.pl\/en\/wp-content\/uploads\/2022\/03\/ue-baner-480x58.jpeg 480w\" sizes=\"(min-width: 0px) and (max-width: 480px) 480px, (min-width: 481px) 600px, 100vw\" class=\"wp-image-476\" title=\"ue-baner\" alt=\"ue baner\" \/><\/span><\/div><\/div><\/div><\/div>\n","protected":false},"excerpt":{"rendered":"","protected":false},"author":1,"featured_media":0,"parent":91,"menu_order":0,"comment_status":"closed","ping_status":"closed","template":"","meta":{"footnotes":""},"class_list":["post-244","page","type-page","status-publish","hentry"],"yoast_head":"<!-- This site is optimized with the Yoast SEO plugin v27.4 - https:\/\/yoast.com\/product\/yoast-seo-wordpress\/ -->\n<title>Decontamination Torch Burner for chicken coop | KOMA<\/title>\n<meta name=\"robots\" content=\"index, follow, max-snippet:-1, max-image-preview:large, max-video-preview:-1\" \/>\n<link rel=\"canonical\" href=\"https:\/\/koma.zgora.pl\/en\/przemysl-miesny\/inne\/palnik-do-odkazania\/\" \/>\n<meta property=\"og:locale\" content=\"en_US\" \/>\n<meta property=\"og:type\" content=\"article\" \/>\n<meta property=\"og:title\" content=\"Decontamination Torch Burner for chicken coop | KOMA\" \/>\n<meta property=\"og:url\" content=\"https:\/\/koma.zgora.pl\/en\/przemysl-miesny\/inne\/palnik-do-odkazania\/\" \/>\n<meta property=\"og:site_name\" content=\"Roofing Torches Producer\" \/>\n<meta property=\"article:modified_time\" content=\"2026-04-21T07:02:01+00:00\" \/>\n<meta name=\"twitter:card\" content=\"summary_large_image\" \/>\n<script type=\"application\/ld+json\" class=\"yoast-schema-graph\">{\"@context\":\"https:\\\/\\\/schema.org\",\"@graph\":[{\"@type\":\"WebPage\",\"@id\":\"https:\\\/\\\/koma.zgora.pl\\\/en\\\/przemysl-miesny\\\/inne\\\/palnik-do-odkazania\\\/\",\"url\":\"https:\\\/\\\/koma.zgora.pl\\\/en\\\/przemysl-miesny\\\/inne\\\/palnik-do-odkazania\\\/\",\"name\":\"Decontamination Torch Burner for chicken coop | KOMA\",\"isPartOf\":{\"@id\":\"https:\\\/\\\/koma.zgora.pl\\\/en\\\/#website\"},\"datePublished\":\"2022-03-10T17:20:24+00:00\",\"dateModified\":\"2026-04-21T07:02:01+00:00\",\"breadcrumb\":{\"@id\":\"https:\\\/\\\/koma.zgora.pl\\\/en\\\/przemysl-miesny\\\/inne\\\/palnik-do-odkazania\\\/#breadcrumb\"},\"inLanguage\":\"en-US\",\"potentialAction\":[{\"@type\":\"ReadAction\",\"target\":[\"https:\\\/\\\/koma.zgora.pl\\\/en\\\/przemysl-miesny\\\/inne\\\/palnik-do-odkazania\\\/\"]}]},{\"@type\":\"BreadcrumbList\",\"@id\":\"https:\\\/\\\/koma.zgora.pl\\\/en\\\/przemysl-miesny\\\/inne\\\/palnik-do-odkazania\\\/#breadcrumb\",\"itemListElement\":[{\"@type\":\"ListItem\",\"position\":1,\"name\":\"Home\",\"item\":\"https:\\\/\\\/koma.zgora.pl\\\/en\\\/\"},{\"@type\":\"ListItem\",\"position\":2,\"name\":\"Meat Industry\",\"item\":\"https:\\\/\\\/koma.zgora.pl\\\/en\\\/przemysl-miesny\\\/\"},{\"@type\":\"ListItem\",\"position\":3,\"name\":\"Inne\",\"item\":\"https:\\\/\\\/koma.zgora.pl\\\/en\\\/przemysl-miesny\\\/inne\\\/\"},{\"@type\":\"ListItem\",\"position\":4,\"name\":\"Decontamination Torch Burner\"}]},{\"@type\":\"WebSite\",\"@id\":\"https:\\\/\\\/koma.zgora.pl\\\/en\\\/#website\",\"url\":\"https:\\\/\\\/koma.zgora.pl\\\/en\\\/\",\"name\":\"Roofing Torches Producer\",\"description\":\"KOMA\",\"potentialAction\":[{\"@type\":\"SearchAction\",\"target\":{\"@type\":\"EntryPoint\",\"urlTemplate\":\"https:\\\/\\\/koma.zgora.pl\\\/en\\\/?s={search_term_string}\"},\"query-input\":{\"@type\":\"PropertyValueSpecification\",\"valueRequired\":true,\"valueName\":\"search_term_string\"}}],\"inLanguage\":\"en-US\"}]}<\/script>\n<!-- \/ Yoast SEO plugin. -->","yoast_head_json":{"title":"Decontamination Torch Burner for chicken coop | KOMA","robots":{"index":"index","follow":"follow","max-snippet":"max-snippet:-1","max-image-preview":"max-image-preview:large","max-video-preview":"max-video-preview:-1"},"canonical":"https:\/\/koma.zgora.pl\/en\/przemysl-miesny\/inne\/palnik-do-odkazania\/","og_locale":"en_US","og_type":"article","og_title":"Decontamination Torch Burner for chicken coop | KOMA","og_url":"https:\/\/koma.zgora.pl\/en\/przemysl-miesny\/inne\/palnik-do-odkazania\/","og_site_name":"Roofing Torches Producer","article_modified_time":"2026-04-21T07:02:01+00:00","twitter_card":"summary_large_image","schema":{"@context":"https:\/\/schema.org","@graph":[{"@type":"WebPage","@id":"https:\/\/koma.zgora.pl\/en\/przemysl-miesny\/inne\/palnik-do-odkazania\/","url":"https:\/\/koma.zgora.pl\/en\/przemysl-miesny\/inne\/palnik-do-odkazania\/","name":"Decontamination Torch Burner for chicken coop | KOMA","isPartOf":{"@id":"https:\/\/koma.zgora.pl\/en\/#website"},"datePublished":"2022-03-10T17:20:24+00:00","dateModified":"2026-04-21T07:02:01+00:00","breadcrumb":{"@id":"https:\/\/koma.zgora.pl\/en\/przemysl-miesny\/inne\/palnik-do-odkazania\/#breadcrumb"},"inLanguage":"en-US","potentialAction":[{"@type":"ReadAction","target":["https:\/\/koma.zgora.pl\/en\/przemysl-miesny\/inne\/palnik-do-odkazania\/"]}]},{"@type":"BreadcrumbList","@id":"https:\/\/koma.zgora.pl\/en\/przemysl-miesny\/inne\/palnik-do-odkazania\/#breadcrumb","itemListElement":[{"@type":"ListItem","position":1,"name":"Home","item":"https:\/\/koma.zgora.pl\/en\/"},{"@type":"ListItem","position":2,"name":"Meat Industry","item":"https:\/\/koma.zgora.pl\/en\/przemysl-miesny\/"},{"@type":"ListItem","position":3,"name":"Inne","item":"https:\/\/koma.zgora.pl\/en\/przemysl-miesny\/inne\/"},{"@type":"ListItem","position":4,"name":"Decontamination Torch Burner"}]},{"@type":"WebSite","@id":"https:\/\/koma.zgora.pl\/en\/#website","url":"https:\/\/koma.zgora.pl\/en\/","name":"Roofing Torches Producer","description":"KOMA","potentialAction":[{"@type":"SearchAction","target":{"@type":"EntryPoint","urlTemplate":"https:\/\/koma.zgora.pl\/en\/?s={search_term_string}"},"query-input":{"@type":"PropertyValueSpecification","valueRequired":true,"valueName":"search_term_string"}}],"inLanguage":"en-US"}]}},"_links":{"self":[{"href":"https:\/\/koma.zgora.pl\/en\/wp-json\/wp\/v2\/pages\/244","targetHints":{"allow":["GET"]}}],"collection":[{"href":"https:\/\/koma.zgora.pl\/en\/wp-json\/wp\/v2\/pages"}],"about":[{"href":"https:\/\/koma.zgora.pl\/en\/wp-json\/wp\/v2\/types\/page"}],"author":[{"embeddable":true,"href":"https:\/\/koma.zgora.pl\/en\/wp-json\/wp\/v2\/users\/1"}],"replies":[{"embeddable":true,"href":"https:\/\/koma.zgora.pl\/en\/wp-json\/wp\/v2\/comments?post=244"}],"version-history":[{"count":15,"href":"https:\/\/koma.zgora.pl\/en\/wp-json\/wp\/v2\/pages\/244\/revisions"}],"predecessor-version":[{"id":2791,"href":"https:\/\/koma.zgora.pl\/en\/wp-json\/wp\/v2\/pages\/244\/revisions\/2791"}],"up":[{"embeddable":true,"href":"https:\/\/koma.zgora.pl\/en\/wp-json\/wp\/v2\/pages\/91"}],"wp:attachment":[{"href":"https:\/\/koma.zgora.pl\/en\/wp-json\/wp\/v2\/media?parent=244"}],"curies":[{"name":"wp","href":"https:\/\/api.w.org\/{rel}","templated":true}]}}