{"id":228,"date":"2022-03-10T17:13:54","date_gmt":"2022-03-10T17:13:54","guid":{"rendered":"https:\/\/koma.zgora.pl\/en\/?page_id=228"},"modified":"2026-04-21T09:01:58","modified_gmt":"2026-04-21T07:01:58","slug":"rynna-do-gluszenia-krolikow","status":"publish","type":"page","link":"https:\/\/koma.zgora.pl\/en\/akcesoria-do-urzadzen\/rynna-do-gluszenia-krolikow\/","title":{"rendered":"Chute for rabbit stunning"},"content":{"rendered":"\n<div class=\"et_pb_section_0 et_pb_section et_section_regular et_block_section\"><div class=\"et_pb_row_0 et_pb_row et_pb_row_1-4_3-4 et_block_row et_block_row_1-4_3-4\"><div class=\"et_pb_column_0 et_pb_column et_pb_column_1_4 et_block_column et_pb_css_mix_blend_mode_passthrough\"><div class=\"et_pb_toggle_0 et_pb_toggle et_pb_toggle_item et_pb_toggle_open et_pb_module et_block_module\"><h5 class=\"et_pb_toggle_title\">Our devices:<\/h5><div class=\"et_pb_toggle_content clearfix\"><p><strong><a href=\"https:\/\/koma.zgora.pl\/en\/przemysl-miesny\/ogluszanie-zwierzat\/\">Animal Stunning Device<\/a>:<\/strong><\/p>\n<p><a href=\"https:\/\/koma.zgora.pl\/en\/przemysl-miesny\/ogluszanie-zwierzat\/swinie-bydlo\/\">Pigs<\/a> <img loading=\"lazy\" decoding=\"async\" class=\"wp-image-148 alignright\" src=\"https:\/\/koma.zgora.pl\/en\/wp-content\/uploads\/2022\/03\/owca-krowa-swinia-urzadzenie-kopia.png\" alt=\"byd\u0142o, owca, krowa, \u015bwinia\" width=\"81\" height=\"24\" \/><\/p>\n<p><a href=\"https:\/\/koma.zgora.pl\/en\/przemysl-miesny\/ogluszanie-zwierzat\/drob\/\">Poultry<\/a> <img loading=\"lazy\" decoding=\"async\" class=\"wp-image-149 alignright\" src=\"https:\/\/koma.zgora.pl\/en\/wp-content\/uploads\/2022\/03\/kura-ges-kaczka-indyk-urzadzenie-kopia.png\" alt=\"dr\u00f3b, kura, g\u0119\u015b, kaczka, indyk\" width=\"106\" height=\"24\" \/><\/p>\n<p><a href=\"https:\/\/koma.zgora.pl\/en\/przemysl-miesny\/ogluszanie-zwierzat\/ryby\/\">Fish<\/a><img loading=\"lazy\" decoding=\"async\" class=\"wp-image-156 alignright\" src=\"https:\/\/koma.zgora.pl\/en\/wp-content\/uploads\/2022\/03\/ryba-urzadzenie-1.png\" alt=\"ryba\" width=\"32\" height=\"26\" \/><\/p>\n<p><a href=\"https:\/\/koma.zgora.pl\/en\/przemysl-miesny\/ogluszanie-zwierzat\/kroliki\/\">Rabbits<\/a><img loading=\"lazy\" decoding=\"async\" class=\"wp-image-155 alignright\" src=\"https:\/\/koma.zgora.pl\/en\/wp-content\/uploads\/2022\/03\/krolik-urzadzenie-1.png\" alt=\"kr\u00f3lik\" width=\"30\" height=\"26\" \/><\/p>\n<p><strong>Accessories:<\/strong><\/p>\n<p><a href=\"https:\/\/koma.zgora.pl\/en\/akcesoria-do-urzadzen\/wanna-do-gluszenia-ryb\/\">Fish stunner tub<\/a><\/p>\n<p><a href=\"https:\/\/koma.zgora.pl\/en\/akcesoria-do-urzadzen\/rynna-do-gluszenia-krolikow\/\">Rabbit stunner trough<\/a><\/p>\n<p><a href=\"https:\/\/koma.zgora.pl\/en\/akcesoria-do-urzadzen\/sygnalizator-stz\/\">Beacon for\u00a0 STZ<\/a><\/p>\n<p><a href=\"https:\/\/koma.zgora.pl\/en\/akcesoria-do-urzadzen\/tester-az-1\/\">Tester AZ-2<\/a><\/p>\n<p><strong>slaughtering equipment:<\/strong><\/p>\n<p><a href=\"https:\/\/koma.zgora.pl\/en\/uboj-zwierzat\/aparat\">Captive bolt pistol<\/a><\/p>\n<p><strong>Other devices:<\/strong><\/p>\n<p><a href=\"https:\/\/koma.zgora.pl\/en\/przemysl-miesny\/inne\/palnik-do-odkazania\/\">Decontamination burner<\/a><\/p>\n<p>&nbsp;<\/p>\n<\/div><\/div><\/div><div class=\"et_pb_column_1 et_pb_column et_pb_column_3_4 et-last-child et_block_column et_pb_css_mix_blend_mode_passthrough\"><div class=\"et_pb_text_0 et_pb_text et_pb_bg_layout_light et_pb_module et_block_module\"><div class=\"et_pb_text_inner\"><h1 style=\"text-align: center;\">Chute for rabbit stunning<\/h1>\n<\/div><\/div><div class=\"et_pb_image_0 et_pb_image et_pb_module et_block_module\"><a href=\"https:\/\/koma.zgora.pl\/en\/wp-content\/uploads\/2022\/04\/rynna-do-ogluszania-kro\u0301liko\u0301w.jpeg\" class=\"et_pb_lightbox_image\" alt=\"chute for rabbit stunning\"><span class=\"et_pb_image_wrap\"><img loading=\"lazy\" decoding=\"async\" src=\"https:\/\/koma.zgora.pl\/en\/wp-content\/uploads\/2022\/04\/rynna-do-ogluszania-kro\u0301liko\u0301w.jpeg\" width=\"400\" height=\"359\" srcset=\"https:\/\/koma.zgora.pl\/en\/wp-content\/uploads\/2022\/04\/rynna-do-ogluszania-kro\u0301liko\u0301w.jpeg 400w, https:\/\/koma.zgora.pl\/en\/wp-content\/uploads\/2022\/04\/rynna-do-ogluszania-kro\u0301liko\u0301w-300x269.jpeg 300w, https:\/\/koma.zgora.pl\/en\/wp-content\/uploads\/2022\/04\/rynna-do-ogluszania-kro\u0301liko\u0301w-24x22.jpeg 24w, https:\/\/koma.zgora.pl\/en\/wp-content\/uploads\/2022\/04\/rynna-do-ogluszania-kro\u0301liko\u0301w-36x32.jpeg 36w, https:\/\/koma.zgora.pl\/en\/wp-content\/uploads\/2022\/04\/rynna-do-ogluszania-kro\u0301liko\u0301w-48x43.jpeg 48w\" sizes=\"(max-width: 400px) 100vw, 400px\" class=\"wp-image-1492\" title=\"chute for rabbit stunning\" alt=\"chute for rabbit stunning\" \/><\/span><\/a><\/div><div class=\"et_pb_text_1 et_pb_text et_pb_bg_layout_light et_pb_module et_block_module\"><div class=\"et_pb_text_inner\"><div class=\"wpb_text_column wpb_content_element \">\n<div class=\"wpb_wrapper\">\n<p>The rabbit stunner trough works in conjunction with the STZ 6\/K rabbit stunner. A traffic light in the trough body informs the operator that the device is ready and that the stunning process is underway.<\/p>\n<p>The stainless steel frame is prepared in various versions depending on customer expectations,. It allows the trough to be fixed to a wall or placed on a table.<\/p>\n<p>The trough is made of plastic. This provides additional insulation.<\/p>\n<\/div>\n<\/div>\n<\/div><\/div><\/div><\/div><\/div><div class=\"et_pb_section_1 et_pb_section et_section_regular et_block_section\"><div class=\"et_pb_row_1 et_pb_row et_block_row\"><div class=\"et_pb_column_2 et_pb_column et_pb_column_4_4 et-last-child et_block_column et_pb_css_mix_blend_mode_passthrough\"><div class=\"et_pb_text_2 et_pb_text et_pb_bg_layout_light et_pb_module et_block_module\"><div class=\"et_pb_text_inner\"><h3 style=\"text-align: center;\">Trough for rabbit stunning<\/h3>\n<\/div><\/div><\/div><\/div><\/div><div class=\"et_pb_section_2 et_pb_section et_section_regular et_block_section\"><div class=\"et_pb_row_2 et_pb_row et_block_row\"><div class=\"et_pb_column_3 et_pb_column et_pb_column_1_2 et_block_column et_pb_css_mix_blend_mode_passthrough\"><div class=\"et_pb_testimonial_0 et_pb_testimonial et_pb_icon_off et_pb_bg_layout_light et_animated et_pb_module et_block_module\"><div class=\"et_pb_testimonial_inner\"><div class=\"et_pb_testimonial_portrait\" style=\"background-image:url(https:\/\/koma.zgora.pl\/en\/wp-content\/uploads\/2022\/03\/ola_kontakt_www_01.jpeg)\"><\/div><div class=\"et_pb_testimonial_description\"><div class=\"et_pb_testimonial_description_inner\"><div class=\"et_pb_testimonial_content\"><p>Mail: <a class=\"\" href=\"mailto:export@koma.zgora.pl\">export@koma.zgora.pl<\/a><br \/>Tel: +48 683273307 ex. 6<\/p>\n<p><img loading=\"lazy\" decoding=\"async\" class=\"wp-image-411 alignleft\" src=\"https:\/\/koma.zgora.pl\/en\/wp-content\/uploads\/2022\/03\/pl.png\" alt=\"\" width=\"18\" height=\"12\" \/><img loading=\"lazy\" decoding=\"async\" class=\"wp-image-417 size-full alignleft\" src=\"https:\/\/koma.zgora.pl\/en\/wp-content\/uploads\/2022\/03\/eng.png\" alt=\"\" width=\"18\" height=\"12\" \/><\/p>\n<\/div><\/div><div class=\"et_pb_testimonial_author\">Aleksandra Knott<\/div><div class=\"et_pb_testimonial_meta\"><span class=\"et_pb_testimonial_position\">Sales Department<\/span><\/div><\/div><\/div><\/div><div class=\"et_pb_testimonial_1 et_pb_testimonial et_pb_icon_off et_pb_bg_layout_light et_animated et_pb_module et_block_module\"><div class=\"et_pb_testimonial_inner\"><div class=\"et_pb_testimonial_portrait\" style=\"background-image:url(https:\/\/koma.zgora.pl\/en\/wp-content\/uploads\/2022\/03\/mkonwinksa.jpeg)\"><\/div><div class=\"et_pb_testimonial_description\"><div class=\"et_pb_testimonial_description_inner\"><div class=\"et_pb_testimonial_content\"><p><a class=\"\" href=\"mailto:koma@koma.zgora.pl\">Mail: koma<\/a><a class=\"\" href=\"mailto:koma@koma.zgora.pl\">@koma.zgora.pl<\/a><br \/>Tel: 789 346 889 \/ +48 683273307 ex. 2<\/p>\n<p><img loading=\"lazy\" decoding=\"async\" class=\"wp-image-411 size-full alignleft\" src=\"https:\/\/koma.zgora.pl\/en\/wp-content\/uploads\/2022\/03\/pl.png\" alt=\"\" width=\"18\" height=\"12\" \/><img loading=\"lazy\" decoding=\"async\" class=\"wp-image-410 size-full alignleft\" src=\"https:\/\/koma.zgora.pl\/en\/wp-content\/uploads\/2022\/03\/rus.png\" alt=\"\" width=\"18\" height=\"12\" \/><\/p>\n<\/div><\/div><div class=\"et_pb_testimonial_author\">Malwina Konwi\u0144ska<\/div><div class=\"et_pb_testimonial_meta\"><span class=\"et_pb_testimonial_company\">Sales Department<\/span><\/div><\/div><\/div><\/div><\/div><div class=\"et_pb_column_4 et_pb_column et_pb_column_1_2 et-last-child et_block_column et_pb_css_mix_blend_mode_passthrough\"><div class=\"et_pb_testimonial_2 et_pb_testimonial et_pb_icon_off et_pb_bg_layout_light et_animated et_pb_module et_block_module\"><div class=\"et_pb_testimonial_inner\"><div class=\"et_pb_testimonial_portrait\" style=\"background-image:url(https:\/\/koma.zgora.pl\/en\/wp-content\/uploads\/2022\/03\/marcin_c_kontakt_www_01-224x300-1.jpeg)\"><\/div><div class=\"et_pb_testimonial_description\"><div class=\"et_pb_testimonial_description_inner\"><div class=\"et_pb_testimonial_content\"><p><a href=\"mailto:sklep@koma.zgora.pl\">Mail:<\/a> <a class=\"\" href=\"mailto:sklep@koma.zgora.pl\">sklep@koma.zgora.pl<\/a><br \/>Tel: 510 817 177\u00a0 \/\u00a0 +48 683273307 ex. 1<\/p>\n<p><img loading=\"lazy\" decoding=\"async\" class=\"wp-image-417 size-full alignleft\" src=\"https:\/\/koma.zgora.pl\/en\/wp-content\/uploads\/2022\/03\/eng.png\" alt=\"\" width=\"18\" height=\"12\" \/><img loading=\"lazy\" decoding=\"async\" class=\"wp-image-411 size-full alignleft\" src=\"https:\/\/koma.zgora.pl\/en\/wp-content\/uploads\/2022\/03\/pl.png\" alt=\"\" width=\"18\" height=\"12\" \/><\/p>\n<\/div><\/div><div class=\"et_pb_testimonial_author\">Marcin Czajczy\u0144ski<\/div><div class=\"et_pb_testimonial_meta\"><span class=\"et_pb_testimonial_position\">Sales Department<\/span><\/div><\/div><\/div><\/div><div class=\"et_pb_testimonial_3 et_pb_testimonial et_pb_icon_off et_pb_bg_layout_light et_animated et_pb_module et_block_module\"><div class=\"et_pb_testimonial_inner\"><div class=\"et_pb_testimonial_portrait\" style=\"background-image:url(https:\/\/koma.zgora.pl\/en\/wp-content\/uploads\/2022\/03\/kontakt_sebrynkiewicz_011.jpeg)\"><\/div><div class=\"et_pb_testimonial_description\"><div class=\"et_pb_testimonial_description_inner\"><div class=\"et_pb_testimonial_content\"><p><a href=\"mailto:serwis@koma.zgora.pl\">\u00a0Mail: serwis@koma.zgora.pl<\/a><\/p>\n<p>Tel: +48 697722404 \u00a0\/ \u00a0+48 683273307 ex. 3<\/p>\n<\/div><\/div><div class=\"et_pb_testimonial_author\">Sebastian Rynkiewicz<\/div><div class=\"et_pb_testimonial_meta\"><span class=\"et_pb_testimonial_position\">Technical Department<\/span><\/div><\/div><\/div><\/div><\/div><\/div><\/div><div class=\"et_pb_section_3 et_pb_section et_section_regular et_block_section\"><div class=\"et_pb_row_3 et_pb_row et-vb-row--no-module et_block_row\"><div class=\"et_pb_column_5 et_pb_column et_pb_column_4_4 et-last-child et_block_column et_pb_column_empty et_pb_css_mix_blend_mode_passthrough\"><\/div><\/div><\/div><div class=\"et_pb_section_4 et_pb_section et_section_regular et_block_section et_animated\"><div class=\"et_pb_row_4 et_pb_row et_block_row et_animated\"><div class=\"et_pb_column_6 et_pb_column et_pb_column_4_4 et-last-child et_block_column et_pb_css_mix_blend_mode_passthrough\"><div class=\"et_pb_image_1 et_pb_image et_pb_module et_block_module\"><span class=\"et_pb_image_wrap\"><img loading=\"lazy\" decoding=\"async\" src=\"https:\/\/koma.zgora.pl\/en\/wp-content\/uploads\/2022\/03\/koma_logo_white.png\" width=\"220\" height=\"91\" srcset=\"https:\/\/koma.zgora.pl\/en\/wp-content\/uploads\/2022\/03\/koma_logo_white.png 220w\" sizes=\"(max-width: 220px) 100vw, 220px\" class=\"wp-image-932\" title=\"koma_logo_white\" alt=\"logo koma bia\u0142e\" \/><\/span><\/div><div class=\"et_pb_text_3 et_pb_text et_pb_bg_layout_light et_animated et_pb_module et_block_module et_pb_text_align_center\"><div class=\"et_pb_text_inner\"><h2>PPUH KOMA SP. Z O.O.<\/h2>\n<h3><span style=\"color: #fff;\">ROOFING TORCHES &amp; ACCESSORIES<\/span><\/h3>\n<h3>ANIMAL STUNNING DEVICES<\/h3>\n<h3>PRODUCER<\/h3>\n<\/div><\/div><div class=\"et_pb_text_4 et_pb_text et_pb_bg_layout_light et_animated et_pb_module et_block_module et_pb_text_align_center\"><div class=\"et_pb_text_inner\"><div class=\"katalog\" style=\"text-align: center;\">Address: ul. Ksiezycowa 38, 66-008 SLONE, POLAND<\/div>\n<div>\u00a0<\/div>\n<div class=\"katalog\" style=\"text-align: center;\"><i class=\"fas fa-phone-square-alt\"><\/i>tel:\u00a0 +48 683 273 307<\/div>\n<div class=\"katalog\" style=\"text-align: center;\"><i class=\"fas fa-envelope-open-text\"><\/i>\u00a0koma@koma.zgora.pl<\/div>\n<\/div><\/div><\/div><\/div><\/div><div class=\"et_pb_section_5 et_pb_section et_section_regular et_block_section\"><div class=\"et_pb_row_5 et_pb_row et_block_row\"><div class=\"et_pb_column_7 et_pb_column et_pb_column_4_4 et-last-child et_block_column et_pb_css_mix_blend_mode_passthrough\"><div class=\"et_pb_image_2 et_pb_image et_pb_module et_block_module\"><span class=\"et_pb_image_wrap\"><img loading=\"lazy\" decoding=\"async\" src=\"https:\/\/koma.zgora.pl\/en\/wp-content\/uploads\/2022\/03\/ue-baner.jpeg\" width=\"600\" height=\"73\" srcset=\"https:\/\/koma.zgora.pl\/en\/wp-content\/uploads\/2022\/03\/ue-baner.jpeg 600w, https:\/\/koma.zgora.pl\/en\/wp-content\/uploads\/2022\/03\/ue-baner-480x58.jpeg 480w\" sizes=\"(min-width: 0px) and (max-width: 480px) 480px, (min-width: 481px) 600px, 100vw\" class=\"wp-image-476\" title=\"ue-baner\" alt=\"ue baner\" \/><\/span><\/div><\/div><\/div><\/div>\n","protected":false},"excerpt":{"rendered":"","protected":false},"author":1,"featured_media":0,"parent":234,"menu_order":0,"comment_status":"closed","ping_status":"closed","template":"","meta":{"footnotes":""},"class_list":["post-228","page","type-page","status-publish","hentry"],"yoast_head":"<!-- This site is optimized with the Yoast SEO plugin v27.4 - https:\/\/yoast.com\/product\/yoast-seo-wordpress\/ -->\n<title>Trough for Rabbit Stunning | KOMA<\/title>\n<meta name=\"robots\" content=\"index, follow, max-snippet:-1, max-image-preview:large, max-video-preview:-1\" \/>\n<link rel=\"canonical\" href=\"https:\/\/koma.zgora.pl\/en\/akcesoria-do-urzadzen\/rynna-do-gluszenia-krolikow\/\" \/>\n<meta property=\"og:locale\" content=\"en_US\" \/>\n<meta property=\"og:type\" content=\"article\" \/>\n<meta property=\"og:title\" content=\"Trough for Rabbit Stunning | KOMA\" \/>\n<meta property=\"og:url\" content=\"https:\/\/koma.zgora.pl\/en\/akcesoria-do-urzadzen\/rynna-do-gluszenia-krolikow\/\" \/>\n<meta property=\"og:site_name\" content=\"Roofing Torches Producer\" \/>\n<meta property=\"article:modified_time\" content=\"2026-04-21T07:01:58+00:00\" \/>\n<meta name=\"twitter:card\" content=\"summary_large_image\" \/>\n<script type=\"application\/ld+json\" class=\"yoast-schema-graph\">{\"@context\":\"https:\\\/\\\/schema.org\",\"@graph\":[{\"@type\":\"WebPage\",\"@id\":\"https:\\\/\\\/koma.zgora.pl\\\/en\\\/akcesoria-do-urzadzen\\\/rynna-do-gluszenia-krolikow\\\/\",\"url\":\"https:\\\/\\\/koma.zgora.pl\\\/en\\\/akcesoria-do-urzadzen\\\/rynna-do-gluszenia-krolikow\\\/\",\"name\":\"Trough for Rabbit Stunning | KOMA\",\"isPartOf\":{\"@id\":\"https:\\\/\\\/koma.zgora.pl\\\/en\\\/#website\"},\"datePublished\":\"2022-03-10T17:13:54+00:00\",\"dateModified\":\"2026-04-21T07:01:58+00:00\",\"breadcrumb\":{\"@id\":\"https:\\\/\\\/koma.zgora.pl\\\/en\\\/akcesoria-do-urzadzen\\\/rynna-do-gluszenia-krolikow\\\/#breadcrumb\"},\"inLanguage\":\"en-US\",\"potentialAction\":[{\"@type\":\"ReadAction\",\"target\":[\"https:\\\/\\\/koma.zgora.pl\\\/en\\\/akcesoria-do-urzadzen\\\/rynna-do-gluszenia-krolikow\\\/\"]}]},{\"@type\":\"BreadcrumbList\",\"@id\":\"https:\\\/\\\/koma.zgora.pl\\\/en\\\/akcesoria-do-urzadzen\\\/rynna-do-gluszenia-krolikow\\\/#breadcrumb\",\"itemListElement\":[{\"@type\":\"ListItem\",\"position\":1,\"name\":\"Home\",\"item\":\"https:\\\/\\\/koma.zgora.pl\\\/en\\\/\"},{\"@type\":\"ListItem\",\"position\":2,\"name\":\"Akcesoria do urz\u0105dze\u0144\",\"item\":\"https:\\\/\\\/koma.zgora.pl\\\/en\\\/akcesoria-do-urzadzen\\\/\"},{\"@type\":\"ListItem\",\"position\":3,\"name\":\"Chute for rabbit stunning\"}]},{\"@type\":\"WebSite\",\"@id\":\"https:\\\/\\\/koma.zgora.pl\\\/en\\\/#website\",\"url\":\"https:\\\/\\\/koma.zgora.pl\\\/en\\\/\",\"name\":\"Roofing Torches Producer\",\"description\":\"KOMA\",\"potentialAction\":[{\"@type\":\"SearchAction\",\"target\":{\"@type\":\"EntryPoint\",\"urlTemplate\":\"https:\\\/\\\/koma.zgora.pl\\\/en\\\/?s={search_term_string}\"},\"query-input\":{\"@type\":\"PropertyValueSpecification\",\"valueRequired\":true,\"valueName\":\"search_term_string\"}}],\"inLanguage\":\"en-US\"}]}<\/script>\n<!-- \/ Yoast SEO plugin. -->","yoast_head_json":{"title":"Trough for Rabbit Stunning | KOMA","robots":{"index":"index","follow":"follow","max-snippet":"max-snippet:-1","max-image-preview":"max-image-preview:large","max-video-preview":"max-video-preview:-1"},"canonical":"https:\/\/koma.zgora.pl\/en\/akcesoria-do-urzadzen\/rynna-do-gluszenia-krolikow\/","og_locale":"en_US","og_type":"article","og_title":"Trough for Rabbit Stunning | KOMA","og_url":"https:\/\/koma.zgora.pl\/en\/akcesoria-do-urzadzen\/rynna-do-gluszenia-krolikow\/","og_site_name":"Roofing Torches Producer","article_modified_time":"2026-04-21T07:01:58+00:00","twitter_card":"summary_large_image","schema":{"@context":"https:\/\/schema.org","@graph":[{"@type":"WebPage","@id":"https:\/\/koma.zgora.pl\/en\/akcesoria-do-urzadzen\/rynna-do-gluszenia-krolikow\/","url":"https:\/\/koma.zgora.pl\/en\/akcesoria-do-urzadzen\/rynna-do-gluszenia-krolikow\/","name":"Trough for Rabbit Stunning | KOMA","isPartOf":{"@id":"https:\/\/koma.zgora.pl\/en\/#website"},"datePublished":"2022-03-10T17:13:54+00:00","dateModified":"2026-04-21T07:01:58+00:00","breadcrumb":{"@id":"https:\/\/koma.zgora.pl\/en\/akcesoria-do-urzadzen\/rynna-do-gluszenia-krolikow\/#breadcrumb"},"inLanguage":"en-US","potentialAction":[{"@type":"ReadAction","target":["https:\/\/koma.zgora.pl\/en\/akcesoria-do-urzadzen\/rynna-do-gluszenia-krolikow\/"]}]},{"@type":"BreadcrumbList","@id":"https:\/\/koma.zgora.pl\/en\/akcesoria-do-urzadzen\/rynna-do-gluszenia-krolikow\/#breadcrumb","itemListElement":[{"@type":"ListItem","position":1,"name":"Home","item":"https:\/\/koma.zgora.pl\/en\/"},{"@type":"ListItem","position":2,"name":"Akcesoria do urz\u0105dze\u0144","item":"https:\/\/koma.zgora.pl\/en\/akcesoria-do-urzadzen\/"},{"@type":"ListItem","position":3,"name":"Chute for rabbit stunning"}]},{"@type":"WebSite","@id":"https:\/\/koma.zgora.pl\/en\/#website","url":"https:\/\/koma.zgora.pl\/en\/","name":"Roofing Torches Producer","description":"KOMA","potentialAction":[{"@type":"SearchAction","target":{"@type":"EntryPoint","urlTemplate":"https:\/\/koma.zgora.pl\/en\/?s={search_term_string}"},"query-input":{"@type":"PropertyValueSpecification","valueRequired":true,"valueName":"search_term_string"}}],"inLanguage":"en-US"}]}},"_links":{"self":[{"href":"https:\/\/koma.zgora.pl\/en\/wp-json\/wp\/v2\/pages\/228","targetHints":{"allow":["GET"]}}],"collection":[{"href":"https:\/\/koma.zgora.pl\/en\/wp-json\/wp\/v2\/pages"}],"about":[{"href":"https:\/\/koma.zgora.pl\/en\/wp-json\/wp\/v2\/types\/page"}],"author":[{"embeddable":true,"href":"https:\/\/koma.zgora.pl\/en\/wp-json\/wp\/v2\/users\/1"}],"replies":[{"embeddable":true,"href":"https:\/\/koma.zgora.pl\/en\/wp-json\/wp\/v2\/comments?post=228"}],"version-history":[{"count":7,"href":"https:\/\/koma.zgora.pl\/en\/wp-json\/wp\/v2\/pages\/228\/revisions"}],"predecessor-version":[{"id":2786,"href":"https:\/\/koma.zgora.pl\/en\/wp-json\/wp\/v2\/pages\/228\/revisions\/2786"}],"up":[{"embeddable":true,"href":"https:\/\/koma.zgora.pl\/en\/wp-json\/wp\/v2\/pages\/234"}],"wp:attachment":[{"href":"https:\/\/koma.zgora.pl\/en\/wp-json\/wp\/v2\/media?parent=228"}],"curies":[{"name":"wp","href":"https:\/\/api.w.org\/{rel}","templated":true}]}}