{"id":2173,"date":"2022-06-21T18:55:41","date_gmt":"2022-06-21T18:55:41","guid":{"rendered":"https:\/\/koma.zgora.pl\/en\/?page_id=2173"},"modified":"2026-04-21T09:02:29","modified_gmt":"2026-04-21T07:02:29","slug":"do-zakladek","status":"publish","type":"page","link":"https:\/\/koma.zgora.pl\/en\/palniki-gazowe\/do-zakladek\/","title":{"rendered":"Tab Burner"},"content":{"rendered":"\n<div class=\"et_pb_section_0 et_pb_section et_section_regular et_block_section et_animated\"><div class=\"et_pb_row_0 et_pb_row et_pb_equal_columns et_pb_gutters1 et_block_row et_animated et_pb_row_fullwidth\"><div class=\"et_pb_column_0 et_pb_column et_pb_column_1_2 et_block_column et_pb_css_mix_blend_mode_passthrough\"><div class=\"et_pb_text_0 et_pb_text et_pb_bg_layout_light et_animated et_pb_module et_block_module\"><div class=\"et_pb_text_inner\"><p>PPUH KOMA sp. z o.o.<\/p>\n<\/div><\/div><div class=\"et_pb_text_1 et_pb_text et_pb_bg_layout_light et_animated et_pb_module et_block_module\"><div class=\"et_pb_text_inner\"><h1>Tab Burner<\/h1>\n<\/div><\/div><div class=\"et_pb_text_2 et_pb_text et_pb_bg_layout_light et_animated et_pb_module et_block_module\"><div class=\"et_pb_text_inner\"><p>The tab burner comes complete with a 10 m KOMA hose (G3\/8LH) and an M50V\/ST gas regulator. The diffuser with two nozzles and the burner connector are made of stainless steel.\u00a0 The professional handle is equipped with a locking device for continuous operation. The robust plastic of the handle is characterised by high resistance to mechanical damage and high temperatures.<\/p>\n<p>The torch can be connected to a pressure roller, which allows the membrane to be effectively glued to the substrate and significantly improves the process.<\/p>\n<\/div><\/div><\/div><div class=\"et_pb_column_1 et_pb_column et_pb_column_1_2 et-last-child et_block_column et_pb_column_empty et_pb_css_mix_blend_mode_passthrough et_pb_section_parallax\"><span class=\"et-pb-parallax-wrapper\"><span class=\"et-pb-parallax-background et-pb-parallax-background-module--divi-column-1\" style=\"background-image:url(https:\/\/koma.zgora.pl\/en\/wp-content\/uploads\/2022\/06\/palnik-do-zakladek.jpeg)\"><\/span><\/span><\/div><\/div><div class=\"et_pb_row_1 et_pb_row et_block_row\"><div class=\"et_pb_column_2 et_pb_column et_pb_column_1_3 et_block_column et_pb_css_mix_blend_mode_passthrough\"><div class=\"et_pb_toggle_0 et_pb_toggle et_pb_toggle_item et_pb_toggle_open et_pb_module et_block_module\"><h5 class=\"et_pb_toggle_title\">Our Torches<\/h5><div class=\"et_pb_toggle_content clearfix\"><h5>\u00a0<\/h5>\n<h5>Basic Series:<\/h5>\n<p>&nbsp;<\/p>\n<p><strong><a href=\"https:\/\/koma.zgora.pl\/en\/palniki-gazowe\/serie\/optima\/\">OPTIMA<\/a><\/strong><\/p>\n<p>&nbsp;<\/p>\n<h5>Professional Series:<\/h5>\n<p>&nbsp;<\/p>\n<p><strong><a href=\"https:\/\/koma.zgora.pl\/en\/palniki-gazowe\/serie\/koma\/\">KOMA<\/a><\/strong><\/p>\n<p><strong><a href=\"https:\/\/koma.zgora.pl\/en\/palniki-gazowe\/serie\/koma-plus\/\">KOMA PLUS<\/a><\/strong><\/p>\n<p><strong><a href=\"https:\/\/koma.zgora.pl\/en\/palniki-gazowe\/serie\/koma-plus-tytan\/\">KOMA PLUS TYTAN<\/a><\/strong><\/p>\n<p>&nbsp;<\/p>\n<p>&nbsp;<\/p>\n<p><strong>By Use<\/strong><\/p>\n<p><a href=\"https:\/\/koma.zgora.pl\/en\/palniki-gazowe\/do-papy-termozgrzewalnej\/\">Roofing Felt Burner<\/a><\/p>\n<p><a href=\"https:\/\/koma.zgora.pl\/en\/palniki-gazowe\/propan-butan-do-butli\/\">Roofers Burner for Propane Cylinder<\/a><\/p>\n<p><a href=\"https:\/\/koma.zgora.pl\/en\/palniki-gazowe\/do-obrobek-dekarskich\/\">Roof Flashing Torch<\/a><\/p>\n<p><a href=\"https:\/\/koma.zgora.pl\/en\/palniki-gazowe\/tytanowy\/\">Titanium Roofing Torch<\/a><\/p>\n<p><a href=\"https:\/\/koma.zgora.pl\/en\/palniki-gazowe\/do-lutowania\/\">Gas Torch for Soldering<\/a><\/p>\n<p><a href=\"https:\/\/koma.zgora.pl\/en\/palniki-gazowe\/turbo\/\">Turbo Torch<\/a><\/p>\n<p><a href=\"https:\/\/koma.zgora.pl\/en\/palniki-gazowe\/do-zakladek\/\">Tab Burner<\/a><\/p>\n<p><a href=\"https:\/\/koma.zgora.pl\/en\/palniki-gazowe\/o-szerokim-zasiegu-plomienia\/\">Wide Flame Spread Torch<\/a><\/p>\n<p><a href=\"https:\/\/koma.zgora.pl\/en\/palniki-gazowe\/na-kolkach\/\">Roofing Torch on Wheels<\/a><\/p>\n<p><a href=\"https:\/\/koma.zgora.pl\/en\/przemysl-miesny\/inne\/palnik-do-odkazania\/\">Decontamination Torch<\/a><\/p>\n<p><a href=\"https:\/\/koma.zgora.pl\/en\/palniki-gazowe\/do-wypalania-chwastow\/\">Weed Burner<\/a><\/p>\n<p><a href=\"https:\/\/koma.zgora.pl\/en\/palniki-gazowe\/jednodyszowe\/\">One Nozzle Torch<\/a><\/p>\n<p><a href=\"https:\/\/koma.zgora.pl\/en\/palniki-gazowe\/dwudyszowe\/\">Two Nozzle Torch<\/a><\/p>\n<p><a href=\"https:\/\/koma.zgora.pl\/en\/palniki-gazowe\/trzydyszowe\/\">Three Nozzle Torch<\/a><\/p>\n<p><a href=\"https:\/\/koma.zgora.pl\/en\/palniki-gazowe\/czterodyszowe\/\">Four Nozzle Torch<\/a><\/p>\n<p><a href=\"https:\/\/koma.zgora.pl\/en\/palniki-gazowe\/uniwersalny\/\">Multi Purpose Torch<\/a><\/p>\n<p><a href=\"https:\/\/koma.zgora.pl\/en\/akcesoria-dekarskie\/\">Roofer's Accessories<\/a><\/p>\n<\/div><\/div><\/div><div class=\"et_pb_column_3 et_pb_column et_pb_column_2_3 et-last-child et_block_column et_pb_css_mix_blend_mode_passthrough\"><div class=\"et_pb_text_3 et_pb_text et_pb_bg_layout_light et_pb_module et_block_module\"><div class=\"et_pb_text_inner\"><h2>\u00a0<\/h2>\n<h2>Tab Torch - PZW<\/h2>\n<p>&nbsp;<\/p>\n<\/div><\/div><div class=\"et_pb_image_0 et_pb_image et_pb_module et_block_module\"><a href=\"https:\/\/koma.zgora.pl\/en\/wp-content\/uploads\/2022\/06\/palnik-do-zakladek.jpeg\" class=\"et_pb_lightbox_image\" alt=\"Tab burner\"><span class=\"et_pb_image_wrap\"><img loading=\"lazy\" decoding=\"async\" src=\"https:\/\/koma.zgora.pl\/en\/wp-content\/uploads\/2022\/06\/palnik-do-zakladek.jpeg\" width=\"900\" height=\"675\" srcset=\"https:\/\/koma.zgora.pl\/en\/wp-content\/uploads\/2022\/06\/palnik-do-zakladek.jpeg 900w, https:\/\/koma.zgora.pl\/en\/wp-content\/uploads\/2022\/06\/palnik-do-zakladek-480x360.jpeg 480w\" sizes=\"(min-width: 0px) and (max-width: 480px) 480px, (min-width: 481px) 900px, 100vw\" class=\"wp-image-2211\" title=\"Tab torch\" alt=\"Tab burner\" \/><\/span><\/a><\/div><div class=\"et_pb_divider_0 et_pb_divider et_pb_space et_pb_divider_position_top et_pb_module\"><div class=\"et_pb_divider_internal\"><\/div><\/div><\/div><\/div><\/div><div class=\"et_pb_section_1 et_pb_section et_section_regular et_block_section\"><div class=\"et_pb_row_2 et_pb_row et_block_row\"><div class=\"et_pb_column_4 et_pb_column et_pb_column_4_4 et-last-child et_block_column et_pb_css_mix_blend_mode_passthrough\"><div class=\"et_pb_text_4 et_pb_text et_pb_bg_layout_light et_pb_module et_block_module\"><div class=\"et_pb_text_inner\"><p style=\"text-align: center;\"><strong>Feel free to contact us<\/strong><\/p>\n<p style=\"text-align: center;\"><strong>We are happy to answer any questions you may have about our roofing burners and accessories.<\/strong><\/p>\n<\/div><\/div><\/div><\/div><\/div><div class=\"et_pb_section_2 et_pb_section et_section_regular et_block_section\"><div class=\"et_pb_row_3 et_pb_row et_block_row\"><div class=\"et_pb_column_5 et_pb_column et_pb_column_1_2 et_block_column et_pb_css_mix_blend_mode_passthrough\"><div class=\"et_pb_testimonial_0 et_pb_testimonial et_pb_icon_off et_pb_bg_layout_light et_animated et_pb_module et_block_module\"><div class=\"et_pb_testimonial_inner\"><div class=\"et_pb_testimonial_portrait\" style=\"background-image:url(https:\/\/koma.zgora.pl\/en\/wp-content\/uploads\/2022\/03\/ola_kontakt_www_01.jpeg)\"><\/div><div class=\"et_pb_testimonial_description\"><div class=\"et_pb_testimonial_description_inner\"><div class=\"et_pb_testimonial_content\"><p>Mail: <a class=\"\" href=\"mailto:export@koma.zgora.pl\">export@koma.zgora.pl<\/a><br \/>Tel: +48 683273307 ex. 6<\/p>\n<p><img loading=\"lazy\" decoding=\"async\" class=\"wp-image-411 alignleft\" src=\"https:\/\/koma.zgora.pl\/en\/wp-content\/uploads\/2022\/03\/pl.png\" alt=\"\" width=\"18\" height=\"12\" \/><img loading=\"lazy\" decoding=\"async\" class=\"wp-image-417 size-full alignleft\" src=\"https:\/\/koma.zgora.pl\/en\/wp-content\/uploads\/2022\/03\/eng.png\" alt=\"\" width=\"18\" height=\"12\" \/><\/p>\n<\/div><\/div><div class=\"et_pb_testimonial_author\">Aleksandra Knott<\/div><div class=\"et_pb_testimonial_meta\"><span class=\"et_pb_testimonial_position\">Sales Department<\/span><\/div><\/div><\/div><\/div><div class=\"et_pb_testimonial_1 et_pb_testimonial et_pb_icon_off et_pb_bg_layout_light et_animated et_pb_module et_block_module\"><div class=\"et_pb_testimonial_inner\"><div class=\"et_pb_testimonial_portrait\" style=\"background-image:url(https:\/\/koma.zgora.pl\/en\/wp-content\/uploads\/2022\/03\/mkonwinksa.jpeg)\"><\/div><div class=\"et_pb_testimonial_description\"><div class=\"et_pb_testimonial_description_inner\"><div class=\"et_pb_testimonial_content\"><p><a class=\"\" href=\"mailto:koma@koma.zgora.pl\">Mail: koma<\/a><a class=\"\" href=\"mailto:koma@koma.zgora.pl\">@koma.zgora.pl<\/a><br \/>Tel: 789 346 889 \/ +48 683273307 ex. 2<\/p>\n<p><img loading=\"lazy\" decoding=\"async\" class=\"wp-image-411 size-full alignleft\" src=\"https:\/\/koma.zgora.pl\/en\/wp-content\/uploads\/2022\/03\/pl.png\" alt=\"\" width=\"18\" height=\"12\" \/><img loading=\"lazy\" decoding=\"async\" class=\"wp-image-410 size-full alignleft\" src=\"https:\/\/koma.zgora.pl\/en\/wp-content\/uploads\/2022\/03\/rus.png\" alt=\"\" width=\"18\" height=\"12\" \/><\/p>\n<\/div><\/div><div class=\"et_pb_testimonial_author\">Malwina Konwi\u0144ska<\/div><div class=\"et_pb_testimonial_meta\"><span class=\"et_pb_testimonial_company\">Sales Department<\/span><\/div><\/div><\/div><\/div><\/div><div class=\"et_pb_column_6 et_pb_column et_pb_column_1_2 et-last-child et_block_column et_pb_css_mix_blend_mode_passthrough\"><div class=\"et_pb_testimonial_2 et_pb_testimonial et_pb_icon_off et_pb_bg_layout_light et_animated et_pb_module et_block_module\"><div class=\"et_pb_testimonial_inner\"><div class=\"et_pb_testimonial_portrait\" style=\"background-image:url(https:\/\/koma.zgora.pl\/en\/wp-content\/uploads\/2022\/03\/marcin_c_kontakt_www_01-224x300-1.jpeg)\"><\/div><div class=\"et_pb_testimonial_description\"><div class=\"et_pb_testimonial_description_inner\"><div class=\"et_pb_testimonial_content\"><p><a href=\"mailto:sklep@koma.zgora.pl\">Mail:<\/a> <a class=\"\" href=\"mailto:sklep@koma.zgora.pl\">sklep@koma.zgora.pl<\/a><br \/>Tel: 510 817 177\u00a0 \/\u00a0 +48 683273307 ex. 1<\/p>\n<p><img loading=\"lazy\" decoding=\"async\" class=\"wp-image-417 size-full alignleft\" src=\"https:\/\/koma.zgora.pl\/en\/wp-content\/uploads\/2022\/03\/eng.png\" alt=\"\" width=\"18\" height=\"12\" \/><img loading=\"lazy\" decoding=\"async\" class=\"wp-image-411 size-full alignleft\" src=\"https:\/\/koma.zgora.pl\/en\/wp-content\/uploads\/2022\/03\/pl.png\" alt=\"\" width=\"18\" height=\"12\" \/><\/p>\n<\/div><\/div><div class=\"et_pb_testimonial_author\">Marcin Czajczy\u0144ski<\/div><div class=\"et_pb_testimonial_meta\"><span class=\"et_pb_testimonial_position\">Sales Department<\/span><\/div><\/div><\/div><\/div><div class=\"et_pb_testimonial_3 et_pb_testimonial et_pb_icon_off et_pb_bg_layout_light et_animated et_pb_module et_block_module\"><div class=\"et_pb_testimonial_inner\"><div class=\"et_pb_testimonial_portrait\" style=\"background-image:url(https:\/\/koma.zgora.pl\/en\/wp-content\/uploads\/2022\/03\/kontakt_sebrynkiewicz_011.jpeg)\"><\/div><div class=\"et_pb_testimonial_description\"><div class=\"et_pb_testimonial_description_inner\"><div class=\"et_pb_testimonial_content\"><p><a href=\"mailto:serwis@koma.zgora.pl\">\u00a0Mail: serwis@koma.zgora.pl<\/a><\/p>\n<p>Tel: +48 697722404 \u00a0\/ \u00a0+48 683273307 ex. 3<\/p>\n<\/div><\/div><div class=\"et_pb_testimonial_author\">Sebastian Rynkiewicz<\/div><div class=\"et_pb_testimonial_meta\"><span class=\"et_pb_testimonial_position\">Technical Department<\/span><\/div><\/div><\/div><\/div><\/div><\/div><\/div><div class=\"et_pb_section_3 et_pb_section et_section_regular et_block_section\"><div class=\"et_pb_row_4 et_pb_row et-vb-row--no-module et_block_row\"><div class=\"et_pb_column_7 et_pb_column et_pb_column_4_4 et-last-child et_block_column et_pb_column_empty et_pb_css_mix_blend_mode_passthrough\"><\/div><\/div><\/div><div class=\"et_pb_section_4 et_pb_section et_section_regular et_block_section et_animated\"><div class=\"et_pb_row_5 et_pb_row et_block_row et_animated\"><div class=\"et_pb_column_8 et_pb_column et_pb_column_4_4 et-last-child et_block_column et_pb_css_mix_blend_mode_passthrough\"><div class=\"et_pb_image_1 et_pb_image et_pb_module et_block_module\"><span class=\"et_pb_image_wrap\"><img loading=\"lazy\" decoding=\"async\" src=\"https:\/\/koma.zgora.pl\/en\/wp-content\/uploads\/2022\/03\/koma_logo_white.png\" width=\"220\" height=\"91\" srcset=\"https:\/\/koma.zgora.pl\/en\/wp-content\/uploads\/2022\/03\/koma_logo_white.png 220w\" sizes=\"(max-width: 220px) 100vw, 220px\" class=\"wp-image-932\" title=\"koma_logo_white\" alt=\"logo koma bia\u0142e\" \/><\/span><\/div><div class=\"et_pb_text_5 et_pb_text et_pb_bg_layout_light et_animated et_pb_module et_block_module et_pb_text_align_center\"><div class=\"et_pb_text_inner\"><h2>PPUH KOMA SP. Z O.O.<\/h2>\n<h3><span style=\"color: #fff;\">PRODUCENT PALNIK\u00d3W GAZOWYCH <\/span><\/h3>\n<h3><span style=\"color: #fff;\">I URZ\u0104DZE\u0143 DLA PRZEMYS\u0141U MI\u0118SNEGO<\/span><\/h3>\n<\/div><\/div><div class=\"et_pb_text_6 et_pb_text et_pb_bg_layout_light et_animated et_pb_module et_block_module et_pb_text_align_center\"><div class=\"et_pb_text_inner\"><div class=\"katalog\" style=\"text-align: center;\">ul. Ksi\u0119\u017cycowa 38, 66-008 S\u0141ONE, POLAND<\/div>\n<div class=\"katalog\" style=\"text-align: center;\"><i class=\"fas fa-phone-square-alt\"><\/i>\u00a0+48 683273307<\/div>\n<div class=\"katalog\" style=\"text-align: center;\"><i class=\"fas fa-envelope-open-text\"><\/i>\u00a0sprzedaz@koma.zgora.pl<\/div>\n<\/div><\/div><\/div><\/div><\/div><div class=\"et_pb_section_5 et_pb_section et_section_regular et_block_section\"><div class=\"et_pb_row_6 et_pb_row et_block_row\"><div class=\"et_pb_column_9 et_pb_column et_pb_column_4_4 et-last-child et_block_column et_pb_css_mix_blend_mode_passthrough\"><div class=\"et_pb_image_2 et_pb_image et_pb_module et_block_module\"><span class=\"et_pb_image_wrap\"><img loading=\"lazy\" decoding=\"async\" src=\"https:\/\/koma.zgora.pl\/en\/wp-content\/uploads\/2022\/03\/ue-baner.jpeg\" width=\"600\" height=\"73\" srcset=\"https:\/\/koma.zgora.pl\/en\/wp-content\/uploads\/2022\/03\/ue-baner.jpeg 600w, https:\/\/koma.zgora.pl\/en\/wp-content\/uploads\/2022\/03\/ue-baner-480x58.jpeg 480w\" sizes=\"(min-width: 0px) and (max-width: 480px) 480px, (min-width: 481px) 600px, 100vw\" class=\"wp-image-476\" title=\"ue-baner\" alt=\"ue baner\" \/><\/span><\/div><\/div><\/div><\/div>\n","protected":false},"excerpt":{"rendered":"","protected":false},"author":1,"featured_media":0,"parent":12,"menu_order":0,"comment_status":"closed","ping_status":"closed","template":"","meta":{"footnotes":""},"class_list":["post-2173","page","type-page","status-publish","hentry"],"yoast_head":"<!-- This site is optimized with the Yoast SEO plugin v27.4 - https:\/\/yoast.com\/product\/yoast-seo-wordpress\/ -->\n<title>Tab Burner - Tab Roofing Torch | KOMA<\/title>\n<meta name=\"robots\" content=\"index, follow, max-snippet:-1, max-image-preview:large, max-video-preview:-1\" \/>\n<link rel=\"canonical\" href=\"https:\/\/koma.zgora.pl\/en\/palniki-gazowe\/do-zakladek\/\" \/>\n<meta property=\"og:locale\" content=\"en_US\" \/>\n<meta property=\"og:type\" content=\"article\" \/>\n<meta property=\"og:title\" content=\"Tab Burner - Tab Roofing Torch | KOMA\" \/>\n<meta property=\"og:url\" content=\"https:\/\/koma.zgora.pl\/en\/palniki-gazowe\/do-zakladek\/\" \/>\n<meta property=\"og:site_name\" content=\"Roofing Torches Producer\" \/>\n<meta property=\"article:modified_time\" content=\"2026-04-21T07:02:29+00:00\" \/>\n<meta name=\"twitter:card\" content=\"summary_large_image\" \/>\n<script type=\"application\/ld+json\" class=\"yoast-schema-graph\">{\"@context\":\"https:\\\/\\\/schema.org\",\"@graph\":[{\"@type\":\"WebPage\",\"@id\":\"https:\\\/\\\/koma.zgora.pl\\\/en\\\/palniki-gazowe\\\/do-zakladek\\\/\",\"url\":\"https:\\\/\\\/koma.zgora.pl\\\/en\\\/palniki-gazowe\\\/do-zakladek\\\/\",\"name\":\"Tab Burner - Tab Roofing Torch | KOMA\",\"isPartOf\":{\"@id\":\"https:\\\/\\\/koma.zgora.pl\\\/en\\\/#website\"},\"datePublished\":\"2022-06-21T18:55:41+00:00\",\"dateModified\":\"2026-04-21T07:02:29+00:00\",\"breadcrumb\":{\"@id\":\"https:\\\/\\\/koma.zgora.pl\\\/en\\\/palniki-gazowe\\\/do-zakladek\\\/#breadcrumb\"},\"inLanguage\":\"en-US\",\"potentialAction\":[{\"@type\":\"ReadAction\",\"target\":[\"https:\\\/\\\/koma.zgora.pl\\\/en\\\/palniki-gazowe\\\/do-zakladek\\\/\"]}]},{\"@type\":\"BreadcrumbList\",\"@id\":\"https:\\\/\\\/koma.zgora.pl\\\/en\\\/palniki-gazowe\\\/do-zakladek\\\/#breadcrumb\",\"itemListElement\":[{\"@type\":\"ListItem\",\"position\":1,\"name\":\"Home\",\"item\":\"https:\\\/\\\/koma.zgora.pl\\\/en\\\/\"},{\"@type\":\"ListItem\",\"position\":2,\"name\":\"Roofing Torches\",\"item\":\"https:\\\/\\\/koma.zgora.pl\\\/en\\\/palniki-gazowe\\\/\"},{\"@type\":\"ListItem\",\"position\":3,\"name\":\"Tab Burner\"}]},{\"@type\":\"WebSite\",\"@id\":\"https:\\\/\\\/koma.zgora.pl\\\/en\\\/#website\",\"url\":\"https:\\\/\\\/koma.zgora.pl\\\/en\\\/\",\"name\":\"Roofing Torches Producer\",\"description\":\"KOMA\",\"potentialAction\":[{\"@type\":\"SearchAction\",\"target\":{\"@type\":\"EntryPoint\",\"urlTemplate\":\"https:\\\/\\\/koma.zgora.pl\\\/en\\\/?s={search_term_string}\"},\"query-input\":{\"@type\":\"PropertyValueSpecification\",\"valueRequired\":true,\"valueName\":\"search_term_string\"}}],\"inLanguage\":\"en-US\"}]}<\/script>\n<!-- \/ Yoast SEO plugin. -->","yoast_head_json":{"title":"Tab Burner - Tab Roofing Torch | KOMA","robots":{"index":"index","follow":"follow","max-snippet":"max-snippet:-1","max-image-preview":"max-image-preview:large","max-video-preview":"max-video-preview:-1"},"canonical":"https:\/\/koma.zgora.pl\/en\/palniki-gazowe\/do-zakladek\/","og_locale":"en_US","og_type":"article","og_title":"Tab Burner - Tab Roofing Torch | KOMA","og_url":"https:\/\/koma.zgora.pl\/en\/palniki-gazowe\/do-zakladek\/","og_site_name":"Roofing Torches Producer","article_modified_time":"2026-04-21T07:02:29+00:00","twitter_card":"summary_large_image","schema":{"@context":"https:\/\/schema.org","@graph":[{"@type":"WebPage","@id":"https:\/\/koma.zgora.pl\/en\/palniki-gazowe\/do-zakladek\/","url":"https:\/\/koma.zgora.pl\/en\/palniki-gazowe\/do-zakladek\/","name":"Tab Burner - Tab Roofing Torch | KOMA","isPartOf":{"@id":"https:\/\/koma.zgora.pl\/en\/#website"},"datePublished":"2022-06-21T18:55:41+00:00","dateModified":"2026-04-21T07:02:29+00:00","breadcrumb":{"@id":"https:\/\/koma.zgora.pl\/en\/palniki-gazowe\/do-zakladek\/#breadcrumb"},"inLanguage":"en-US","potentialAction":[{"@type":"ReadAction","target":["https:\/\/koma.zgora.pl\/en\/palniki-gazowe\/do-zakladek\/"]}]},{"@type":"BreadcrumbList","@id":"https:\/\/koma.zgora.pl\/en\/palniki-gazowe\/do-zakladek\/#breadcrumb","itemListElement":[{"@type":"ListItem","position":1,"name":"Home","item":"https:\/\/koma.zgora.pl\/en\/"},{"@type":"ListItem","position":2,"name":"Roofing Torches","item":"https:\/\/koma.zgora.pl\/en\/palniki-gazowe\/"},{"@type":"ListItem","position":3,"name":"Tab Burner"}]},{"@type":"WebSite","@id":"https:\/\/koma.zgora.pl\/en\/#website","url":"https:\/\/koma.zgora.pl\/en\/","name":"Roofing Torches Producer","description":"KOMA","potentialAction":[{"@type":"SearchAction","target":{"@type":"EntryPoint","urlTemplate":"https:\/\/koma.zgora.pl\/en\/?s={search_term_string}"},"query-input":{"@type":"PropertyValueSpecification","valueRequired":true,"valueName":"search_term_string"}}],"inLanguage":"en-US"}]}},"_links":{"self":[{"href":"https:\/\/koma.zgora.pl\/en\/wp-json\/wp\/v2\/pages\/2173","targetHints":{"allow":["GET"]}}],"collection":[{"href":"https:\/\/koma.zgora.pl\/en\/wp-json\/wp\/v2\/pages"}],"about":[{"href":"https:\/\/koma.zgora.pl\/en\/wp-json\/wp\/v2\/types\/page"}],"author":[{"embeddable":true,"href":"https:\/\/koma.zgora.pl\/en\/wp-json\/wp\/v2\/users\/1"}],"replies":[{"embeddable":true,"href":"https:\/\/koma.zgora.pl\/en\/wp-json\/wp\/v2\/comments?post=2173"}],"version-history":[{"count":8,"href":"https:\/\/koma.zgora.pl\/en\/wp-json\/wp\/v2\/pages\/2173\/revisions"}],"predecessor-version":[{"id":2831,"href":"https:\/\/koma.zgora.pl\/en\/wp-json\/wp\/v2\/pages\/2173\/revisions\/2831"}],"up":[{"embeddable":true,"href":"https:\/\/koma.zgora.pl\/en\/wp-json\/wp\/v2\/pages\/12"}],"wp:attachment":[{"href":"https:\/\/koma.zgora.pl\/en\/wp-json\/wp\/v2\/media?parent=2173"}],"curies":[{"name":"wp","href":"https:\/\/api.w.org\/{rel}","templated":true}]}}