{"id":2031,"date":"2022-06-21T12:42:50","date_gmt":"2022-06-21T12:42:50","guid":{"rendered":"https:\/\/koma.zgora.pl\/en\/?page_id=2031"},"modified":"2026-04-21T09:02:27","modified_gmt":"2026-04-21T07:02:27","slug":"obrobka-mechaniczna-cnc","status":"publish","type":"page","link":"https:\/\/koma.zgora.pl\/en\/obrobka-mechaniczna-cnc\/","title":{"rendered":"CNC Machining Services"},"content":{"rendered":"\n<div class=\"et_pb_section_0 et_pb_section et_pb_fullwidth_section et_section_regular et_block_section\"><div class=\"et_pb_fullwidth_slider_0 et_pb_slider et_pb_module\"><div class=\"et_pb_slides\"><div class=\"et_pb_slide_0 et_pb_slide et_pb_media_alignment_center et_pb_bg_layout_dark et_pb_text_align_center et-pb-has-background-video et_pb_preload\" data-slide-id=\"divi\/slide-0\"><span class=\"et-pb-background-video et_pb_allow_player_pause\"><video autoplay loop playsinline muted><source type=\"video\/mp4\" src=\"https:\/\/koma.zgora.pl\/en\/wp-content\/uploads\/2022\/05\/firma-KOMA-producent-palniko\u0301w-prezentacja-firmy.mp4\" \/><\/video><\/span><div class=\"et_pb_container\"><div class=\"et_pb_slider_container_inner\"><div class=\"et_pb_slide_description\"><div class=\"et_pb_slide_content\"><p>&nbsp;<\/p>\n<p>&nbsp;<\/p>\n<\/div><\/div><\/div><\/div><\/div><\/div><\/div><\/div><div class=\"et_pb_section_1 et_pb_section et_section_regular et_block_section\"><div class=\"et_pb_row_0 et_pb_row et_block_row\"><div class=\"et_pb_column_0 et_pb_column et_pb_column_4_4 et-last-child et_block_column et_pb_css_mix_blend_mode_passthrough\"><div class=\"et_pb_text_0 et_pb_text et_pb_bg_layout_light et_pb_module et_block_module\"><div class=\"et_pb_text_inner\"><h1>We offer machining of parts performed on CNC machines.<\/h1>\n<h2>\u00a0<\/h2>\n<h2>Medium or large series. In our plant in Slone near Zielona Gora.<\/h2>\n<\/div><\/div><div class=\"et_pb_image_0 et_pb_image et_pb_module et_block_module\"><\/div><\/div><\/div><div class=\"et_pb_row_1 et_pb_row et_block_row\"><div class=\"et_pb_column_1 et_pb_column et_pb_column_1_2 et_block_column et_pb_css_mix_blend_mode_passthrough\"><div class=\"et_pb_text_1 et_pb_text et_pb_bg_layout_light et_pb_module et_block_module\"><div class=\"et_pb_text_inner\"><ul>\n<li>stainless steel<\/li>\n<li>copper alloys (brass, bronze)<\/li>\n<li>automatic steel<\/li>\n<li>aluminium<\/li>\n<\/ul>\n<h2>\u00a0<\/h2>\n<h2>CNC turning up to fi 220\/L-510 and bar machining<\/h2>\n<p>&nbsp;<\/p>\n<ul>\n<li>diameter range for round bars fi 6-45<\/li>\n<li>hexagonal bar diameters range 6kt6-6kt27<\/li>\n<\/ul>\n<h2>\u00a0<\/h2>\n<h2>CNC milling. 3-axis, 4-axis and 5-axis machining with dimensions of 445 x 445 x 290 mm.<\/h2>\n<p>&nbsp;<\/p>\n<p>We provide services with our own materials or those supplied by the customer. When making spare parts, we develop technical documentation and manufacturing technology.<\/p>\n<p>ISO 9001:2015<\/p>\n<p>ISO 114001:2015<\/p>\n<p>&nbsp;<\/p>\n<\/div><\/div><\/div><div class=\"et_pb_column_2 et_pb_column et_pb_column_1_2 et-last-child et_block_column et_pb_css_mix_blend_mode_passthrough\"><div class=\"et_pb_image_1 et_pb_image et_pb_module et_block_module\"><span class=\"et_pb_image_wrap\"><img loading=\"lazy\" decoding=\"async\" src=\"https:\/\/koma.zgora.pl\/en\/wp-content\/uploads\/2022\/06\/Frezowanie-CNC.png\" width=\"534\" height=\"512\" srcset=\"https:\/\/koma.zgora.pl\/en\/wp-content\/uploads\/2022\/06\/Frezowanie-CNC.png 534w, https:\/\/koma.zgora.pl\/en\/wp-content\/uploads\/2022\/06\/Frezowanie-CNC-480x460.png 480w\" sizes=\"(min-width: 0px) and (max-width: 480px) 480px, (min-width: 481px) 534px, 100vw\" class=\"wp-image-2034\" title=\"Frezowanie CNC\" alt=\"Frezowanie CNC\" \/><\/span><\/div><div class=\"et_pb_image_2 et_pb_image et_pb_module et_block_module\"><span class=\"et_pb_image_wrap\"><img loading=\"lazy\" decoding=\"async\" src=\"https:\/\/koma.zgora.pl\/en\/wp-content\/uploads\/2022\/06\/toczenie-CNC.png\" width=\"540\" height=\"512\" srcset=\"https:\/\/koma.zgora.pl\/en\/wp-content\/uploads\/2022\/06\/toczenie-CNC.png 540w, https:\/\/koma.zgora.pl\/en\/wp-content\/uploads\/2022\/06\/toczenie-CNC-480x455.png 480w\" sizes=\"(min-width: 0px) and (max-width: 480px) 480px, (min-width: 481px) 540px, 100vw\" class=\"wp-image-2038\" title=\"toczenie CNC\" alt=\"toczenie CNC\" \/><\/span><\/div><\/div><\/div><div class=\"et_pb_row_2 et_pb_row et_block_row\"><div class=\"et_pb_column_3 et_pb_column et_pb_column_4_4 et-last-child et_block_column et_pb_css_mix_blend_mode_passthrough\"><div class=\"et_pb_image_3 et_pb_image et_pb_module et_block_module\"><span class=\"et_pb_image_wrap\"><img loading=\"lazy\" decoding=\"async\" src=\"https:\/\/koma.zgora.pl\/en\/wp-content\/uploads\/2022\/06\/obro\u0301bka-mechaniczna-cze\u0328s\u0301ci-na-maszynach-CNC.png\" width=\"2212\" height=\"512\" srcset=\"https:\/\/koma.zgora.pl\/en\/wp-content\/uploads\/2022\/06\/obro\u0301bka-mechaniczna-cze\u0328s\u0301ci-na-maszynach-CNC.png 2212w, https:\/\/koma.zgora.pl\/en\/wp-content\/uploads\/2022\/06\/obro\u0301bka-mechaniczna-cze\u0328s\u0301ci-na-maszynach-CNC-300x69.png 300w, https:\/\/koma.zgora.pl\/en\/wp-content\/uploads\/2022\/06\/obro\u0301bka-mechaniczna-cze\u0328s\u0301ci-na-maszynach-CNC-1024x237.png 1024w, https:\/\/koma.zgora.pl\/en\/wp-content\/uploads\/2022\/06\/obro\u0301bka-mechaniczna-cze\u0328s\u0301ci-na-maszynach-CNC-768x178.png 768w, https:\/\/koma.zgora.pl\/en\/wp-content\/uploads\/2022\/06\/obro\u0301bka-mechaniczna-cze\u0328s\u0301ci-na-maszynach-CNC-1536x356.png 1536w, https:\/\/koma.zgora.pl\/en\/wp-content\/uploads\/2022\/06\/obro\u0301bka-mechaniczna-cze\u0328s\u0301ci-na-maszynach-CNC-2048x474.png 2048w, https:\/\/koma.zgora.pl\/en\/wp-content\/uploads\/2022\/06\/obro\u0301bka-mechaniczna-cze\u0328s\u0301ci-na-maszynach-CNC-1080x250.png 1080w, https:\/\/koma.zgora.pl\/en\/wp-content\/uploads\/2022\/06\/obro\u0301bka-mechaniczna-cze\u0328s\u0301ci-na-maszynach-CNC-1280x296.png 1280w, https:\/\/koma.zgora.pl\/en\/wp-content\/uploads\/2022\/06\/obro\u0301bka-mechaniczna-cze\u0328s\u0301ci-na-maszynach-CNC-980x227.png 980w, https:\/\/koma.zgora.pl\/en\/wp-content\/uploads\/2022\/06\/obro\u0301bka-mechaniczna-cze\u0328s\u0301ci-na-maszynach-CNC-480x111.png 480w, https:\/\/koma.zgora.pl\/en\/wp-content\/uploads\/2022\/06\/obro\u0301bka-mechaniczna-cze\u0328s\u0301ci-na-maszynach-CNC-24x6.png 24w, https:\/\/koma.zgora.pl\/en\/wp-content\/uploads\/2022\/06\/obro\u0301bka-mechaniczna-cze\u0328s\u0301ci-na-maszynach-CNC-36x8.png 36w, https:\/\/koma.zgora.pl\/en\/wp-content\/uploads\/2022\/06\/obro\u0301bka-mechaniczna-cze\u0328s\u0301ci-na-maszynach-CNC-48x11.png 48w\" sizes=\"(max-width: 2212px) 100vw, 2212px\" class=\"wp-image-2037\" title=\"obro\u0301bka mechaniczna cze\u0328s\u0301ci na maszynach CNC\" alt=\"obro\u0301bka mechaniczna cze\u0328s\u0301ci na maszynach CNC\" \/><\/span><\/div><\/div><\/div><\/div><div class=\"et_pb_section_2 et_pb_section et_section_regular et_block_section\"><div class=\"et_pb_row_3 et_pb_row et_block_row\"><div class=\"et_pb_column_4 et_pb_column et_pb_column_1_2 et_block_column et_pb_css_mix_blend_mode_passthrough\"><div class=\"et_pb_testimonial_0 et_pb_testimonial et_pb_icon_off et_pb_bg_layout_light et_animated et_pb_module et_block_module\"><div class=\"et_pb_testimonial_inner\"><div class=\"et_pb_testimonial_portrait\" style=\"background-image:url(https:\/\/koma.zgora.pl\/en\/wp-content\/uploads\/2022\/03\/ola_kontakt_www_01.jpeg)\"><\/div><div class=\"et_pb_testimonial_description\"><div class=\"et_pb_testimonial_description_inner\"><div class=\"et_pb_testimonial_content\"><p>Mail: <a class=\"\" href=\"mailto:export@koma.zgora.pl\">export@koma.zgora.pl<\/a><br \/>Tel: +48 683273307 ex. 6<\/p>\n<p><img loading=\"lazy\" decoding=\"async\" class=\"wp-image-411 alignleft\" src=\"https:\/\/koma.zgora.pl\/en\/wp-content\/uploads\/2022\/03\/pl.png\" alt=\"\" width=\"18\" height=\"12\" \/><img loading=\"lazy\" decoding=\"async\" class=\"wp-image-417 size-full alignleft\" src=\"https:\/\/koma.zgora.pl\/en\/wp-content\/uploads\/2022\/03\/eng.png\" alt=\"\" width=\"18\" height=\"12\" \/><\/p>\n<\/div><\/div><div class=\"et_pb_testimonial_author\">Aleksandra Knott<\/div><div class=\"et_pb_testimonial_meta\"><span class=\"et_pb_testimonial_position\">Sales Department<\/span><\/div><\/div><\/div><\/div><div class=\"et_pb_testimonial_1 et_pb_testimonial et_pb_icon_off et_pb_bg_layout_light et_animated et_pb_module et_block_module\"><div class=\"et_pb_testimonial_inner\"><div class=\"et_pb_testimonial_portrait\" style=\"background-image:url(https:\/\/koma.zgora.pl\/en\/wp-content\/uploads\/2022\/03\/mkonwinksa.jpeg)\"><\/div><div class=\"et_pb_testimonial_description\"><div class=\"et_pb_testimonial_description_inner\"><div class=\"et_pb_testimonial_content\"><p><a class=\"\" href=\"mailto:koma@koma.zgora.pl\">Mail: koma<\/a><a class=\"\" href=\"mailto:koma@koma.zgora.pl\">@koma.zgora.pl<\/a><br \/>Tel: 789 346 889 \/ +48 683273307 ex. 2<\/p>\n<p><img loading=\"lazy\" decoding=\"async\" class=\"wp-image-411 size-full alignleft\" src=\"https:\/\/koma.zgora.pl\/en\/wp-content\/uploads\/2022\/03\/pl.png\" alt=\"\" width=\"18\" height=\"12\" \/><img loading=\"lazy\" decoding=\"async\" class=\"wp-image-410 size-full alignleft\" src=\"https:\/\/koma.zgora.pl\/en\/wp-content\/uploads\/2022\/03\/rus.png\" alt=\"\" width=\"18\" height=\"12\" \/><\/p>\n<\/div><\/div><div class=\"et_pb_testimonial_author\">Malwina Konwi\u0144ska<\/div><div class=\"et_pb_testimonial_meta\"><span class=\"et_pb_testimonial_company\">Sales Department<\/span><\/div><\/div><\/div><\/div><\/div><div class=\"et_pb_column_5 et_pb_column et_pb_column_1_2 et-last-child et_block_column et_pb_css_mix_blend_mode_passthrough\"><div class=\"et_pb_testimonial_2 et_pb_testimonial et_pb_icon_off et_pb_bg_layout_light et_animated et_pb_module et_block_module\"><div class=\"et_pb_testimonial_inner\"><div class=\"et_pb_testimonial_portrait\" style=\"background-image:url(https:\/\/koma.zgora.pl\/en\/wp-content\/uploads\/2022\/03\/marcin_c_kontakt_www_01-224x300-1.jpeg)\"><\/div><div class=\"et_pb_testimonial_description\"><div class=\"et_pb_testimonial_description_inner\"><div class=\"et_pb_testimonial_content\"><p><a href=\"mailto:sklep@koma.zgora.pl\">Mail:<\/a> <a class=\"\" href=\"mailto:sklep@koma.zgora.pl\">sklep@koma.zgora.pl<\/a><br \/>Tel: 510 817 177\u00a0 \/\u00a0 +48 683273307 ex. 1<\/p>\n<p><img loading=\"lazy\" decoding=\"async\" class=\"wp-image-417 size-full alignleft\" src=\"https:\/\/koma.zgora.pl\/en\/wp-content\/uploads\/2022\/03\/eng.png\" alt=\"\" width=\"18\" height=\"12\" \/><img loading=\"lazy\" decoding=\"async\" class=\"wp-image-411 size-full alignleft\" src=\"https:\/\/koma.zgora.pl\/en\/wp-content\/uploads\/2022\/03\/pl.png\" alt=\"\" width=\"18\" height=\"12\" \/><\/p>\n<\/div><\/div><div class=\"et_pb_testimonial_author\">Marcin Czajczy\u0144ski<\/div><div class=\"et_pb_testimonial_meta\"><span class=\"et_pb_testimonial_position\">Sales Department<\/span><\/div><\/div><\/div><\/div><div class=\"et_pb_testimonial_3 et_pb_testimonial et_pb_icon_off et_pb_bg_layout_light et_animated et_pb_module et_block_module\"><div class=\"et_pb_testimonial_inner\"><div class=\"et_pb_testimonial_portrait\" style=\"background-image:url(https:\/\/koma.zgora.pl\/en\/wp-content\/uploads\/2022\/03\/kontakt_sebrynkiewicz_011.jpeg)\"><\/div><div class=\"et_pb_testimonial_description\"><div class=\"et_pb_testimonial_description_inner\"><div class=\"et_pb_testimonial_content\"><p><a href=\"mailto:serwis@koma.zgora.pl\">\u00a0Mail: serwis@koma.zgora.pl<\/a><\/p>\n<p>Tel: +48 697722404 \u00a0\/ \u00a0+48 683273307 ex. 3<\/p>\n<\/div><\/div><div class=\"et_pb_testimonial_author\">Sebastian Rynkiewicz<\/div><div class=\"et_pb_testimonial_meta\"><span class=\"et_pb_testimonial_position\">Technical Department<\/span><\/div><\/div><\/div><\/div><\/div><\/div><\/div><div class=\"et_pb_section_3 et_pb_section et_section_regular et_block_section\"><div class=\"et_pb_row_4 et_pb_row et-vb-row--no-module et_block_row\"><div class=\"et_pb_column_6 et_pb_column et_pb_column_4_4 et-last-child et_block_column et_pb_column_empty et_pb_css_mix_blend_mode_passthrough\"><\/div><\/div><\/div><div class=\"et_pb_section_4 et_pb_section et_section_regular et_block_section et_animated\"><div class=\"et_pb_row_5 et_pb_row et_block_row et_animated\"><div class=\"et_pb_column_7 et_pb_column et_pb_column_4_4 et-last-child et_block_column et_pb_css_mix_blend_mode_passthrough\"><div class=\"et_pb_image_4 et_pb_image et_pb_module et_block_module\"><span class=\"et_pb_image_wrap\"><img loading=\"lazy\" decoding=\"async\" src=\"https:\/\/koma.zgora.pl\/en\/wp-content\/uploads\/2022\/03\/koma_logo_white.png\" width=\"220\" height=\"91\" srcset=\"https:\/\/koma.zgora.pl\/en\/wp-content\/uploads\/2022\/03\/koma_logo_white.png 220w\" sizes=\"(max-width: 220px) 100vw, 220px\" class=\"wp-image-932\" title=\"koma_logo_white\" alt=\"logo koma bia\u0142e\" \/><\/span><\/div><div class=\"et_pb_text_2 et_pb_text et_pb_bg_layout_light et_animated et_pb_module et_block_module et_pb_text_align_center\"><div class=\"et_pb_text_inner\"><h2>PPUH KOMA SP. Z O.O.<\/h2>\n<h3><span style=\"color: #fff;\">ROOFING TORCHES &amp; ACCESSORIES<\/span><\/h3>\n<h3>ANIMAL STUNNING DEVICES<\/h3>\n<h3>PRODUCER<\/h3>\n<\/div><\/div><div class=\"et_pb_text_3 et_pb_text et_pb_bg_layout_light et_animated et_pb_module et_block_module et_pb_text_align_center\"><div class=\"et_pb_text_inner\"><div class=\"katalog\" style=\"text-align: center;\">Address: ul. Ksiezycowa 38, 66-008 SLONE, POLAND<\/div>\n<div>\u00a0<\/div>\n<div class=\"katalog\" style=\"text-align: center;\"><i class=\"fas fa-phone-square-alt\"><\/i>tel:\u00a0 +48 683 273 307<\/div>\n<div class=\"katalog\" style=\"text-align: center;\"><i class=\"fas fa-envelope-open-text\"><\/i>\u00a0koma@koma.zgora.pl<\/div>\n<\/div><\/div><\/div><\/div><\/div><div class=\"et_pb_section_5 et_pb_section et_section_regular et_block_section\"><div class=\"et_pb_row_6 et_pb_row et_block_row\"><div class=\"et_pb_column_8 et_pb_column et_pb_column_4_4 et-last-child et_block_column et_pb_css_mix_blend_mode_passthrough\"><div class=\"et_pb_image_5 et_pb_image et_pb_module et_block_module\"><span class=\"et_pb_image_wrap\"><img loading=\"lazy\" decoding=\"async\" src=\"https:\/\/koma.zgora.pl\/en\/wp-content\/uploads\/2022\/03\/ue-baner.jpeg\" width=\"600\" height=\"73\" srcset=\"https:\/\/koma.zgora.pl\/en\/wp-content\/uploads\/2022\/03\/ue-baner.jpeg 600w, https:\/\/koma.zgora.pl\/en\/wp-content\/uploads\/2022\/03\/ue-baner-480x58.jpeg 480w\" sizes=\"(min-width: 0px) and (max-width: 480px) 480px, (min-width: 481px) 600px, 100vw\" class=\"wp-image-476\" title=\"ue-baner\" alt=\"ue baner\" \/><\/span><\/div><\/div><\/div><\/div>\n","protected":false},"excerpt":{"rendered":"","protected":false},"author":1,"featured_media":0,"parent":0,"menu_order":0,"comment_status":"closed","ping_status":"closed","template":"","meta":{"footnotes":""},"class_list":["post-2031","page","type-page","status-publish","hentry"],"yoast_head":"<!-- This site is optimized with the Yoast SEO plugin v27.4 - https:\/\/yoast.com\/product\/yoast-seo-wordpress\/ -->\n<title>CNC Machining Services - Koma<\/title>\n<meta name=\"description\" content=\"Oferujemy obr\u00f3bk\u0119 mechaniczn\u0105 cz\u0119\u015bci wykonywan\u0105 na maszynach CNC. Serie \u015brednie lub du\u017ce. W naszym zak\u0142adzie w S\u0142onych ko\u0142o Zielonej G\u00f3ry.\" \/>\n<meta name=\"robots\" content=\"index, follow, max-snippet:-1, max-image-preview:large, max-video-preview:-1\" \/>\n<link rel=\"canonical\" href=\"https:\/\/koma.zgora.pl\/en\/obrobka-mechaniczna-cnc\/\" \/>\n<meta property=\"og:locale\" content=\"en_US\" \/>\n<meta property=\"og:type\" content=\"article\" \/>\n<meta property=\"og:title\" content=\"CNC Machining Services - Koma\" \/>\n<meta property=\"og:description\" content=\"Oferujemy obr\u00f3bk\u0119 mechaniczn\u0105 cz\u0119\u015bci wykonywan\u0105 na maszynach CNC. Serie \u015brednie lub du\u017ce. W naszym zak\u0142adzie w S\u0142onych ko\u0142o Zielonej G\u00f3ry.\" \/>\n<meta property=\"og:url\" content=\"https:\/\/koma.zgora.pl\/en\/obrobka-mechaniczna-cnc\/\" \/>\n<meta property=\"og:site_name\" content=\"Roofing Torches Producer\" \/>\n<meta property=\"article:modified_time\" content=\"2026-04-21T07:02:27+00:00\" \/>\n<meta name=\"twitter:card\" content=\"summary_large_image\" \/>\n<script type=\"application\/ld+json\" class=\"yoast-schema-graph\">{\"@context\":\"https:\\\/\\\/schema.org\",\"@graph\":[{\"@type\":\"WebPage\",\"@id\":\"https:\\\/\\\/koma.zgora.pl\\\/en\\\/obrobka-mechaniczna-cnc\\\/\",\"url\":\"https:\\\/\\\/koma.zgora.pl\\\/en\\\/obrobka-mechaniczna-cnc\\\/\",\"name\":\"CNC Machining Services - Koma\",\"isPartOf\":{\"@id\":\"https:\\\/\\\/koma.zgora.pl\\\/en\\\/#website\"},\"datePublished\":\"2022-06-21T12:42:50+00:00\",\"dateModified\":\"2026-04-21T07:02:27+00:00\",\"description\":\"Oferujemy obr\u00f3bk\u0119 mechaniczn\u0105 cz\u0119\u015bci wykonywan\u0105 na maszynach CNC. Serie \u015brednie lub du\u017ce. W naszym zak\u0142adzie w S\u0142onych ko\u0142o Zielonej G\u00f3ry.\",\"breadcrumb\":{\"@id\":\"https:\\\/\\\/koma.zgora.pl\\\/en\\\/obrobka-mechaniczna-cnc\\\/#breadcrumb\"},\"inLanguage\":\"en-US\",\"potentialAction\":[{\"@type\":\"ReadAction\",\"target\":[\"https:\\\/\\\/koma.zgora.pl\\\/en\\\/obrobka-mechaniczna-cnc\\\/\"]}]},{\"@type\":\"BreadcrumbList\",\"@id\":\"https:\\\/\\\/koma.zgora.pl\\\/en\\\/obrobka-mechaniczna-cnc\\\/#breadcrumb\",\"itemListElement\":[{\"@type\":\"ListItem\",\"position\":1,\"name\":\"Home\",\"item\":\"https:\\\/\\\/koma.zgora.pl\\\/en\\\/\"},{\"@type\":\"ListItem\",\"position\":2,\"name\":\"CNC Machining Services\"}]},{\"@type\":\"WebSite\",\"@id\":\"https:\\\/\\\/koma.zgora.pl\\\/en\\\/#website\",\"url\":\"https:\\\/\\\/koma.zgora.pl\\\/en\\\/\",\"name\":\"Roofing Torches Producer\",\"description\":\"KOMA\",\"potentialAction\":[{\"@type\":\"SearchAction\",\"target\":{\"@type\":\"EntryPoint\",\"urlTemplate\":\"https:\\\/\\\/koma.zgora.pl\\\/en\\\/?s={search_term_string}\"},\"query-input\":{\"@type\":\"PropertyValueSpecification\",\"valueRequired\":true,\"valueName\":\"search_term_string\"}}],\"inLanguage\":\"en-US\"}]}<\/script>\n<!-- \/ Yoast SEO plugin. -->","yoast_head_json":{"title":"CNC Machining Services - Koma","description":"Oferujemy obr\u00f3bk\u0119 mechaniczn\u0105 cz\u0119\u015bci wykonywan\u0105 na maszynach CNC. Serie \u015brednie lub du\u017ce. W naszym zak\u0142adzie w S\u0142onych ko\u0142o Zielonej G\u00f3ry.","robots":{"index":"index","follow":"follow","max-snippet":"max-snippet:-1","max-image-preview":"max-image-preview:large","max-video-preview":"max-video-preview:-1"},"canonical":"https:\/\/koma.zgora.pl\/en\/obrobka-mechaniczna-cnc\/","og_locale":"en_US","og_type":"article","og_title":"CNC Machining Services - Koma","og_description":"Oferujemy obr\u00f3bk\u0119 mechaniczn\u0105 cz\u0119\u015bci wykonywan\u0105 na maszynach CNC. Serie \u015brednie lub du\u017ce. W naszym zak\u0142adzie w S\u0142onych ko\u0142o Zielonej G\u00f3ry.","og_url":"https:\/\/koma.zgora.pl\/en\/obrobka-mechaniczna-cnc\/","og_site_name":"Roofing Torches Producer","article_modified_time":"2026-04-21T07:02:27+00:00","twitter_card":"summary_large_image","schema":{"@context":"https:\/\/schema.org","@graph":[{"@type":"WebPage","@id":"https:\/\/koma.zgora.pl\/en\/obrobka-mechaniczna-cnc\/","url":"https:\/\/koma.zgora.pl\/en\/obrobka-mechaniczna-cnc\/","name":"CNC Machining Services - Koma","isPartOf":{"@id":"https:\/\/koma.zgora.pl\/en\/#website"},"datePublished":"2022-06-21T12:42:50+00:00","dateModified":"2026-04-21T07:02:27+00:00","description":"Oferujemy obr\u00f3bk\u0119 mechaniczn\u0105 cz\u0119\u015bci wykonywan\u0105 na maszynach CNC. Serie \u015brednie lub du\u017ce. W naszym zak\u0142adzie w S\u0142onych ko\u0142o Zielonej G\u00f3ry.","breadcrumb":{"@id":"https:\/\/koma.zgora.pl\/en\/obrobka-mechaniczna-cnc\/#breadcrumb"},"inLanguage":"en-US","potentialAction":[{"@type":"ReadAction","target":["https:\/\/koma.zgora.pl\/en\/obrobka-mechaniczna-cnc\/"]}]},{"@type":"BreadcrumbList","@id":"https:\/\/koma.zgora.pl\/en\/obrobka-mechaniczna-cnc\/#breadcrumb","itemListElement":[{"@type":"ListItem","position":1,"name":"Home","item":"https:\/\/koma.zgora.pl\/en\/"},{"@type":"ListItem","position":2,"name":"CNC Machining Services"}]},{"@type":"WebSite","@id":"https:\/\/koma.zgora.pl\/en\/#website","url":"https:\/\/koma.zgora.pl\/en\/","name":"Roofing Torches Producer","description":"KOMA","potentialAction":[{"@type":"SearchAction","target":{"@type":"EntryPoint","urlTemplate":"https:\/\/koma.zgora.pl\/en\/?s={search_term_string}"},"query-input":{"@type":"PropertyValueSpecification","valueRequired":true,"valueName":"search_term_string"}}],"inLanguage":"en-US"}]}},"_links":{"self":[{"href":"https:\/\/koma.zgora.pl\/en\/wp-json\/wp\/v2\/pages\/2031","targetHints":{"allow":["GET"]}}],"collection":[{"href":"https:\/\/koma.zgora.pl\/en\/wp-json\/wp\/v2\/pages"}],"about":[{"href":"https:\/\/koma.zgora.pl\/en\/wp-json\/wp\/v2\/types\/page"}],"author":[{"embeddable":true,"href":"https:\/\/koma.zgora.pl\/en\/wp-json\/wp\/v2\/users\/1"}],"replies":[{"embeddable":true,"href":"https:\/\/koma.zgora.pl\/en\/wp-json\/wp\/v2\/comments?post=2031"}],"version-history":[{"count":9,"href":"https:\/\/koma.zgora.pl\/en\/wp-json\/wp\/v2\/pages\/2031\/revisions"}],"predecessor-version":[{"id":2828,"href":"https:\/\/koma.zgora.pl\/en\/wp-json\/wp\/v2\/pages\/2031\/revisions\/2828"}],"wp:attachment":[{"href":"https:\/\/koma.zgora.pl\/en\/wp-json\/wp\/v2\/media?parent=2031"}],"curies":[{"name":"wp","href":"https:\/\/api.w.org\/{rel}","templated":true}]}}